{"id":241,"date":"2017-03-19T08:24:47","date_gmt":"2017-03-19T08:24:47","guid":{"rendered":"http:\/\/pradineslebas.com\/?page_id=241"},"modified":"2018-11-12T12:22:25","modified_gmt":"2018-11-12T12:22:25","slug":"mentions-legales","status":"publish","type":"page","link":"https:\/\/pradineslebas.com\/fr\/mentions-legales\/","title":{"rendered":"Mentions L\u00e9gales"},"content":{"rendered":"<p>Politique de Confidentialit\u00e9<\/p>\n<p>Le propri\u00e9taire de ce site web &#038; responsable publication ainsi que le Contr\u00f4leur de Donn\u00e9es est<\/p>\n<p>Francine BUESA<br \/>\nDomaine Pradines le Bas<br \/>\nRoute de Corneilhan<br \/>\n34500 B\u00e9ziers<br \/>\nT\u00e9l : 04 67 30 63 52<br \/>\nE-mail : <a href=\"mailto:moulin@pradineslebas.com\">moulin@pradineslebas.com<\/a><br \/>\nSARL number is\u00a0 RCS 803\u00a0384\u00a0080<br \/>\nNum\u00e9ro TVA Intracommunautaire\u00a0: FR42803384080<\/p>\n<p>Le prestataire d\u2019h\u00e9bergement du site :<\/p>\n<p>OVH, SAS<br \/>\n<a href=\"http:\/\/www.ovh.com\" target=\"_blank\" rel=\"noopener noreferrer\">http:\/\/www.ovh.com<\/a><\/p>\n<p>Cette politique vous informe sur la mani\u00e8re dont nous collectons et traitons vos donn\u00e9es \u00e0 caract\u00e8re personnel lorsque vous utilisez ce site web <a href=\"http:\/\/www.pradineslebas.com\">www.pradineslebas.com<\/a><\/p>\n<p>En nous fournissant vos donn\u00e9es, vous nous garantissez que vous avez 13 ans ou plus.<\/p>\n<p>Votre vie priv\u00e9e est tr\u00e8s importante pour nous et par cons\u00e9quent, nous ne traitons vos donn\u00e9es \u00e0 caract\u00e8re personnel qu\u2019afin de pouvoir r\u00e9pondre \u00e0 vos questions et fournir les services que vous demandez ou bien pour respecter des obligations l\u00e9gales. Vos donn\u00e9es \u00e0 caract\u00e8re personnel ne seront jamais partag\u00e9es avec de tierces parties pour des fins de marketing et nous ne vous enverrons pas de mat\u00e9riel publicitaire sans votre accord pr\u00e9alable.<br \/>\nNous avons mis en place de mesures de s\u00e9curit\u00e9 afin d\u2019emp\u00eacher que vos donn\u00e9es \u00e0 caract\u00e8re personnel puissent \u00eatre perdues, utilis\u00e9es, modifi\u00e9es, divulgu\u00e9es ou consult\u00e9es sans autorisation.<\/p>\n<p>Lorsque vous devenez un client, vous vous abonnez automatiquement \u00e0 notre liste de distribution et nous vous tiendrons inform\u00e9 des offres sp\u00e9ciales, informations nouvelles et \u00e9v\u00e8nements nouveaux qui pourraient vous int\u00e9resser, vous ou votre entreprise. Si vous ne souhaitez plus recevoir ces informations, vous pouvez vous d\u00e9sabonner de notre liste de diffusion \u00e0 tout moment via le lien qui se trouve dans le courriel.<\/p>\n<p>Si vous vous retirez de la liste de diffusion de communication marketing, cette action ne s\u2019applique pas \u00e0 des donn\u00e9es \u00e0 caract\u00e8re personnel n\u00e9cessaires pour traiter des communications ou des transactions qui sont dans notre int\u00e9r\u00eat l\u00e9gitime.<br \/>\nIl est tr\u00e8s important que les informations que nous avons vous concernant soient exactes et \u00e0 jour. Nous vous remercions de nous tenir inform\u00e9s de tout changement concernant vos donn\u00e9es \u00e0 caract\u00e8re personnel en nous \u00e9crivant \u00e0 l\u2019adresse mail contact@pradineslebas.com<\/p>\n<p>Nous contacter<br \/>\nSi vous utilisez notre formulaire de contact, vous nous donnerez donc volontairement vos donn\u00e9es \u00e0 caract\u00e8re personnel. Les informations que vous saisissez dans le formulaire de contact seront crypt\u00e9es, comme l\u2019indiquera l\u2019ic\u00f4ne \u00ab cadenas \u00bb dans la barre d\u2019adresse de votre navigateur, et nous seront envoy\u00e9es par courriel.<br \/>\nVotre adresse IP et toutes les donn\u00e9es contenues dans les messages que vous nous adressez seront stock\u00e9s dans des fichiers journaux sur les serveurs d\u2019h\u00e9bergement.<br \/>\nConservation de donn\u00e9es<br \/>\nNous ne conserverons que vos donn\u00e9es \u00e0 caract\u00e8re personnel qu\u2019aussi longtemps que n\u00e9cessaire pour les fins pour lesquelles nous les avons collect\u00e9es, y compris pour satisfaire toute obligation l\u00e9gale, de comptabilit\u00e9 et d\u2019exigences de d\u00e9clarations.<br \/>\nDivulgation de vos donn\u00e9es \u00e0 caract\u00e8re personnel<br \/>\nNous serons peut-\u00eatre dans l\u2019obligation de partager vos donn\u00e9es \u00e0 caract\u00e8re personnel avec les parties tierces \u00e9num\u00e9r\u00e9s ci-dessous :<br \/>\nLes prestataires de services informatiques et d\u2019administration de syst\u00e8me<br \/>\nDes conseillers professionnels tels que des avocats, banquiers, assureurs, auditeurs et assureurs<br \/>\nDes organismes gouvernementaux qui nous obligent \u00e0 fournir des rapports sur nos activit\u00e9s de traitement.<br \/>\nNous exigeons que toutes les tierces parties \u00e0 qui nous transf\u00e9rons vos donn\u00e9es respectent la confidentialit\u00e9 de vos donn\u00e9es \u00e0 caract\u00e8re personnel et les traitent conform\u00e9ment \u00e0 la loi. Nous n\u2019autorisons ces parties tierces \u00e0 traiter vos donn\u00e9es \u00e0 caract\u00e8re personnel que pour des fins sp\u00e9cifiques et en respectant les instructions que nous leurs donnons.<br \/>\nLes pays en dehors de l\u2019Espace \u00e9conomique europ\u00e9en (EEE) n\u2019offrent pas toujours les m\u00eames niveaux de protection \u00e0 vos donn\u00e9es \u00e0 caract\u00e8re personnel. La loi europ\u00e9enne interdit donc les transferts de donn\u00e9es en dehors de l\u2019EEE sauf si le transfert r\u00e9pond \u00e0 certains crit\u00e8res.<br \/>\nBeaucoup de nos prestataires tiers de services se situent en dehors de l\u2019Espace \u00e9conomique europ\u00e9en (EEE), par cons\u00e9quent, leur traitement de vos donn\u00e9es \u00e0 caract\u00e8re personnel impliquera un transfert de donn\u00e9es en dehors de l\u2019EEE, \u00e0 moins que le transfert ne r\u00e9ponde \u00e0 certains crit\u00e8res.<br \/>\nQuand nous transf\u00e9rons vos donn\u00e9es \u00e0 caract\u00e8re personnel en dehors de l\u2019EEE, nous faisons de notre mieux pour assurer qu\u2019un m\u00eame niveau de confidentialit\u00e9 \u00e0 l\u2019\u00e9gard des donn\u00e9es soit appliqu\u00e9 en assurant qu\u2019au moins une des mesures de protection suivantes soit garanties :<br \/>\nNous ne transf\u00e9rons vos donn\u00e9es \u00e0 caract\u00e8re personnel qu\u2019\u00e0 des pays que la Commission Europ\u00e9enne a approuv\u00e9 comme fournissant un niveau de confidentialit\u00e9 suffisant pour les donn\u00e9es \u00e0 caract\u00e8re personnel ; ou<br \/>\nQuand nous faisons appel \u00e0 certains prestataires de services, nous pouvons \u00eatre amen\u00e9s \u00e0 utiliser des contrats ou codes de conduites sp\u00e9cifiques, ou certains m\u00e9canismes approuv\u00e9s par la Commission Europ\u00e9enne qui donnent aux donn\u00e9es \u00e0 caract\u00e8re personnel la m\u00eame protection qu\u2019en Europe ; ou<br \/>\nSi nous faisons appel \u00e0 des prestataires provenant des \u00c9tats-Unis qui font partie du Bouclier de protection de donn\u00e9es UE-\u00c9tats-Unis, nous pouvons leur transf\u00e9rer des donn\u00e9es car ils utilisent des mesures de protection \u00e9quivalentes.<br \/>\nSi aucune des mesures de protection ci-dessus n\u2019est disponible, nous pouvons \u00eatre amen\u00e9s \u00e0 vous demander votre consentement explicite pour le transfert en question. Vous aurez le droit de retirer votre consentement \u00e0 tout moment.<\/p>\n<p>Vos droits<br \/>\nLe R\u00e8glement G\u00e9n\u00e9ral sur la Protection de Donn\u00e9es (RGPD) vous donne le droit de nous demander de confirmer, fournir, rectifier ou supprimer toute information que nous d\u00e9tenons sur vous. Si vous d\u00e9cidez d\u2019exercer un ou plusieurs de ces droits, veuillez nous contacter. Il peut s\u2019av\u00e9rer n\u00e9cessaire pour nous de vous demander certaines informations afin de confirmer votre identit\u00e9 et de v\u00e9rifier votre droit d\u2019acc\u00e9der \u00e0 vos donn\u00e9es \u00e0 caract\u00e8re personnel (ou d\u2019exercer un ou plusieurs de vos autres droits). Ceci est une mesure de s\u00e9curit\u00e9 afin d\u2019assurer que les donn\u00e9es \u00e0 caract\u00e8re personnel ne soient pas divulgu\u00e9es \u00e0 des personnes qui ne d\u00e9tiennent pas le droit de les recevoir. Nous pouvons aussi vous contacter pour vous demander plus d\u2019informations concernant votre demande afin d\u2019acc\u00e9l\u00e9rer notre r\u00e9ponse.<\/p>\n<p>Sites Web de tierces parties<br \/>\nCe site peut contenir des liens vers des sites Web de tierces parties, modules d\u2019extensions et applications. Cliquer sur ces liens ou activer ces connections peut autoriser de tierces parties \u00e0 collecter ou partager des donn\u00e9es qui vous concernent. Nous ne contr\u00f4lons pas ces sites Web de tierces parties et nous ne sommes pas responsables pour leurs d\u00e9clarations de confidentialit\u00e9. Quand vous quittez notre site Web, nous vous encourageons \u00e0 lire les politiques de confidentialit\u00e9 de chaque site Web que vous visitez.<\/p>\n<p>Cookies<br \/>\nCe site Web utilise des cookies pour surveiller le trafic et permettre le partage sur les r\u00e9seaux sociaux. La plupart des sites Web utilisent des cookies pour am\u00e9liorer la fonctionnalit\u00e9 et la facilit\u00e9 d\u2019utilisation. Les cookies sont de tout petits fichiers de donn\u00e9es qui sont utilis\u00e9s pour stocker des informations dans votre navigateur. Si vous d\u00e9sactivez ou refusez d\u2019accepter les cookies, soyez inform\u00e9 que certaines parties de ce site Web peuvent devenir inaccessibles ou ne pas fonctionner correctement.<\/p>\n<p>Google Analytics<br \/>\nNous utilisons Google Analytics pour obtenir des informations concernant la mani\u00e8re dont le site Web est utilis\u00e9. Votre adresse IP est sauvegard\u00e9e dans ce cookie mais les donn\u00e9es collect\u00e9es sont anonymes et ne peuvent pas \u00eatre utilis\u00e9s pour identifier des utilisateurs individuels.<\/p>\n<p>Script de Cookie<br \/>\nQuand vous cliquez sur \u00ab J\u2019accepte \u00bb sur notre banni\u00e8re de consentement aux cookies, un cookie est activ\u00e9 pour qu\u2019il ne vous soit pas de nouveau demand\u00e9 de confirmer votre acceptation lorsque vous reviendrez sur le site Web avant 1 mois.<br \/>\nSi vous avez des doutes \u00e0 propos des cookies, vous pouvez les contr\u00f4ler ou les supprimer \u00e0 tout moment depuis votre navigateur Web. La fonction Aide dans votre navigateur vous expliquera comment faire.<\/p>\n<p>Cr\u00e9ateur &amp; Webmaster : Annette Morris<br \/>\n36 Avenue du Chateau 34310 QUARANTE<br \/>\nE-mail : <a href=\"mailto:annette@lafranglaiseweb.com\">annette@lafranglaiseweb.com<\/a><br \/>\nT\u00e9l : 09 66 03 03 03<br \/>\nSIRET : 52970382900026<\/p>\n","protected":false},"excerpt":{"rendered":"<p>Politique de Confidentialit\u00e9 Le propri\u00e9taire de ce site web &#038; responsable publication ainsi que le Contr\u00f4leur de Donn\u00e9es est Francine BUESA Domaine Pradines le Bas Route de Corneilhan 34500 B\u00e9ziers T\u00e9l : 04 67 30 63 52 E-mail : moulin@pradineslebas.com SARL number is\u00a0 RCS 803\u00a0384\u00a0080 Num\u00e9ro TVA Intracommunautaire\u00a0: FR42803384080 Le prestataire d\u2019h\u00e9bergement du site : [&hellip;]<\/p>\n","protected":false},"author":1,"featured_media":0,"parent":0,"menu_order":0,"comment_status":"closed","ping_status":"closed","template":"template-modified-fullwidth.php","meta":{"footnotes":""},"class_list":["post-241","page","type-page","status-publish","hentry"],"yoast_head":"<!-- This site is optimized with the Yoast SEO plugin v26.4 - https:\/\/yoast.com\/wordpress\/plugins\/seo\/ -->\n<title>Mentions L\u00e9gales ~ Pradines Le Bas<\/title>\n<meta name=\"description\" content=\"Huile d&#039;olive, olives, tapenades, l&#039;huiles pour le corps, savons.....Visite du moulin \u00e0 huile, d\u00e9gustation et vente directe.\" \/>\n<meta name=\"robots\" content=\"index, follow, max-snippet:-1, max-image-preview:large, max-video-preview:-1\" \/>\n<link rel=\"canonical\" href=\"https:\/\/pradineslebas.com\/fr\/mentions-legales\/\" \/>\n<meta property=\"og:locale\" content=\"fr_FR\" \/>\n<meta property=\"og:type\" content=\"article\" \/>\n<meta property=\"og:title\" content=\"Mentions L\u00e9gales ~ Pradines Le Bas\" \/>\n<meta property=\"og:description\" content=\"Huile d&#039;olive, olives, tapenades, l&#039;huiles pour le corps, savons.....Visite du moulin \u00e0 huile, d\u00e9gustation et vente directe.\" \/>\n<meta property=\"og:url\" content=\"https:\/\/pradineslebas.com\/fr\/mentions-legales\/\" \/>\n<meta property=\"og:site_name\" content=\"Pradines Le Bas\" \/>\n<meta property=\"article:publisher\" content=\"https:\/\/www.facebook.com\/pradineslebas\/\" \/>\n<meta property=\"article:modified_time\" content=\"2018-11-12T12:22:25+00:00\" \/>\n<meta property=\"og:image\" content=\"https:\/\/pradineslebas.com\/wp-content\/uploads\/revslider\/home\/HOME_01.jpg\" \/>\n\t<meta property=\"og:image:width\" content=\"1199\" \/>\n\t<meta property=\"og:image:height\" content=\"800\" \/>\n\t<meta property=\"og:image:type\" content=\"image\/jpeg\" \/>\n<meta name=\"twitter:card\" content=\"summary_large_image\" \/>\n<meta name=\"twitter:label1\" content=\"Dur\u00e9e de lecture estim\u00e9e\" \/>\n\t<meta name=\"twitter:data1\" content=\"7 minutes\" \/>\n<script type=\"application\/ld+json\" class=\"yoast-schema-graph\">{\"@context\":\"https:\/\/schema.org\",\"@graph\":[{\"@type\":\"WebPage\",\"@id\":\"https:\/\/pradineslebas.com\/fr\/mentions-legales\/\",\"url\":\"https:\/\/pradineslebas.com\/fr\/mentions-legales\/\",\"name\":\"Mentions L\u00e9gales ~ Pradines Le Bas\",\"isPartOf\":{\"@id\":\"https:\/\/pradineslebas.com\/#website\"},\"datePublished\":\"2017-03-19T08:24:47+00:00\",\"dateModified\":\"2018-11-12T12:22:25+00:00\",\"description\":\"Huile d'olive, olives, tapenades, l'huiles pour le corps, savons.....Visite du moulin \u00e0 huile, d\u00e9gustation et vente directe.\",\"breadcrumb\":{\"@id\":\"https:\/\/pradineslebas.com\/fr\/mentions-legales\/#breadcrumb\"},\"inLanguage\":\"fr-FR\",\"potentialAction\":[{\"@type\":\"ReadAction\",\"target\":[\"https:\/\/pradineslebas.com\/fr\/mentions-legales\/\"]}]},{\"@type\":\"BreadcrumbList\",\"@id\":\"https:\/\/pradineslebas.com\/fr\/mentions-legales\/#breadcrumb\",\"itemListElement\":[{\"@type\":\"ListItem\",\"position\":1,\"name\":\"Home\",\"item\":\"https:\/\/pradineslebas.com\/fr\/\"},{\"@type\":\"ListItem\",\"position\":2,\"name\":\"Mentions L\u00e9gales\"}]},{\"@type\":\"WebSite\",\"@id\":\"https:\/\/pradineslebas.com\/#website\",\"url\":\"https:\/\/pradineslebas.com\/\",\"name\":\"Pradines Le Bas\",\"description\":\"Domaine de Pradines le Bas\",\"publisher\":{\"@id\":\"https:\/\/pradineslebas.com\/#organization\"},\"potentialAction\":[{\"@type\":\"SearchAction\",\"target\":{\"@type\":\"EntryPoint\",\"urlTemplate\":\"https:\/\/pradineslebas.com\/?s={search_term_string}\"},\"query-input\":{\"@type\":\"PropertyValueSpecification\",\"valueRequired\":true,\"valueName\":\"search_term_string\"}}],\"inLanguage\":\"fr-FR\"},{\"@type\":\"Organization\",\"@id\":\"https:\/\/pradineslebas.com\/#organization\",\"name\":\"Pradines le Bas\",\"url\":\"https:\/\/pradineslebas.com\/\",\"logo\":{\"@type\":\"ImageObject\",\"inLanguage\":\"fr-FR\",\"@id\":\"https:\/\/pradineslebas.com\/#\/schema\/logo\/image\/\",\"url\":\"https:\/\/pradineslebas.com\/wp-content\/uploads\/2017\/06\/favicon.jpg\",\"contentUrl\":\"https:\/\/pradineslebas.com\/wp-content\/uploads\/2017\/06\/favicon.jpg\",\"width\":536,\"height\":536,\"caption\":\"Pradines le Bas\"},\"image\":{\"@id\":\"https:\/\/pradineslebas.com\/#\/schema\/logo\/image\/\"},\"sameAs\":[\"https:\/\/www.facebook.com\/pradineslebas\/\",\"https:\/\/www.instagram.com\/domaine_pradineslebas\/\"]}]}<\/script>\n<!-- \/ Yoast SEO plugin. -->","yoast_head_json":{"title":"Mentions L\u00e9gales ~ Pradines Le Bas","description":"Huile d'olive, olives, tapenades, l'huiles pour le corps, savons.....Visite du moulin \u00e0 huile, d\u00e9gustation et vente directe.","robots":{"index":"index","follow":"follow","max-snippet":"max-snippet:-1","max-image-preview":"max-image-preview:large","max-video-preview":"max-video-preview:-1"},"canonical":"https:\/\/pradineslebas.com\/fr\/mentions-legales\/","og_locale":"fr_FR","og_type":"article","og_title":"Mentions L\u00e9gales ~ Pradines Le Bas","og_description":"Huile d'olive, olives, tapenades, l'huiles pour le corps, savons.....Visite du moulin \u00e0 huile, d\u00e9gustation et vente directe.","og_url":"https:\/\/pradineslebas.com\/fr\/mentions-legales\/","og_site_name":"Pradines Le Bas","article_publisher":"https:\/\/www.facebook.com\/pradineslebas\/","article_modified_time":"2018-11-12T12:22:25+00:00","og_image":[{"width":1199,"height":800,"url":"https:\/\/pradineslebas.com\/wp-content\/uploads\/revslider\/home\/HOME_01.jpg","type":"image\/jpeg"}],"twitter_card":"summary_large_image","twitter_misc":{"Dur\u00e9e de lecture estim\u00e9e":"7 minutes"},"schema":{"@context":"https:\/\/schema.org","@graph":[{"@type":"WebPage","@id":"https:\/\/pradineslebas.com\/fr\/mentions-legales\/","url":"https:\/\/pradineslebas.com\/fr\/mentions-legales\/","name":"Mentions L\u00e9gales ~ Pradines Le Bas","isPartOf":{"@id":"https:\/\/pradineslebas.com\/#website"},"datePublished":"2017-03-19T08:24:47+00:00","dateModified":"2018-11-12T12:22:25+00:00","description":"Huile d'olive, olives, tapenades, l'huiles pour le corps, savons.....Visite du moulin \u00e0 huile, d\u00e9gustation et vente directe.","breadcrumb":{"@id":"https:\/\/pradineslebas.com\/fr\/mentions-legales\/#breadcrumb"},"inLanguage":"fr-FR","potentialAction":[{"@type":"ReadAction","target":["https:\/\/pradineslebas.com\/fr\/mentions-legales\/"]}]},{"@type":"BreadcrumbList","@id":"https:\/\/pradineslebas.com\/fr\/mentions-legales\/#breadcrumb","itemListElement":[{"@type":"ListItem","position":1,"name":"Home","item":"https:\/\/pradineslebas.com\/fr\/"},{"@type":"ListItem","position":2,"name":"Mentions L\u00e9gales"}]},{"@type":"WebSite","@id":"https:\/\/pradineslebas.com\/#website","url":"https:\/\/pradineslebas.com\/","name":"Pradines Le Bas","description":"Domaine de Pradines le Bas","publisher":{"@id":"https:\/\/pradineslebas.com\/#organization"},"potentialAction":[{"@type":"SearchAction","target":{"@type":"EntryPoint","urlTemplate":"https:\/\/pradineslebas.com\/?s={search_term_string}"},"query-input":{"@type":"PropertyValueSpecification","valueRequired":true,"valueName":"search_term_string"}}],"inLanguage":"fr-FR"},{"@type":"Organization","@id":"https:\/\/pradineslebas.com\/#organization","name":"Pradines le Bas","url":"https:\/\/pradineslebas.com\/","logo":{"@type":"ImageObject","inLanguage":"fr-FR","@id":"https:\/\/pradineslebas.com\/#\/schema\/logo\/image\/","url":"https:\/\/pradineslebas.com\/wp-content\/uploads\/2017\/06\/favicon.jpg","contentUrl":"https:\/\/pradineslebas.com\/wp-content\/uploads\/2017\/06\/favicon.jpg","width":536,"height":536,"caption":"Pradines le Bas"},"image":{"@id":"https:\/\/pradineslebas.com\/#\/schema\/logo\/image\/"},"sameAs":["https:\/\/www.facebook.com\/pradineslebas\/","https:\/\/www.instagram.com\/domaine_pradineslebas\/"]}]}},"_links":{"self":[{"href":"https:\/\/pradineslebas.com\/fr\/wp-json\/wp\/v2\/pages\/241","targetHints":{"allow":["GET"]}}],"collection":[{"href":"https:\/\/pradineslebas.com\/fr\/wp-json\/wp\/v2\/pages"}],"about":[{"href":"https:\/\/pradineslebas.com\/fr\/wp-json\/wp\/v2\/types\/page"}],"author":[{"embeddable":true,"href":"https:\/\/pradineslebas.com\/fr\/wp-json\/wp\/v2\/users\/1"}],"replies":[{"embeddable":true,"href":"https:\/\/pradineslebas.com\/fr\/wp-json\/wp\/v2\/comments?post=241"}],"version-history":[{"count":4,"href":"https:\/\/pradineslebas.com\/fr\/wp-json\/wp\/v2\/pages\/241\/revisions"}],"predecessor-version":[{"id":457,"href":"https:\/\/pradineslebas.com\/fr\/wp-json\/wp\/v2\/pages\/241\/revisions\/457"}],"wp:attachment":[{"href":"https:\/\/pradineslebas.com\/fr\/wp-json\/wp\/v2\/media?parent=241"}],"curies":[{"name":"wp","href":"https:\/\/api.w.org\/{rel}","templated":true}]}}