{"id":62,"date":"2017-03-18T17:50:00","date_gmt":"2017-03-18T17:50:00","guid":{"rendered":"http:\/\/pradineslebas.com\/?page_id=62"},"modified":"2018-11-12T06:51:53","modified_gmt":"2018-11-12T06:51:53","slug":"philosophie","status":"publish","type":"page","link":"https:\/\/pradineslebas.com\/fr\/philosophie\/","title":{"rendered":"Philosophie"},"content":{"rendered":"<p><img loading=\"lazy\" decoding=\"async\" class=\"aligncenter wp-image-57\" title=\"Le domaine de Pradines de Bas, c\u2019est l\u2019histoire qu\u2019un arbre de vie et qu\u2019une femme du pays languedocien \u00e9crivent ensemble\" src=\"http:\/\/pradineslebas.com\/wp-content\/uploads\/2017\/03\/AVANT-TEXTE-PHILO-1200x213-1024x182.jpg\" alt=\"Le domaine de Pradines de Bas, c\u2019est l\u2019histoire qu\u2019un arbre de vie et qu\u2019une femme du pays languedocien \u00e9crivent ensemble\" width=\"1200\" height=\"213\" srcset=\"https:\/\/pradineslebas.com\/wp-content\/uploads\/2017\/03\/AVANT-TEXTE-PHILO-1200x213-1024x182.jpg 1024w, https:\/\/pradineslebas.com\/wp-content\/uploads\/2017\/03\/AVANT-TEXTE-PHILO-1200x213-800x142.jpg 800w, https:\/\/pradineslebas.com\/wp-content\/uploads\/2017\/03\/AVANT-TEXTE-PHILO-1200x213-300x53.jpg 300w, https:\/\/pradineslebas.com\/wp-content\/uploads\/2017\/03\/AVANT-TEXTE-PHILO-1200x213-768x136.jpg 768w, https:\/\/pradineslebas.com\/wp-content\/uploads\/2017\/03\/AVANT-TEXTE-PHILO-1200x213.jpg 1200w\" sizes=\"auto, (max-width: 1200px) 100vw, 1200px\" \/><\/p>\n<p style=\"text-align: left;\">Le domaine de Pradines de Bas, c&rsquo;est l&rsquo;histoire\u00a0qu\u2019un arbre de vie et qu\u2019une femme du pays languedocien \u00e9crivent ensemble.<\/p>\n<p>Parce qu\u2019au savoir-faire et au savoir \u00eatre s\u2019allie l\u2019audace de la passion, Francine travaille ses huiles comme le sculpteur p\u00e9trit sa glaise. D\u00e9sireuse d\u2019explorer les richesses du terroir, sans jamais en trahir les secrets, elle en d\u00e9ploie le prisme aromatique en\u00a0une v\u00e9ritable collection d\u2019huiles d\u2019olive, aux usages aussi larges que pr\u00e9cis.<\/p>\n<p>Le domaine propose ainsi une gamme de produits, aux accents rustiques et profonds, pour des associations culinaires\u00a0alliant traditions et innovations.\u00a0La douceur de\u00a0la Lucques, olive de table vanill\u00e9e des soirs d\u2019\u00e9t\u00e9s, s&rsquo;associe \u00e0 la\u00a0Picholine\u00a0pour un jus aux notes d\u2019amande et de beurre frais, qui s\u2019exalte \u00e0 la chaleur des plats m\u00e9diteran\u00e9ens.\u00a0Le Bouteillan\u00a0ravira, quant \u00e0 lui,\u00a0\u00a0nez et palais d\u2019un corps l\u00e9ger, frais et fruit\u00e9, et parfumera subtilement les chairs des poissons crus.\u00a0Onctueuse et longue en bouche, l\u2019Olivi\u00e8re\u00a0sublime les entremets d\u2019ar\u00f4mes complexes de tomate fra\u00eeche et de banane verte, avec une l\u00e9g\u00e8re ardence. Enfin\u00a0la cuv\u00e9e Margaux, dont le socle fruit\u00e9 s\u2019habille au gr\u00e9 des rendements et des ar\u00f4mes qu\u2019elle rassemble, est reine de toutes les tables: d&rsquo;une grande souplesse, elle s\u00e9duit les arts culinaires tous azimuts.<\/p>\n<p>C\u2019est \u00e0 la d\u00e9gustation de ces panac\u00e9es universelles que l\u2019ol\u00e9icultrice, en fid\u00e8le \u00e9mule de la\u00a0Pallas Ath\u00e9na\u00a0qu\u2019elle a pris pour embl\u00e8me, convie aujourd\u2019hui les amoureux d\u2019exp\u00e9riences gustatives, olfactives et fraternelles.<\/p>\n<h1 class=\"XL\"><img loading=\"lazy\" decoding=\"async\" class=\"aligncenter wp-image-53\" src=\"http:\/\/pradineslebas.com\/wp-content\/uploads\/2017\/03\/AVANT-TEXTE-MOULIN-1024x182.jpg\" alt=\"\" width=\"1200\" height=\"213\" srcset=\"https:\/\/pradineslebas.com\/wp-content\/uploads\/2017\/03\/AVANT-TEXTE-MOULIN-1024x182.jpg 1024w, https:\/\/pradineslebas.com\/wp-content\/uploads\/2017\/03\/AVANT-TEXTE-MOULIN-800x142.jpg 800w, https:\/\/pradineslebas.com\/wp-content\/uploads\/2017\/03\/AVANT-TEXTE-MOULIN-300x53.jpg 300w, https:\/\/pradineslebas.com\/wp-content\/uploads\/2017\/03\/AVANT-TEXTE-MOULIN-768x137.jpg 768w, https:\/\/pradineslebas.com\/wp-content\/uploads\/2017\/03\/AVANT-TEXTE-MOULIN.jpg 1512w\" sizes=\"auto, (max-width: 1200px) 100vw, 1200px\" \/><\/h1>\n<h1 class=\"XL\" style=\"text-align: center; padding: 0 20px 0 20px;\">PHILOSOPHIE DU MOULIN<\/h1>\n<p>Lorsque les olives du domaine de Pradines passent le seuil du moulin, \u00e0 la mi-octobre, c\u2019est toute la po\u00e9sie du terroir qui reprend vie.<\/p>\n<p>Si le moulin de Francine profite de chaque automne pour faire peau neuve, c\u2019est<br \/>\nparce l\u2019ensemble des op\u00e9rations qui transforment les olives croquantes en un jus onctueux s\u2019y d\u00e9roulent.<\/p>\n<p>Aux \u00e9tapes d\u2019effeuillage, lavage et \u00e9gouttage, jusqu\u2019au broyage des fruits en une p\u00e2te d\u2019olive, succ\u00e8dent les travaux de d\u00e9cantage, dont l\u2019action centrifuge d\u00e9compose la mati\u00e8re\u00a0: margines et grignons regagneront ainsi le sol en guise d\u2019engrais naturel, tandis que l\u2019huile viendra se lover au fond des cuves d\u2019inox, \u00e0 l\u2019abri du soleil et des \u00e9l\u00e9ments, avant d\u2019\u00eatre assembl\u00e9e par l\u2019ol\u00e9icultrice.<\/p>\n<p>Digne d\u2019un syst\u00e8me d\u2019horlogerie, l\u2019orchestration pr\u00e9cise qu\u2019exigent ces man\u0153uvres b\u00e9n\u00e9ficie d\u2019un \u00e9quipement d\u2019avant-garde. Le moulin abrite ainsi une v\u00e9ritable artillerie, qui conjugue la fiabilit\u00e9 technique des d\u00e9canteurs aux mat\u00e9riaux technologiquement \u00e9prouv\u00e9s des cuves, gardiennes attentives des jus.<\/p>\n<p>Parce qu\u2019\u00e0 la cadence effr\u00e9n\u00e9e de ces automates, \u00e9voquant l\u2019animation joyeuse d\u2019objets enchant\u00e9s, s\u2019ajoutent les ar\u00f4mes parfum\u00e9s des vapeurs d\u2019eau qui s\u2019en d\u00e9gagent, c\u2019est \u00e0 la contemplation d\u2019une v\u00e9ritable chor\u00e9graphie, qu\u2019invite la d\u00e9couverte du moulin de Pradines , dont les ronronnements rappelleront la dimension fantastique de l\u2019alambic d\u2019\u00c9mile Zola.<\/p>\n","protected":false},"excerpt":{"rendered":"<p>Le domaine de Pradines de Bas, c&rsquo;est l&rsquo;histoire\u00a0qu\u2019un arbre de vie et qu\u2019une femme du pays languedocien \u00e9crivent ensemble. Parce qu\u2019au savoir-faire et au savoir \u00eatre s\u2019allie l\u2019audace de la passion, Francine travaille ses huiles comme le sculpteur p\u00e9trit sa glaise. D\u00e9sireuse d\u2019explorer les richesses du terroir, sans jamais en trahir les secrets, elle en [&hellip;]<\/p>\n","protected":false},"author":1,"featured_media":0,"parent":0,"menu_order":0,"comment_status":"closed","ping_status":"closed","template":"template-modified-fullwidth.php","meta":{"footnotes":""},"class_list":["post-62","page","type-page","status-publish","hentry"],"yoast_head":"<!-- This site is optimized with the Yoast SEO plugin v26.4 - https:\/\/yoast.com\/wordpress\/plugins\/seo\/ -->\n<title>Philosophie ~ Pradines Le Bas<\/title>\n<meta name=\"description\" content=\"Le domaine de Pradines de Bas, c\u2019est l\u2019histoire qu\u2019un arbre de vie et qu\u2019une femme du pays languedocien \u00e9crivent ensemble\" \/>\n<meta name=\"robots\" content=\"index, follow, max-snippet:-1, max-image-preview:large, max-video-preview:-1\" \/>\n<link rel=\"canonical\" href=\"https:\/\/pradineslebas.com\/fr\/philosophie\/\" \/>\n<meta property=\"og:locale\" content=\"fr_FR\" \/>\n<meta property=\"og:type\" content=\"article\" \/>\n<meta property=\"og:title\" content=\"Philosophie ~ Pradines Le Bas\" \/>\n<meta property=\"og:description\" content=\"Le domaine de Pradines de Bas, c\u2019est l\u2019histoire qu\u2019un arbre de vie et qu\u2019une femme du pays languedocien \u00e9crivent ensemble\" \/>\n<meta property=\"og:url\" content=\"https:\/\/pradineslebas.com\/fr\/philosophie\/\" \/>\n<meta property=\"og:site_name\" content=\"Pradines Le Bas\" \/>\n<meta property=\"article:publisher\" content=\"https:\/\/www.facebook.com\/pradineslebas\/\" \/>\n<meta property=\"article:modified_time\" content=\"2018-11-12T06:51:53+00:00\" \/>\n<meta property=\"og:image\" content=\"https:\/\/pradineslebas.com\/wp-content\/uploads\/2017\/03\/AVANT-TEXTE-PHILO-1200x213.jpg\" \/>\n\t<meta property=\"og:image:width\" content=\"1200\" \/>\n\t<meta property=\"og:image:height\" content=\"213\" \/>\n\t<meta property=\"og:image:type\" content=\"image\/jpeg\" \/>\n<meta name=\"twitter:card\" content=\"summary_large_image\" \/>\n<meta name=\"twitter:label1\" content=\"Dur\u00e9e de lecture estim\u00e9e\" \/>\n\t<meta name=\"twitter:data1\" content=\"3 minutes\" \/>\n<script type=\"application\/ld+json\" class=\"yoast-schema-graph\">{\"@context\":\"https:\/\/schema.org\",\"@graph\":[{\"@type\":\"WebPage\",\"@id\":\"https:\/\/pradineslebas.com\/fr\/philosophie\/\",\"url\":\"https:\/\/pradineslebas.com\/fr\/philosophie\/\",\"name\":\"Philosophie ~ Pradines Le Bas\",\"isPartOf\":{\"@id\":\"https:\/\/pradineslebas.com\/#website\"},\"primaryImageOfPage\":{\"@id\":\"https:\/\/pradineslebas.com\/fr\/philosophie\/#primaryimage\"},\"image\":{\"@id\":\"https:\/\/pradineslebas.com\/fr\/philosophie\/#primaryimage\"},\"thumbnailUrl\":\"http:\/\/pradineslebas.com\/wp-content\/uploads\/2017\/03\/AVANT-TEXTE-PHILO-1200x213-1024x182.jpg\",\"datePublished\":\"2017-03-18T17:50:00+00:00\",\"dateModified\":\"2018-11-12T06:51:53+00:00\",\"description\":\"Le domaine de Pradines de Bas, c\u2019est l\u2019histoire qu\u2019un arbre de vie et qu\u2019une femme du pays languedocien \u00e9crivent ensemble\",\"breadcrumb\":{\"@id\":\"https:\/\/pradineslebas.com\/fr\/philosophie\/#breadcrumb\"},\"inLanguage\":\"fr-FR\",\"potentialAction\":[{\"@type\":\"ReadAction\",\"target\":[\"https:\/\/pradineslebas.com\/fr\/philosophie\/\"]}]},{\"@type\":\"ImageObject\",\"inLanguage\":\"fr-FR\",\"@id\":\"https:\/\/pradineslebas.com\/fr\/philosophie\/#primaryimage\",\"url\":\"http:\/\/pradineslebas.com\/wp-content\/uploads\/2017\/03\/AVANT-TEXTE-PHILO-1200x213-1024x182.jpg\",\"contentUrl\":\"http:\/\/pradineslebas.com\/wp-content\/uploads\/2017\/03\/AVANT-TEXTE-PHILO-1200x213-1024x182.jpg\"},{\"@type\":\"BreadcrumbList\",\"@id\":\"https:\/\/pradineslebas.com\/fr\/philosophie\/#breadcrumb\",\"itemListElement\":[{\"@type\":\"ListItem\",\"position\":1,\"name\":\"Home\",\"item\":\"https:\/\/pradineslebas.com\/fr\/\"},{\"@type\":\"ListItem\",\"position\":2,\"name\":\"Philosophie\"}]},{\"@type\":\"WebSite\",\"@id\":\"https:\/\/pradineslebas.com\/#website\",\"url\":\"https:\/\/pradineslebas.com\/\",\"name\":\"Pradines Le Bas\",\"description\":\"Domaine de Pradines le Bas\",\"publisher\":{\"@id\":\"https:\/\/pradineslebas.com\/#organization\"},\"potentialAction\":[{\"@type\":\"SearchAction\",\"target\":{\"@type\":\"EntryPoint\",\"urlTemplate\":\"https:\/\/pradineslebas.com\/?s={search_term_string}\"},\"query-input\":{\"@type\":\"PropertyValueSpecification\",\"valueRequired\":true,\"valueName\":\"search_term_string\"}}],\"inLanguage\":\"fr-FR\"},{\"@type\":\"Organization\",\"@id\":\"https:\/\/pradineslebas.com\/#organization\",\"name\":\"Pradines le Bas\",\"url\":\"https:\/\/pradineslebas.com\/\",\"logo\":{\"@type\":\"ImageObject\",\"inLanguage\":\"fr-FR\",\"@id\":\"https:\/\/pradineslebas.com\/#\/schema\/logo\/image\/\",\"url\":\"https:\/\/pradineslebas.com\/wp-content\/uploads\/2017\/06\/favicon.jpg\",\"contentUrl\":\"https:\/\/pradineslebas.com\/wp-content\/uploads\/2017\/06\/favicon.jpg\",\"width\":536,\"height\":536,\"caption\":\"Pradines le Bas\"},\"image\":{\"@id\":\"https:\/\/pradineslebas.com\/#\/schema\/logo\/image\/\"},\"sameAs\":[\"https:\/\/www.facebook.com\/pradineslebas\/\",\"https:\/\/www.instagram.com\/domaine_pradineslebas\/\"]}]}<\/script>\n<!-- \/ Yoast SEO plugin. -->","yoast_head_json":{"title":"Philosophie ~ Pradines Le Bas","description":"Le domaine de Pradines de Bas, c\u2019est l\u2019histoire qu\u2019un arbre de vie et qu\u2019une femme du pays languedocien \u00e9crivent ensemble","robots":{"index":"index","follow":"follow","max-snippet":"max-snippet:-1","max-image-preview":"max-image-preview:large","max-video-preview":"max-video-preview:-1"},"canonical":"https:\/\/pradineslebas.com\/fr\/philosophie\/","og_locale":"fr_FR","og_type":"article","og_title":"Philosophie ~ Pradines Le Bas","og_description":"Le domaine de Pradines de Bas, c\u2019est l\u2019histoire qu\u2019un arbre de vie et qu\u2019une femme du pays languedocien \u00e9crivent ensemble","og_url":"https:\/\/pradineslebas.com\/fr\/philosophie\/","og_site_name":"Pradines Le Bas","article_publisher":"https:\/\/www.facebook.com\/pradineslebas\/","article_modified_time":"2018-11-12T06:51:53+00:00","og_image":[{"width":1200,"height":213,"url":"https:\/\/pradineslebas.com\/wp-content\/uploads\/2017\/03\/AVANT-TEXTE-PHILO-1200x213.jpg","type":"image\/jpeg"}],"twitter_card":"summary_large_image","twitter_misc":{"Dur\u00e9e de lecture estim\u00e9e":"3 minutes"},"schema":{"@context":"https:\/\/schema.org","@graph":[{"@type":"WebPage","@id":"https:\/\/pradineslebas.com\/fr\/philosophie\/","url":"https:\/\/pradineslebas.com\/fr\/philosophie\/","name":"Philosophie ~ Pradines Le Bas","isPartOf":{"@id":"https:\/\/pradineslebas.com\/#website"},"primaryImageOfPage":{"@id":"https:\/\/pradineslebas.com\/fr\/philosophie\/#primaryimage"},"image":{"@id":"https:\/\/pradineslebas.com\/fr\/philosophie\/#primaryimage"},"thumbnailUrl":"http:\/\/pradineslebas.com\/wp-content\/uploads\/2017\/03\/AVANT-TEXTE-PHILO-1200x213-1024x182.jpg","datePublished":"2017-03-18T17:50:00+00:00","dateModified":"2018-11-12T06:51:53+00:00","description":"Le domaine de Pradines de Bas, c\u2019est l\u2019histoire qu\u2019un arbre de vie et qu\u2019une femme du pays languedocien \u00e9crivent ensemble","breadcrumb":{"@id":"https:\/\/pradineslebas.com\/fr\/philosophie\/#breadcrumb"},"inLanguage":"fr-FR","potentialAction":[{"@type":"ReadAction","target":["https:\/\/pradineslebas.com\/fr\/philosophie\/"]}]},{"@type":"ImageObject","inLanguage":"fr-FR","@id":"https:\/\/pradineslebas.com\/fr\/philosophie\/#primaryimage","url":"http:\/\/pradineslebas.com\/wp-content\/uploads\/2017\/03\/AVANT-TEXTE-PHILO-1200x213-1024x182.jpg","contentUrl":"http:\/\/pradineslebas.com\/wp-content\/uploads\/2017\/03\/AVANT-TEXTE-PHILO-1200x213-1024x182.jpg"},{"@type":"BreadcrumbList","@id":"https:\/\/pradineslebas.com\/fr\/philosophie\/#breadcrumb","itemListElement":[{"@type":"ListItem","position":1,"name":"Home","item":"https:\/\/pradineslebas.com\/fr\/"},{"@type":"ListItem","position":2,"name":"Philosophie"}]},{"@type":"WebSite","@id":"https:\/\/pradineslebas.com\/#website","url":"https:\/\/pradineslebas.com\/","name":"Pradines Le Bas","description":"Domaine de Pradines le Bas","publisher":{"@id":"https:\/\/pradineslebas.com\/#organization"},"potentialAction":[{"@type":"SearchAction","target":{"@type":"EntryPoint","urlTemplate":"https:\/\/pradineslebas.com\/?s={search_term_string}"},"query-input":{"@type":"PropertyValueSpecification","valueRequired":true,"valueName":"search_term_string"}}],"inLanguage":"fr-FR"},{"@type":"Organization","@id":"https:\/\/pradineslebas.com\/#organization","name":"Pradines le Bas","url":"https:\/\/pradineslebas.com\/","logo":{"@type":"ImageObject","inLanguage":"fr-FR","@id":"https:\/\/pradineslebas.com\/#\/schema\/logo\/image\/","url":"https:\/\/pradineslebas.com\/wp-content\/uploads\/2017\/06\/favicon.jpg","contentUrl":"https:\/\/pradineslebas.com\/wp-content\/uploads\/2017\/06\/favicon.jpg","width":536,"height":536,"caption":"Pradines le Bas"},"image":{"@id":"https:\/\/pradineslebas.com\/#\/schema\/logo\/image\/"},"sameAs":["https:\/\/www.facebook.com\/pradineslebas\/","https:\/\/www.instagram.com\/domaine_pradineslebas\/"]}]}},"_links":{"self":[{"href":"https:\/\/pradineslebas.com\/fr\/wp-json\/wp\/v2\/pages\/62","targetHints":{"allow":["GET"]}}],"collection":[{"href":"https:\/\/pradineslebas.com\/fr\/wp-json\/wp\/v2\/pages"}],"about":[{"href":"https:\/\/pradineslebas.com\/fr\/wp-json\/wp\/v2\/types\/page"}],"author":[{"embeddable":true,"href":"https:\/\/pradineslebas.com\/fr\/wp-json\/wp\/v2\/users\/1"}],"replies":[{"embeddable":true,"href":"https:\/\/pradineslebas.com\/fr\/wp-json\/wp\/v2\/comments?post=62"}],"version-history":[{"count":4,"href":"https:\/\/pradineslebas.com\/fr\/wp-json\/wp\/v2\/pages\/62\/revisions"}],"predecessor-version":[{"id":448,"href":"https:\/\/pradineslebas.com\/fr\/wp-json\/wp\/v2\/pages\/62\/revisions\/448"}],"wp:attachment":[{"href":"https:\/\/pradineslebas.com\/fr\/wp-json\/wp\/v2\/media?parent=62"}],"curies":[{"name":"wp","href":"https:\/\/api.w.org\/{rel}","templated":true}]}}