{"id":79,"date":"2017-03-18T18:01:06","date_gmt":"2017-03-18T18:01:06","guid":{"rendered":"http:\/\/pradineslebas.com\/?page_id=79"},"modified":"2021-09-22T07:26:29","modified_gmt":"2021-09-22T07:26:29","slug":"contact","status":"publish","type":"page","link":"https:\/\/pradineslebas.com\/fr\/contact\/","title":{"rendered":"Contact"},"content":{"rendered":"<div class=\"wpb-content-wrapper\"><p>[vc_row css=\u00a0\u00bb.vc_custom_1489911356216{padding-bottom: 0px !important;}\u00a0\u00bb][vc_column][vc_single_image image=\u00a0\u00bb233&Prime; img_size=\u00a0\u00bbfull\u00a0\u00bb alignment=\u00a0\u00bbcenter\u00a0\u00bb][\/vc_column][\/vc_row][vc_row css=\u00a0\u00bb.vc_custom_1489911369347{padding-top: 0px !important;padding-bottom: 0px !important;}\u00a0\u00bb][vc_column width=\u00a0\u00bb2\/3&Prime;][vc_column_text]<iframe loading=\"lazy\" style=\"border: 0;\" src=\"https:\/\/www.google.com\/maps\/embed?pb=!1m18!1m12!1m3!1d185601.8213776874!2d3.0616752183324687!3d43.376428979131774!2m3!1f0!2f0!3f0!3m2!1i1024!2i768!4f13.1!3m3!1m2!1s0x12b10c3c200b076b%3A0xf8a0cf7ccefc5b39!2sPradines+le+Bas%2C+34500!5e0!3m2!1sen!2sfr!4v1489911481120\" width=\"100%\" height=\"300\" frameborder=\"0\" allowfullscreen=\"allowfullscreen\" data-mce-fragment=\"1\"><\/iframe>[\/vc_column_text][\/vc_column][vc_column width=\u00a0\u00bb1\/3&Prime;][vc_column_text]<strong>Adresse<\/strong><\/p>\n<p>Francine BUESA<br \/>\nDomaine de Pradines le Bas<br \/>\nRoute de Corneilhan \/ 34500 B\u00e9ziers<\/p>\n<p><strong>Tel.<\/strong>: (+33) 4 67 30 63 52<br \/>\n<strong>Cel.<\/strong>: (+33) 6 11 73 65 62<br \/>\n<strong>Email<\/strong>: <a href=\"mailto:moulin@pradineslebas.com\">moulin@pradineslebas.com<\/a><br \/>\n<strong>Facebook<\/strong>: <a href=\"https:\/\/www.facebook.com\/pradineslebas\/?ref=br_rs\" target=\"_blank\" rel=\"noopener noreferrer\">cliquez ici<\/a><br \/>\n<strong>Instagram<\/strong>: <a href=\"https:\/\/www.instagram.com\/domaine_pradineslebas\/\" target=\"_blank\" rel=\"noopener noreferrer\">cliquez ici<\/a><br \/>\n<strong>Horaires<\/strong>: du Mardi au Samedi, de 10h \u00e0 13h, 15h \u00e0 19h[\/vc_column_text][\/vc_column][\/vc_row][vc_row][vc_column][vc_column_text]<\/p>\n<h1 style=\"text-align: center;\">LA MOUCHE<\/h1>\n<p style=\"text-align: center;\">Le domaine de Pradines le Bas accueille \u00e9galement un Lieu d\u2019art contemporain<\/p>\n<p style=\"text-align: center;\"><strong>Site Web<\/strong>: <a href=\"http:\/\/www.lamouche-art.com\/\">www.lamouche-art.com<\/a><\/p>\n<p style=\"text-align: center;\"><strong>Facebook<\/strong>: <a href=\"https:\/\/www.facebook.com\/profile.php?id=1577752872505983&amp;fref=ts\">LIEU D\u2019ART CONTEMPORAIN<\/a><\/p>\n<p style=\"text-align: center;\"><strong>Email<\/strong>: <a href=\"mailto:contact@lamouche-art.com\">contact@lamouche-art.com<\/a><\/p>\n<p>[\/vc_column_text][\/vc_column][\/vc_row]<\/p>\n<\/div>","protected":false},"excerpt":{"rendered":"<p>[vc_row css=\u00a0\u00bb.vc_custom_1489911356216{padding-bottom: 0px !important;}\u00a0\u00bb][vc_column][vc_single_image image=\u00a0\u00bb233&Prime; img_size=\u00a0\u00bbfull\u00a0\u00bb alignment=\u00a0\u00bbcenter\u00a0\u00bb][\/vc_column][\/vc_row][vc_row css=\u00a0\u00bb.vc_custom_1489911369347{padding-top: 0px !important;padding-bottom: 0px !important;}\u00a0\u00bb][vc_column width=\u00a0\u00bb2\/3&Prime;][vc_column_text][\/vc_column_text][\/vc_column][vc_column width=\u00a0\u00bb1\/3&Prime;][vc_column_text]Adresse Francine BUESA Domaine de Pradines le Bas Route de Corneilhan \/ 34500 B\u00e9ziers Tel.: (+33) 4 67 30 63 52 Cel.: (+33) 6 11 73 65 62 Email: moulin@pradineslebas.com Facebook: cliquez ici Instagram: cliquez ici Horaires: du Mardi au Samedi, de [&hellip;]<\/p>\n","protected":false},"author":1,"featured_media":0,"parent":0,"menu_order":0,"comment_status":"closed","ping_status":"closed","template":"","meta":{"footnotes":""},"class_list":["post-79","page","type-page","status-publish","hentry"],"yoast_head":"<!-- This site is optimized with the Yoast SEO plugin v26.4 - https:\/\/yoast.com\/wordpress\/plugins\/seo\/ -->\n<title>Contact ~ Pradines Le Bas<\/title>\n<meta name=\"description\" content=\"Domaine de Pradines le Bas, Route de Corneilhan, 34500 B\u00e9ziers Tel. (+33) 4 67 30 63 52. Horaires: du Lundi au Samedi, de 10h \u00e0 12h, 14h \u00e0 19h\" \/>\n<meta name=\"robots\" content=\"index, follow, max-snippet:-1, max-image-preview:large, max-video-preview:-1\" \/>\n<link rel=\"canonical\" href=\"https:\/\/pradineslebas.com\/fr\/contact\/\" \/>\n<meta property=\"og:locale\" content=\"fr_FR\" \/>\n<meta property=\"og:type\" content=\"article\" \/>\n<meta property=\"og:title\" content=\"Contact ~ Pradines Le Bas\" \/>\n<meta property=\"og:description\" content=\"Domaine de Pradines le Bas, Route de Corneilhan, 34500 B\u00e9ziers Tel. (+33) 4 67 30 63 52. Horaires: du Lundi au Samedi, de 10h \u00e0 12h, 14h \u00e0 19h\" \/>\n<meta property=\"og:url\" content=\"https:\/\/pradineslebas.com\/fr\/contact\/\" \/>\n<meta property=\"og:site_name\" content=\"Pradines Le Bas\" \/>\n<meta property=\"article:publisher\" content=\"https:\/\/www.facebook.com\/pradineslebas\/\" \/>\n<meta property=\"article:modified_time\" content=\"2021-09-22T07:26:29+00:00\" \/>\n<meta property=\"og:image\" content=\"https:\/\/pradineslebas.com\/wp-content\/uploads\/revslider\/home\/HOME_02.jpg\" \/>\n\t<meta property=\"og:image:width\" content=\"1199\" \/>\n\t<meta property=\"og:image:height\" content=\"800\" \/>\n\t<meta property=\"og:image:type\" content=\"image\/jpeg\" \/>\n<meta name=\"twitter:card\" content=\"summary_large_image\" \/>\n<meta name=\"twitter:label1\" content=\"Dur\u00e9e de lecture estim\u00e9e\" \/>\n\t<meta name=\"twitter:data1\" content=\"1 minute\" \/>\n<script type=\"application\/ld+json\" class=\"yoast-schema-graph\">{\"@context\":\"https:\/\/schema.org\",\"@graph\":[{\"@type\":\"WebPage\",\"@id\":\"https:\/\/pradineslebas.com\/fr\/contact\/\",\"url\":\"https:\/\/pradineslebas.com\/fr\/contact\/\",\"name\":\"Contact ~ Pradines Le Bas\",\"isPartOf\":{\"@id\":\"https:\/\/pradineslebas.com\/#website\"},\"datePublished\":\"2017-03-18T18:01:06+00:00\",\"dateModified\":\"2021-09-22T07:26:29+00:00\",\"description\":\"Domaine de Pradines le Bas, Route de Corneilhan, 34500 B\u00e9ziers Tel. (+33) 4 67 30 63 52. Horaires: du Lundi au Samedi, de 10h \u00e0 12h, 14h \u00e0 19h\",\"breadcrumb\":{\"@id\":\"https:\/\/pradineslebas.com\/fr\/contact\/#breadcrumb\"},\"inLanguage\":\"fr-FR\",\"potentialAction\":[{\"@type\":\"ReadAction\",\"target\":[\"https:\/\/pradineslebas.com\/fr\/contact\/\"]}]},{\"@type\":\"BreadcrumbList\",\"@id\":\"https:\/\/pradineslebas.com\/fr\/contact\/#breadcrumb\",\"itemListElement\":[{\"@type\":\"ListItem\",\"position\":1,\"name\":\"Home\",\"item\":\"https:\/\/pradineslebas.com\/fr\/\"},{\"@type\":\"ListItem\",\"position\":2,\"name\":\"Contact\"}]},{\"@type\":\"WebSite\",\"@id\":\"https:\/\/pradineslebas.com\/#website\",\"url\":\"https:\/\/pradineslebas.com\/\",\"name\":\"Pradines Le Bas\",\"description\":\"Domaine de Pradines le Bas\",\"publisher\":{\"@id\":\"https:\/\/pradineslebas.com\/#organization\"},\"potentialAction\":[{\"@type\":\"SearchAction\",\"target\":{\"@type\":\"EntryPoint\",\"urlTemplate\":\"https:\/\/pradineslebas.com\/?s={search_term_string}\"},\"query-input\":{\"@type\":\"PropertyValueSpecification\",\"valueRequired\":true,\"valueName\":\"search_term_string\"}}],\"inLanguage\":\"fr-FR\"},{\"@type\":\"Organization\",\"@id\":\"https:\/\/pradineslebas.com\/#organization\",\"name\":\"Pradines le Bas\",\"url\":\"https:\/\/pradineslebas.com\/\",\"logo\":{\"@type\":\"ImageObject\",\"inLanguage\":\"fr-FR\",\"@id\":\"https:\/\/pradineslebas.com\/#\/schema\/logo\/image\/\",\"url\":\"https:\/\/pradineslebas.com\/wp-content\/uploads\/2017\/06\/favicon.jpg\",\"contentUrl\":\"https:\/\/pradineslebas.com\/wp-content\/uploads\/2017\/06\/favicon.jpg\",\"width\":536,\"height\":536,\"caption\":\"Pradines le Bas\"},\"image\":{\"@id\":\"https:\/\/pradineslebas.com\/#\/schema\/logo\/image\/\"},\"sameAs\":[\"https:\/\/www.facebook.com\/pradineslebas\/\",\"https:\/\/www.instagram.com\/domaine_pradineslebas\/\"]}]}<\/script>\n<!-- \/ Yoast SEO plugin. -->","yoast_head_json":{"title":"Contact ~ Pradines Le Bas","description":"Domaine de Pradines le Bas, Route de Corneilhan, 34500 B\u00e9ziers Tel. (+33) 4 67 30 63 52. Horaires: du Lundi au Samedi, de 10h \u00e0 12h, 14h \u00e0 19h","robots":{"index":"index","follow":"follow","max-snippet":"max-snippet:-1","max-image-preview":"max-image-preview:large","max-video-preview":"max-video-preview:-1"},"canonical":"https:\/\/pradineslebas.com\/fr\/contact\/","og_locale":"fr_FR","og_type":"article","og_title":"Contact ~ Pradines Le Bas","og_description":"Domaine de Pradines le Bas, Route de Corneilhan, 34500 B\u00e9ziers Tel. (+33) 4 67 30 63 52. Horaires: du Lundi au Samedi, de 10h \u00e0 12h, 14h \u00e0 19h","og_url":"https:\/\/pradineslebas.com\/fr\/contact\/","og_site_name":"Pradines Le Bas","article_publisher":"https:\/\/www.facebook.com\/pradineslebas\/","article_modified_time":"2021-09-22T07:26:29+00:00","og_image":[{"width":1199,"height":800,"url":"https:\/\/pradineslebas.com\/wp-content\/uploads\/revslider\/home\/HOME_02.jpg","type":"image\/jpeg"}],"twitter_card":"summary_large_image","twitter_misc":{"Dur\u00e9e de lecture estim\u00e9e":"1 minute"},"schema":{"@context":"https:\/\/schema.org","@graph":[{"@type":"WebPage","@id":"https:\/\/pradineslebas.com\/fr\/contact\/","url":"https:\/\/pradineslebas.com\/fr\/contact\/","name":"Contact ~ Pradines Le Bas","isPartOf":{"@id":"https:\/\/pradineslebas.com\/#website"},"datePublished":"2017-03-18T18:01:06+00:00","dateModified":"2021-09-22T07:26:29+00:00","description":"Domaine de Pradines le Bas, Route de Corneilhan, 34500 B\u00e9ziers Tel. (+33) 4 67 30 63 52. Horaires: du Lundi au Samedi, de 10h \u00e0 12h, 14h \u00e0 19h","breadcrumb":{"@id":"https:\/\/pradineslebas.com\/fr\/contact\/#breadcrumb"},"inLanguage":"fr-FR","potentialAction":[{"@type":"ReadAction","target":["https:\/\/pradineslebas.com\/fr\/contact\/"]}]},{"@type":"BreadcrumbList","@id":"https:\/\/pradineslebas.com\/fr\/contact\/#breadcrumb","itemListElement":[{"@type":"ListItem","position":1,"name":"Home","item":"https:\/\/pradineslebas.com\/fr\/"},{"@type":"ListItem","position":2,"name":"Contact"}]},{"@type":"WebSite","@id":"https:\/\/pradineslebas.com\/#website","url":"https:\/\/pradineslebas.com\/","name":"Pradines Le Bas","description":"Domaine de Pradines le Bas","publisher":{"@id":"https:\/\/pradineslebas.com\/#organization"},"potentialAction":[{"@type":"SearchAction","target":{"@type":"EntryPoint","urlTemplate":"https:\/\/pradineslebas.com\/?s={search_term_string}"},"query-input":{"@type":"PropertyValueSpecification","valueRequired":true,"valueName":"search_term_string"}}],"inLanguage":"fr-FR"},{"@type":"Organization","@id":"https:\/\/pradineslebas.com\/#organization","name":"Pradines le Bas","url":"https:\/\/pradineslebas.com\/","logo":{"@type":"ImageObject","inLanguage":"fr-FR","@id":"https:\/\/pradineslebas.com\/#\/schema\/logo\/image\/","url":"https:\/\/pradineslebas.com\/wp-content\/uploads\/2017\/06\/favicon.jpg","contentUrl":"https:\/\/pradineslebas.com\/wp-content\/uploads\/2017\/06\/favicon.jpg","width":536,"height":536,"caption":"Pradines le Bas"},"image":{"@id":"https:\/\/pradineslebas.com\/#\/schema\/logo\/image\/"},"sameAs":["https:\/\/www.facebook.com\/pradineslebas\/","https:\/\/www.instagram.com\/domaine_pradineslebas\/"]}]}},"_links":{"self":[{"href":"https:\/\/pradineslebas.com\/fr\/wp-json\/wp\/v2\/pages\/79","targetHints":{"allow":["GET"]}}],"collection":[{"href":"https:\/\/pradineslebas.com\/fr\/wp-json\/wp\/v2\/pages"}],"about":[{"href":"https:\/\/pradineslebas.com\/fr\/wp-json\/wp\/v2\/types\/page"}],"author":[{"embeddable":true,"href":"https:\/\/pradineslebas.com\/fr\/wp-json\/wp\/v2\/users\/1"}],"replies":[{"embeddable":true,"href":"https:\/\/pradineslebas.com\/fr\/wp-json\/wp\/v2\/comments?post=79"}],"version-history":[{"count":9,"href":"https:\/\/pradineslebas.com\/fr\/wp-json\/wp\/v2\/pages\/79\/revisions"}],"predecessor-version":[{"id":838,"href":"https:\/\/pradineslebas.com\/fr\/wp-json\/wp\/v2\/pages\/79\/revisions\/838"}],"wp:attachment":[{"href":"https:\/\/pradineslebas.com\/fr\/wp-json\/wp\/v2\/media?parent=79"}],"curies":[{"name":"wp","href":"https:\/\/api.w.org\/{rel}","templated":true}]}}