{"id":112,"date":"2017-03-19T04:55:23","date_gmt":"2017-03-19T04:55:23","guid":{"rendered":"http:\/\/pradineslebas.com\/?post_type=product&#038;p=112"},"modified":"2023-03-17T14:32:46","modified_gmt":"2023-03-17T14:32:46","slug":"oliviere","status":"publish","type":"product","link":"https:\/\/pradineslebas.com\/fr\/produit\/oliviere\/","title":{"rendered":"OLIVI\u00c8RE"},"content":{"rendered":"<p>Une des vari\u00e9t\u00e9s les plus anciennes et la plus r\u00e9pandue dans notre r\u00e9gion. Les languedociens l\u2019appelaient l\u2019olivier femelle ou \u00ab pounchudo \u00bb (pointue).<\/p>\n<p>Ce bel arbre tr\u00e9s vigoureux avec son port retombant caract\u00e9ristique, produit un fruit r\u00e9colt\u00e9 au mois de novembre qui offre un jus couleur jaune dor\u00e9 et une belle onctuosit\u00e9.<\/p>\n<p>Son fruit\u00e9 est domin\u00e9 par des ar\u00f4mes de tomates fruit et d\u00e9veloppe une belle ardence id\u00e9ale sur salades, p\u00e2tes, p\u00e9lardon, fraises et chocolat noir.<\/p>\n","protected":false},"excerpt":{"rendered":"<p>Certifi\u00e9e Bio par Ecocert. Une des vari\u00e9t\u00e9s les plus anciennes et la plus r\u00e9pandue dans notre r\u00e9gion. Les languedociens l\u2019appelaient l\u2019olivier femelle ou \u00ab pounchudo \u00bb (pointue).<\/p>\n<p>Ce bel arbre tr\u00e9s vigoureux avec son port retombant caract\u00e9ristique, produit un fruit r\u00e9colt\u00e9 au mois de novembre qui offre un jus couleur jaune dor\u00e9 et une belle onctuosit\u00e9.<\/p>\n<p>Son fruit\u00e9 est domin\u00e9 par des ar\u00f4mes de tomates fruit et d\u00e9veloppe une belle ardence id\u00e9ale sur salades, p\u00e2tes, p\u00e9lardon, fraises et chocolat noir.<\/p>\n","protected":false},"featured_media":465,"comment_status":"closed","ping_status":"closed","template":"","meta":[],"product_brand":[],"product_cat":[9],"product_tag":[],"class_list":{"0":"post-112","1":"product","2":"type-product","3":"status-publish","4":"has-post-thumbnail","6":"product_cat-huiles","8":"first","9":"instock","10":"taxable","11":"shipping-taxable","12":"purchasable","13":"product-type-simple"},"yoast_head":"<!-- This site is optimized with the Yoast SEO plugin v26.4 - https:\/\/yoast.com\/wordpress\/plugins\/seo\/ -->\n<title>OLIVI\u00c8RE ~ Pradines Le Bas<\/title>\n<meta name=\"description\" content=\"Une des vari\u00e9t\u00e9s les plus anciennes et la plus r\u00e9pandue dans notre r\u00e9gion. Les languedociens l\u2019appelaient l\u2019olivier femelle ou \u00ab pounchudo \u00bb (pointue).\" \/>\n<meta name=\"robots\" content=\"index, follow, max-snippet:-1, max-image-preview:large, max-video-preview:-1\" \/>\n<link rel=\"canonical\" href=\"https:\/\/pradineslebas.com\/produit\/oliviere\/\" \/>\n<meta property=\"og:locale\" content=\"fr_FR\" \/>\n<meta property=\"og:type\" content=\"article\" \/>\n<meta property=\"og:title\" content=\"OLIVI\u00c8RE ~ Pradines Le Bas\" \/>\n<meta property=\"og:description\" content=\"Une des vari\u00e9t\u00e9s les plus anciennes et la plus r\u00e9pandue dans notre r\u00e9gion. Les languedociens l\u2019appelaient l\u2019olivier femelle ou \u00ab pounchudo \u00bb (pointue).\" \/>\n<meta property=\"og:url\" content=\"https:\/\/pradineslebas.com\/produit\/oliviere\/\" \/>\n<meta property=\"og:site_name\" content=\"Pradines Le Bas\" \/>\n<meta property=\"article:publisher\" content=\"https:\/\/www.facebook.com\/pradineslebas\/\" \/>\n<meta property=\"article:modified_time\" content=\"2023-03-17T14:32:46+00:00\" \/>\n<meta property=\"og:image\" content=\"https:\/\/pradineslebas.com\/wp-content\/uploads\/2017\/03\/oliviere.jpg\" \/>\n\t<meta property=\"og:image:width\" content=\"600\" \/>\n\t<meta property=\"og:image:height\" content=\"600\" \/>\n\t<meta property=\"og:image:type\" content=\"image\/jpeg\" \/>\n<meta name=\"twitter:card\" content=\"summary_large_image\" \/>\n<script type=\"application\/ld+json\" class=\"yoast-schema-graph\">{\"@context\":\"https:\/\/schema.org\",\"@graph\":[{\"@type\":\"WebPage\",\"@id\":\"https:\/\/pradineslebas.com\/produit\/oliviere\/\",\"url\":\"https:\/\/pradineslebas.com\/produit\/oliviere\/\",\"name\":\"OLIVI\u00c8RE ~ Pradines Le Bas\",\"isPartOf\":{\"@id\":\"https:\/\/pradineslebas.com\/#website\"},\"primaryImageOfPage\":{\"@id\":\"https:\/\/pradineslebas.com\/produit\/oliviere\/#primaryimage\"},\"image\":{\"@id\":\"https:\/\/pradineslebas.com\/produit\/oliviere\/#primaryimage\"},\"thumbnailUrl\":\"https:\/\/pradineslebas.com\/wp-content\/uploads\/2017\/03\/Oliviere-2019.jpg\",\"datePublished\":\"2017-03-19T04:55:23+00:00\",\"dateModified\":\"2023-03-17T14:32:46+00:00\",\"description\":\"Une des vari\u00e9t\u00e9s les plus anciennes et la plus r\u00e9pandue dans notre r\u00e9gion. Les languedociens l\u2019appelaient l\u2019olivier femelle ou \u00ab pounchudo \u00bb (pointue).\",\"breadcrumb\":{\"@id\":\"https:\/\/pradineslebas.com\/produit\/oliviere\/#breadcrumb\"},\"inLanguage\":\"fr-FR\",\"potentialAction\":[{\"@type\":\"ReadAction\",\"target\":[\"https:\/\/pradineslebas.com\/produit\/oliviere\/\"]}]},{\"@type\":\"ImageObject\",\"inLanguage\":\"fr-FR\",\"@id\":\"https:\/\/pradineslebas.com\/produit\/oliviere\/#primaryimage\",\"url\":\"https:\/\/pradineslebas.com\/wp-content\/uploads\/2017\/03\/Oliviere-2019.jpg\",\"contentUrl\":\"https:\/\/pradineslebas.com\/wp-content\/uploads\/2017\/03\/Oliviere-2019.jpg\",\"width\":1200,\"height\":1200},{\"@type\":\"BreadcrumbList\",\"@id\":\"https:\/\/pradineslebas.com\/produit\/oliviere\/#breadcrumb\",\"itemListElement\":[{\"@type\":\"ListItem\",\"position\":1,\"name\":\"Home\",\"item\":\"https:\/\/pradineslebas.com\/fr\/\"},{\"@type\":\"ListItem\",\"position\":2,\"name\":\"Shop\",\"item\":\"https:\/\/pradineslebas.com\/fr\/shop\/\"},{\"@type\":\"ListItem\",\"position\":3,\"name\":\"OLIVI\u00c8RE\"}]},{\"@type\":\"WebSite\",\"@id\":\"https:\/\/pradineslebas.com\/#website\",\"url\":\"https:\/\/pradineslebas.com\/\",\"name\":\"Pradines Le Bas\",\"description\":\"Domaine de Pradines le Bas\",\"publisher\":{\"@id\":\"https:\/\/pradineslebas.com\/#organization\"},\"potentialAction\":[{\"@type\":\"SearchAction\",\"target\":{\"@type\":\"EntryPoint\",\"urlTemplate\":\"https:\/\/pradineslebas.com\/?s={search_term_string}\"},\"query-input\":{\"@type\":\"PropertyValueSpecification\",\"valueRequired\":true,\"valueName\":\"search_term_string\"}}],\"inLanguage\":\"fr-FR\"},{\"@type\":\"Organization\",\"@id\":\"https:\/\/pradineslebas.com\/#organization\",\"name\":\"Pradines le Bas\",\"url\":\"https:\/\/pradineslebas.com\/\",\"logo\":{\"@type\":\"ImageObject\",\"inLanguage\":\"fr-FR\",\"@id\":\"https:\/\/pradineslebas.com\/#\/schema\/logo\/image\/\",\"url\":\"https:\/\/pradineslebas.com\/wp-content\/uploads\/2017\/06\/favicon.jpg\",\"contentUrl\":\"https:\/\/pradineslebas.com\/wp-content\/uploads\/2017\/06\/favicon.jpg\",\"width\":536,\"height\":536,\"caption\":\"Pradines le Bas\"},\"image\":{\"@id\":\"https:\/\/pradineslebas.com\/#\/schema\/logo\/image\/\"},\"sameAs\":[\"https:\/\/www.facebook.com\/pradineslebas\/\",\"https:\/\/www.instagram.com\/domaine_pradineslebas\/\"]}]}<\/script>\n<!-- \/ Yoast SEO plugin. -->","yoast_head_json":{"title":"OLIVI\u00c8RE ~ Pradines Le Bas","description":"Une des vari\u00e9t\u00e9s les plus anciennes et la plus r\u00e9pandue dans notre r\u00e9gion. Les languedociens l\u2019appelaient l\u2019olivier femelle ou \u00ab pounchudo \u00bb (pointue).","robots":{"index":"index","follow":"follow","max-snippet":"max-snippet:-1","max-image-preview":"max-image-preview:large","max-video-preview":"max-video-preview:-1"},"canonical":"https:\/\/pradineslebas.com\/produit\/oliviere\/","og_locale":"fr_FR","og_type":"article","og_title":"OLIVI\u00c8RE ~ Pradines Le Bas","og_description":"Une des vari\u00e9t\u00e9s les plus anciennes et la plus r\u00e9pandue dans notre r\u00e9gion. Les languedociens l\u2019appelaient l\u2019olivier femelle ou \u00ab pounchudo \u00bb (pointue).","og_url":"https:\/\/pradineslebas.com\/produit\/oliviere\/","og_site_name":"Pradines Le Bas","article_publisher":"https:\/\/www.facebook.com\/pradineslebas\/","article_modified_time":"2023-03-17T14:32:46+00:00","og_image":[{"width":600,"height":600,"url":"https:\/\/pradineslebas.com\/wp-content\/uploads\/2017\/03\/oliviere.jpg","type":"image\/jpeg"}],"twitter_card":"summary_large_image","schema":{"@context":"https:\/\/schema.org","@graph":[{"@type":"WebPage","@id":"https:\/\/pradineslebas.com\/produit\/oliviere\/","url":"https:\/\/pradineslebas.com\/produit\/oliviere\/","name":"OLIVI\u00c8RE ~ Pradines Le Bas","isPartOf":{"@id":"https:\/\/pradineslebas.com\/#website"},"primaryImageOfPage":{"@id":"https:\/\/pradineslebas.com\/produit\/oliviere\/#primaryimage"},"image":{"@id":"https:\/\/pradineslebas.com\/produit\/oliviere\/#primaryimage"},"thumbnailUrl":"https:\/\/pradineslebas.com\/wp-content\/uploads\/2017\/03\/Oliviere-2019.jpg","datePublished":"2017-03-19T04:55:23+00:00","dateModified":"2023-03-17T14:32:46+00:00","description":"Une des vari\u00e9t\u00e9s les plus anciennes et la plus r\u00e9pandue dans notre r\u00e9gion. Les languedociens l\u2019appelaient l\u2019olivier femelle ou \u00ab pounchudo \u00bb (pointue).","breadcrumb":{"@id":"https:\/\/pradineslebas.com\/produit\/oliviere\/#breadcrumb"},"inLanguage":"fr-FR","potentialAction":[{"@type":"ReadAction","target":["https:\/\/pradineslebas.com\/produit\/oliviere\/"]}]},{"@type":"ImageObject","inLanguage":"fr-FR","@id":"https:\/\/pradineslebas.com\/produit\/oliviere\/#primaryimage","url":"https:\/\/pradineslebas.com\/wp-content\/uploads\/2017\/03\/Oliviere-2019.jpg","contentUrl":"https:\/\/pradineslebas.com\/wp-content\/uploads\/2017\/03\/Oliviere-2019.jpg","width":1200,"height":1200},{"@type":"BreadcrumbList","@id":"https:\/\/pradineslebas.com\/produit\/oliviere\/#breadcrumb","itemListElement":[{"@type":"ListItem","position":1,"name":"Home","item":"https:\/\/pradineslebas.com\/fr\/"},{"@type":"ListItem","position":2,"name":"Shop","item":"https:\/\/pradineslebas.com\/fr\/shop\/"},{"@type":"ListItem","position":3,"name":"OLIVI\u00c8RE"}]},{"@type":"WebSite","@id":"https:\/\/pradineslebas.com\/#website","url":"https:\/\/pradineslebas.com\/","name":"Pradines Le Bas","description":"Domaine de Pradines le Bas","publisher":{"@id":"https:\/\/pradineslebas.com\/#organization"},"potentialAction":[{"@type":"SearchAction","target":{"@type":"EntryPoint","urlTemplate":"https:\/\/pradineslebas.com\/?s={search_term_string}"},"query-input":{"@type":"PropertyValueSpecification","valueRequired":true,"valueName":"search_term_string"}}],"inLanguage":"fr-FR"},{"@type":"Organization","@id":"https:\/\/pradineslebas.com\/#organization","name":"Pradines le Bas","url":"https:\/\/pradineslebas.com\/","logo":{"@type":"ImageObject","inLanguage":"fr-FR","@id":"https:\/\/pradineslebas.com\/#\/schema\/logo\/image\/","url":"https:\/\/pradineslebas.com\/wp-content\/uploads\/2017\/06\/favicon.jpg","contentUrl":"https:\/\/pradineslebas.com\/wp-content\/uploads\/2017\/06\/favicon.jpg","width":536,"height":536,"caption":"Pradines le Bas"},"image":{"@id":"https:\/\/pradineslebas.com\/#\/schema\/logo\/image\/"},"sameAs":["https:\/\/www.facebook.com\/pradineslebas\/","https:\/\/www.instagram.com\/domaine_pradineslebas\/"]}]}},"_links":{"self":[{"href":"https:\/\/pradineslebas.com\/fr\/wp-json\/wp\/v2\/product\/112","targetHints":{"allow":["GET"]}}],"collection":[{"href":"https:\/\/pradineslebas.com\/fr\/wp-json\/wp\/v2\/product"}],"about":[{"href":"https:\/\/pradineslebas.com\/fr\/wp-json\/wp\/v2\/types\/product"}],"replies":[{"embeddable":true,"href":"https:\/\/pradineslebas.com\/fr\/wp-json\/wp\/v2\/comments?post=112"}],"wp:featuredmedia":[{"embeddable":true,"href":"https:\/\/pradineslebas.com\/fr\/wp-json\/wp\/v2\/media\/465"}],"wp:attachment":[{"href":"https:\/\/pradineslebas.com\/fr\/wp-json\/wp\/v2\/media?parent=112"}],"wp:term":[{"taxonomy":"product_brand","embeddable":true,"href":"https:\/\/pradineslebas.com\/fr\/wp-json\/wp\/v2\/product_brand?post=112"},{"taxonomy":"product_cat","embeddable":true,"href":"https:\/\/pradineslebas.com\/fr\/wp-json\/wp\/v2\/product_cat?post=112"},{"taxonomy":"product_tag","embeddable":true,"href":"https:\/\/pradineslebas.com\/fr\/wp-json\/wp\/v2\/product_tag?post=112"}],"curies":[{"name":"wp","href":"https:\/\/api.w.org\/{rel}","templated":true}]}}