{"id":119,"date":"2017-03-19T05:01:06","date_gmt":"2017-03-19T05:01:06","guid":{"rendered":"http:\/\/pradineslebas.com\/product\/la-bouteillan\/"},"modified":"2021-12-01T05:49:24","modified_gmt":"2021-12-01T05:49:24","slug":"bouteillan","status":"publish","type":"product","link":"https:\/\/pradineslebas.com\/fr\/produit\/bouteillan\/","title":{"rendered":"BOUTEILLAN"},"content":{"rendered":"<p>Attach\u00e9 au grand bassin (Gard, Vard, H\u00e9rault). Arbre trapu, solide et belle olive charnue.<\/p>\n<p>Ar\u00f4mes prononc\u00e9s de fruit blanc, tomate verte et herbe fra\u00eeche.<\/p>\n<p>Sur toutes les salades m\u00eame Roquette. Excellent sur du fromage de brebis.<\/p>\n<p>&nbsp;<\/p>\n","protected":false},"excerpt":{"rendered":"<p>Certifi\u00e9e Bio par Ecocert.\u00a0 Attach\u00e9 au grand bassin (Gard, Vard, H\u00e9rault). Arbre trapu, solide et belle olive charnue.<\/p>\n<p>Ar\u00f4mes prononc\u00e9s de fruit blanc, tomate verte et herbe fra\u00eeche.<\/p>\n<p>Sur toutes les salades m\u00eame Roquette. Excellent sur du fromage de brebis.<\/p>\n","protected":false},"featured_media":920,"comment_status":"closed","ping_status":"closed","template":"","meta":[],"product_brand":[],"product_cat":[9],"product_tag":[],"class_list":{"0":"post-119","1":"product","2":"type-product","3":"status-publish","4":"has-post-thumbnail","6":"product_cat-huiles","8":"first","9":"instock","10":"taxable","11":"shipping-taxable","12":"purchasable","13":"product-type-simple"},"yoast_head":"<!-- This site is optimized with the Yoast SEO plugin v26.4 - https:\/\/yoast.com\/wordpress\/plugins\/seo\/ -->\n<title>BOUTEILLAN ~ Pradines Le Bas<\/title>\n<meta name=\"description\" content=\"Attach\u00e9 au grand bassin (Gard, Vard, H\u00e9rault). Arbre trapu, solide et belle olive charnue.\" \/>\n<meta name=\"robots\" content=\"index, follow, max-snippet:-1, max-image-preview:large, max-video-preview:-1\" \/>\n<link rel=\"canonical\" href=\"https:\/\/pradineslebas.com\/fr\/produit\/bouteillan\/\" \/>\n<meta property=\"og:locale\" content=\"fr_FR\" \/>\n<meta property=\"og:type\" content=\"article\" \/>\n<meta property=\"og:title\" content=\"BOUTEILLAN ~ Pradines Le Bas\" \/>\n<meta property=\"og:description\" content=\"Attach\u00e9 au grand bassin (Gard, Vard, H\u00e9rault). Arbre trapu, solide et belle olive charnue.\" \/>\n<meta property=\"og:url\" content=\"https:\/\/pradineslebas.com\/fr\/produit\/bouteillan\/\" \/>\n<meta property=\"og:site_name\" content=\"Pradines Le Bas\" \/>\n<meta property=\"article:publisher\" content=\"https:\/\/www.facebook.com\/pradineslebas\/\" \/>\n<meta property=\"article:modified_time\" content=\"2021-12-01T05:49:24+00:00\" \/>\n<meta property=\"og:image\" content=\"https:\/\/pradineslebas.com\/wp-content\/uploads\/2017\/03\/Bouteillan.jpg\" \/>\n\t<meta property=\"og:image:width\" content=\"575\" \/>\n\t<meta property=\"og:image:height\" content=\"575\" \/>\n\t<meta property=\"og:image:type\" content=\"image\/jpeg\" \/>\n<meta name=\"twitter:card\" content=\"summary_large_image\" \/>\n<script type=\"application\/ld+json\" class=\"yoast-schema-graph\">{\"@context\":\"https:\/\/schema.org\",\"@graph\":[{\"@type\":\"WebPage\",\"@id\":\"https:\/\/pradineslebas.com\/fr\/produit\/bouteillan\/\",\"url\":\"https:\/\/pradineslebas.com\/fr\/produit\/bouteillan\/\",\"name\":\"BOUTEILLAN ~ Pradines Le Bas\",\"isPartOf\":{\"@id\":\"https:\/\/pradineslebas.com\/#website\"},\"primaryImageOfPage\":{\"@id\":\"https:\/\/pradineslebas.com\/fr\/produit\/bouteillan\/#primaryimage\"},\"image\":{\"@id\":\"https:\/\/pradineslebas.com\/fr\/produit\/bouteillan\/#primaryimage\"},\"thumbnailUrl\":\"https:\/\/pradineslebas.com\/wp-content\/uploads\/2017\/03\/Boutielle_noire_bouteillan-2.jpg\",\"datePublished\":\"2017-03-19T05:01:06+00:00\",\"dateModified\":\"2021-12-01T05:49:24+00:00\",\"description\":\"Attach\u00e9 au grand bassin (Gard, Vard, H\u00e9rault). Arbre trapu, solide et belle olive charnue.\",\"breadcrumb\":{\"@id\":\"https:\/\/pradineslebas.com\/fr\/produit\/bouteillan\/#breadcrumb\"},\"inLanguage\":\"fr-FR\",\"potentialAction\":[{\"@type\":\"ReadAction\",\"target\":[\"https:\/\/pradineslebas.com\/fr\/produit\/bouteillan\/\"]}]},{\"@type\":\"ImageObject\",\"inLanguage\":\"fr-FR\",\"@id\":\"https:\/\/pradineslebas.com\/fr\/produit\/bouteillan\/#primaryimage\",\"url\":\"https:\/\/pradineslebas.com\/wp-content\/uploads\/2017\/03\/Boutielle_noire_bouteillan-2.jpg\",\"contentUrl\":\"https:\/\/pradineslebas.com\/wp-content\/uploads\/2017\/03\/Boutielle_noire_bouteillan-2.jpg\",\"width\":575,\"height\":575},{\"@type\":\"BreadcrumbList\",\"@id\":\"https:\/\/pradineslebas.com\/fr\/produit\/bouteillan\/#breadcrumb\",\"itemListElement\":[{\"@type\":\"ListItem\",\"position\":1,\"name\":\"Home\",\"item\":\"https:\/\/pradineslebas.com\/fr\/\"},{\"@type\":\"ListItem\",\"position\":2,\"name\":\"Shop\",\"item\":\"https:\/\/pradineslebas.com\/fr\/shop\/\"},{\"@type\":\"ListItem\",\"position\":3,\"name\":\"BOUTEILLAN\"}]},{\"@type\":\"WebSite\",\"@id\":\"https:\/\/pradineslebas.com\/#website\",\"url\":\"https:\/\/pradineslebas.com\/\",\"name\":\"Pradines Le Bas\",\"description\":\"Domaine de Pradines le Bas\",\"publisher\":{\"@id\":\"https:\/\/pradineslebas.com\/#organization\"},\"potentialAction\":[{\"@type\":\"SearchAction\",\"target\":{\"@type\":\"EntryPoint\",\"urlTemplate\":\"https:\/\/pradineslebas.com\/?s={search_term_string}\"},\"query-input\":{\"@type\":\"PropertyValueSpecification\",\"valueRequired\":true,\"valueName\":\"search_term_string\"}}],\"inLanguage\":\"fr-FR\"},{\"@type\":\"Organization\",\"@id\":\"https:\/\/pradineslebas.com\/#organization\",\"name\":\"Pradines le Bas\",\"url\":\"https:\/\/pradineslebas.com\/\",\"logo\":{\"@type\":\"ImageObject\",\"inLanguage\":\"fr-FR\",\"@id\":\"https:\/\/pradineslebas.com\/#\/schema\/logo\/image\/\",\"url\":\"https:\/\/pradineslebas.com\/wp-content\/uploads\/2017\/06\/favicon.jpg\",\"contentUrl\":\"https:\/\/pradineslebas.com\/wp-content\/uploads\/2017\/06\/favicon.jpg\",\"width\":536,\"height\":536,\"caption\":\"Pradines le Bas\"},\"image\":{\"@id\":\"https:\/\/pradineslebas.com\/#\/schema\/logo\/image\/\"},\"sameAs\":[\"https:\/\/www.facebook.com\/pradineslebas\/\",\"https:\/\/www.instagram.com\/domaine_pradineslebas\/\"]}]}<\/script>\n<!-- \/ Yoast SEO plugin. -->","yoast_head_json":{"title":"BOUTEILLAN ~ Pradines Le Bas","description":"Attach\u00e9 au grand bassin (Gard, Vard, H\u00e9rault). Arbre trapu, solide et belle olive charnue.","robots":{"index":"index","follow":"follow","max-snippet":"max-snippet:-1","max-image-preview":"max-image-preview:large","max-video-preview":"max-video-preview:-1"},"canonical":"https:\/\/pradineslebas.com\/fr\/produit\/bouteillan\/","og_locale":"fr_FR","og_type":"article","og_title":"BOUTEILLAN ~ Pradines Le Bas","og_description":"Attach\u00e9 au grand bassin (Gard, Vard, H\u00e9rault). Arbre trapu, solide et belle olive charnue.","og_url":"https:\/\/pradineslebas.com\/fr\/produit\/bouteillan\/","og_site_name":"Pradines Le Bas","article_publisher":"https:\/\/www.facebook.com\/pradineslebas\/","article_modified_time":"2021-12-01T05:49:24+00:00","og_image":[{"width":575,"height":575,"url":"https:\/\/pradineslebas.com\/wp-content\/uploads\/2017\/03\/Bouteillan.jpg","type":"image\/jpeg"}],"twitter_card":"summary_large_image","schema":{"@context":"https:\/\/schema.org","@graph":[{"@type":"WebPage","@id":"https:\/\/pradineslebas.com\/fr\/produit\/bouteillan\/","url":"https:\/\/pradineslebas.com\/fr\/produit\/bouteillan\/","name":"BOUTEILLAN ~ Pradines Le Bas","isPartOf":{"@id":"https:\/\/pradineslebas.com\/#website"},"primaryImageOfPage":{"@id":"https:\/\/pradineslebas.com\/fr\/produit\/bouteillan\/#primaryimage"},"image":{"@id":"https:\/\/pradineslebas.com\/fr\/produit\/bouteillan\/#primaryimage"},"thumbnailUrl":"https:\/\/pradineslebas.com\/wp-content\/uploads\/2017\/03\/Boutielle_noire_bouteillan-2.jpg","datePublished":"2017-03-19T05:01:06+00:00","dateModified":"2021-12-01T05:49:24+00:00","description":"Attach\u00e9 au grand bassin (Gard, Vard, H\u00e9rault). Arbre trapu, solide et belle olive charnue.","breadcrumb":{"@id":"https:\/\/pradineslebas.com\/fr\/produit\/bouteillan\/#breadcrumb"},"inLanguage":"fr-FR","potentialAction":[{"@type":"ReadAction","target":["https:\/\/pradineslebas.com\/fr\/produit\/bouteillan\/"]}]},{"@type":"ImageObject","inLanguage":"fr-FR","@id":"https:\/\/pradineslebas.com\/fr\/produit\/bouteillan\/#primaryimage","url":"https:\/\/pradineslebas.com\/wp-content\/uploads\/2017\/03\/Boutielle_noire_bouteillan-2.jpg","contentUrl":"https:\/\/pradineslebas.com\/wp-content\/uploads\/2017\/03\/Boutielle_noire_bouteillan-2.jpg","width":575,"height":575},{"@type":"BreadcrumbList","@id":"https:\/\/pradineslebas.com\/fr\/produit\/bouteillan\/#breadcrumb","itemListElement":[{"@type":"ListItem","position":1,"name":"Home","item":"https:\/\/pradineslebas.com\/fr\/"},{"@type":"ListItem","position":2,"name":"Shop","item":"https:\/\/pradineslebas.com\/fr\/shop\/"},{"@type":"ListItem","position":3,"name":"BOUTEILLAN"}]},{"@type":"WebSite","@id":"https:\/\/pradineslebas.com\/#website","url":"https:\/\/pradineslebas.com\/","name":"Pradines Le Bas","description":"Domaine de Pradines le Bas","publisher":{"@id":"https:\/\/pradineslebas.com\/#organization"},"potentialAction":[{"@type":"SearchAction","target":{"@type":"EntryPoint","urlTemplate":"https:\/\/pradineslebas.com\/?s={search_term_string}"},"query-input":{"@type":"PropertyValueSpecification","valueRequired":true,"valueName":"search_term_string"}}],"inLanguage":"fr-FR"},{"@type":"Organization","@id":"https:\/\/pradineslebas.com\/#organization","name":"Pradines le Bas","url":"https:\/\/pradineslebas.com\/","logo":{"@type":"ImageObject","inLanguage":"fr-FR","@id":"https:\/\/pradineslebas.com\/#\/schema\/logo\/image\/","url":"https:\/\/pradineslebas.com\/wp-content\/uploads\/2017\/06\/favicon.jpg","contentUrl":"https:\/\/pradineslebas.com\/wp-content\/uploads\/2017\/06\/favicon.jpg","width":536,"height":536,"caption":"Pradines le Bas"},"image":{"@id":"https:\/\/pradineslebas.com\/#\/schema\/logo\/image\/"},"sameAs":["https:\/\/www.facebook.com\/pradineslebas\/","https:\/\/www.instagram.com\/domaine_pradineslebas\/"]}]}},"_links":{"self":[{"href":"https:\/\/pradineslebas.com\/fr\/wp-json\/wp\/v2\/product\/119","targetHints":{"allow":["GET"]}}],"collection":[{"href":"https:\/\/pradineslebas.com\/fr\/wp-json\/wp\/v2\/product"}],"about":[{"href":"https:\/\/pradineslebas.com\/fr\/wp-json\/wp\/v2\/types\/product"}],"replies":[{"embeddable":true,"href":"https:\/\/pradineslebas.com\/fr\/wp-json\/wp\/v2\/comments?post=119"}],"wp:featuredmedia":[{"embeddable":true,"href":"https:\/\/pradineslebas.com\/fr\/wp-json\/wp\/v2\/media\/920"}],"wp:attachment":[{"href":"https:\/\/pradineslebas.com\/fr\/wp-json\/wp\/v2\/media?parent=119"}],"wp:term":[{"taxonomy":"product_brand","embeddable":true,"href":"https:\/\/pradineslebas.com\/fr\/wp-json\/wp\/v2\/product_brand?post=119"},{"taxonomy":"product_cat","embeddable":true,"href":"https:\/\/pradineslebas.com\/fr\/wp-json\/wp\/v2\/product_cat?post=119"},{"taxonomy":"product_tag","embeddable":true,"href":"https:\/\/pradineslebas.com\/fr\/wp-json\/wp\/v2\/product_tag?post=119"}],"curies":[{"name":"wp","href":"https:\/\/api.w.org\/{rel}","templated":true}]}}