{"id":123,"date":"2017-03-19T05:04:02","date_gmt":"2017-03-19T05:04:02","guid":{"rendered":"http:\/\/pradineslebas.com\/product\/la-cuvee-margaux\/"},"modified":"2021-12-01T05:50:02","modified_gmt":"2021-12-01T05:50:02","slug":"cuvee-margaux","status":"publish","type":"product","link":"https:\/\/pradineslebas.com\/fr\/produit\/cuvee-margaux\/","title":{"rendered":"CUV\u00c9E MARGAUX"},"content":{"rendered":"<p>C\u2019est l\u2019assemblage de Pradines !<\/p>\n<p>Jamais tout \u00e0 fait le m\u00eame mais toujours sur le m\u00eame tempo aromatique en fruit\u00e9 vert. Lucques, Cornicabra, Cayon et Amellau le composent dans des proportions diverses selon les ann\u00e9es. Onctueux, complexe, avec du caract\u00e8re.<\/p>\n<p>Sur des salades de roquette \u2013 parmesan, asperges et tous les poissons.<\/p>\n","protected":false},"excerpt":{"rendered":"<p>Certifi\u00e9e Bio par Ecocert. C\u2019est l\u2019assemblage de Pradines !<\/p>\n<p>Jamais tout \u00e0 fait le m\u00eame mais toujours sur le m\u00eame tempo aromatique en fruit\u00e9 vert. Lucques, Cornicabra, Cayon et Amellau le composent dans des proportions diverses selon les ann\u00e9es. Onctueux, complexe, avec du caract\u00e8re.<\/p>\n<p>Sur des salades de roquette \u2013 parmesan, asperges et tous les poissons.<\/p>\n","protected":false},"featured_media":358,"comment_status":"closed","ping_status":"closed","template":"","meta":[],"product_brand":[],"product_cat":[9],"product_tag":[],"class_list":{"0":"post-123","1":"product","2":"type-product","3":"status-publish","4":"has-post-thumbnail","6":"product_cat-huiles","8":"first","9":"instock","10":"taxable","11":"shipping-taxable","12":"purchasable","13":"product-type-simple"},"yoast_head":"<!-- This site is optimized with the Yoast SEO plugin v26.4 - https:\/\/yoast.com\/wordpress\/plugins\/seo\/ -->\n<title>CUV\u00c9E MARGAUX ~ Pradines Le Bas<\/title>\n<meta name=\"description\" content=\"C\u2019est l\u2019assemblage de Pradines ! Lucques, Cornicabra, Cayon et Amellau le composent dans des proportions diverses selon les ann\u00e9es. Onctueux, complexe, avec du caract\u00e8re.\" \/>\n<meta name=\"robots\" content=\"index, follow, max-snippet:-1, max-image-preview:large, max-video-preview:-1\" \/>\n<link rel=\"canonical\" href=\"https:\/\/pradineslebas.com\/produit\/cuvee-margaux\/\" \/>\n<meta property=\"og:locale\" content=\"fr_FR\" \/>\n<meta property=\"og:type\" content=\"article\" \/>\n<meta property=\"og:title\" content=\"CUV\u00c9E MARGAUX ~ Pradines Le Bas\" \/>\n<meta property=\"og:description\" content=\"C\u2019est l\u2019assemblage de Pradines ! Lucques, Cornicabra, Cayon et Amellau le composent dans des proportions diverses selon les ann\u00e9es. Onctueux, complexe, avec du caract\u00e8re.\" \/>\n<meta property=\"og:url\" content=\"https:\/\/pradineslebas.com\/produit\/cuvee-margaux\/\" \/>\n<meta property=\"og:site_name\" content=\"Pradines Le Bas\" \/>\n<meta property=\"article:publisher\" content=\"https:\/\/www.facebook.com\/pradineslebas\/\" \/>\n<meta property=\"article:modified_time\" content=\"2021-12-01T05:50:02+00:00\" \/>\n<meta name=\"twitter:card\" content=\"summary_large_image\" \/>\n<meta name=\"twitter:image\" content=\"https:\/\/pradineslebas.com\/wp-content\/uploads\/2017\/03\/Cuve\u0301e-Margaux.jpg\" \/>\n<script type=\"application\/ld+json\" class=\"yoast-schema-graph\">{\"@context\":\"https:\/\/schema.org\",\"@graph\":[{\"@type\":\"WebPage\",\"@id\":\"https:\/\/pradineslebas.com\/produit\/cuvee-margaux\/\",\"url\":\"https:\/\/pradineslebas.com\/produit\/cuvee-margaux\/\",\"name\":\"CUV\u00c9E MARGAUX ~ Pradines Le Bas\",\"isPartOf\":{\"@id\":\"https:\/\/pradineslebas.com\/#website\"},\"primaryImageOfPage\":{\"@id\":\"https:\/\/pradineslebas.com\/produit\/cuvee-margaux\/#primaryimage\"},\"image\":{\"@id\":\"https:\/\/pradineslebas.com\/produit\/cuvee-margaux\/#primaryimage\"},\"thumbnailUrl\":\"https:\/\/pradineslebas.com\/wp-content\/uploads\/2017\/03\/Cuve\u0301e-Margaux.jpg\",\"datePublished\":\"2017-03-19T05:04:02+00:00\",\"dateModified\":\"2021-12-01T05:50:02+00:00\",\"description\":\"C\u2019est l\u2019assemblage de Pradines ! Lucques, Cornicabra, Cayon et Amellau le composent dans des proportions diverses selon les ann\u00e9es. Onctueux, complexe, avec du caract\u00e8re.\",\"breadcrumb\":{\"@id\":\"https:\/\/pradineslebas.com\/produit\/cuvee-margaux\/#breadcrumb\"},\"inLanguage\":\"fr-FR\",\"potentialAction\":[{\"@type\":\"ReadAction\",\"target\":[\"https:\/\/pradineslebas.com\/produit\/cuvee-margaux\/\"]}]},{\"@type\":\"ImageObject\",\"inLanguage\":\"fr-FR\",\"@id\":\"https:\/\/pradineslebas.com\/produit\/cuvee-margaux\/#primaryimage\",\"url\":\"https:\/\/pradineslebas.com\/wp-content\/uploads\/2017\/03\/Cuve\u0301e-Margaux.jpg\",\"contentUrl\":\"https:\/\/pradineslebas.com\/wp-content\/uploads\/2017\/03\/Cuve\u0301e-Margaux.jpg\",\"width\":575,\"height\":575,\"caption\":\"Cuve\u0301e Margaux\"},{\"@type\":\"BreadcrumbList\",\"@id\":\"https:\/\/pradineslebas.com\/produit\/cuvee-margaux\/#breadcrumb\",\"itemListElement\":[{\"@type\":\"ListItem\",\"position\":1,\"name\":\"Home\",\"item\":\"https:\/\/pradineslebas.com\/fr\/\"},{\"@type\":\"ListItem\",\"position\":2,\"name\":\"Shop\",\"item\":\"https:\/\/pradineslebas.com\/fr\/shop\/\"},{\"@type\":\"ListItem\",\"position\":3,\"name\":\"CUV\u00c9E MARGAUX\"}]},{\"@type\":\"WebSite\",\"@id\":\"https:\/\/pradineslebas.com\/#website\",\"url\":\"https:\/\/pradineslebas.com\/\",\"name\":\"Pradines Le Bas\",\"description\":\"Domaine de Pradines le Bas\",\"publisher\":{\"@id\":\"https:\/\/pradineslebas.com\/#organization\"},\"potentialAction\":[{\"@type\":\"SearchAction\",\"target\":{\"@type\":\"EntryPoint\",\"urlTemplate\":\"https:\/\/pradineslebas.com\/?s={search_term_string}\"},\"query-input\":{\"@type\":\"PropertyValueSpecification\",\"valueRequired\":true,\"valueName\":\"search_term_string\"}}],\"inLanguage\":\"fr-FR\"},{\"@type\":\"Organization\",\"@id\":\"https:\/\/pradineslebas.com\/#organization\",\"name\":\"Pradines le Bas\",\"url\":\"https:\/\/pradineslebas.com\/\",\"logo\":{\"@type\":\"ImageObject\",\"inLanguage\":\"fr-FR\",\"@id\":\"https:\/\/pradineslebas.com\/#\/schema\/logo\/image\/\",\"url\":\"https:\/\/pradineslebas.com\/wp-content\/uploads\/2017\/06\/favicon.jpg\",\"contentUrl\":\"https:\/\/pradineslebas.com\/wp-content\/uploads\/2017\/06\/favicon.jpg\",\"width\":536,\"height\":536,\"caption\":\"Pradines le Bas\"},\"image\":{\"@id\":\"https:\/\/pradineslebas.com\/#\/schema\/logo\/image\/\"},\"sameAs\":[\"https:\/\/www.facebook.com\/pradineslebas\/\",\"https:\/\/www.instagram.com\/domaine_pradineslebas\/\"]}]}<\/script>\n<!-- \/ Yoast SEO plugin. -->","yoast_head_json":{"title":"CUV\u00c9E MARGAUX ~ Pradines Le Bas","description":"C\u2019est l\u2019assemblage de Pradines ! Lucques, Cornicabra, Cayon et Amellau le composent dans des proportions diverses selon les ann\u00e9es. Onctueux, complexe, avec du caract\u00e8re.","robots":{"index":"index","follow":"follow","max-snippet":"max-snippet:-1","max-image-preview":"max-image-preview:large","max-video-preview":"max-video-preview:-1"},"canonical":"https:\/\/pradineslebas.com\/produit\/cuvee-margaux\/","og_locale":"fr_FR","og_type":"article","og_title":"CUV\u00c9E MARGAUX ~ Pradines Le Bas","og_description":"C\u2019est l\u2019assemblage de Pradines ! Lucques, Cornicabra, Cayon et Amellau le composent dans des proportions diverses selon les ann\u00e9es. Onctueux, complexe, avec du caract\u00e8re.","og_url":"https:\/\/pradineslebas.com\/produit\/cuvee-margaux\/","og_site_name":"Pradines Le Bas","article_publisher":"https:\/\/www.facebook.com\/pradineslebas\/","article_modified_time":"2021-12-01T05:50:02+00:00","twitter_card":"summary_large_image","twitter_image":"https:\/\/pradineslebas.com\/wp-content\/uploads\/2017\/03\/Cuve\u0301e-Margaux.jpg","schema":{"@context":"https:\/\/schema.org","@graph":[{"@type":"WebPage","@id":"https:\/\/pradineslebas.com\/produit\/cuvee-margaux\/","url":"https:\/\/pradineslebas.com\/produit\/cuvee-margaux\/","name":"CUV\u00c9E MARGAUX ~ Pradines Le Bas","isPartOf":{"@id":"https:\/\/pradineslebas.com\/#website"},"primaryImageOfPage":{"@id":"https:\/\/pradineslebas.com\/produit\/cuvee-margaux\/#primaryimage"},"image":{"@id":"https:\/\/pradineslebas.com\/produit\/cuvee-margaux\/#primaryimage"},"thumbnailUrl":"https:\/\/pradineslebas.com\/wp-content\/uploads\/2017\/03\/Cuve\u0301e-Margaux.jpg","datePublished":"2017-03-19T05:04:02+00:00","dateModified":"2021-12-01T05:50:02+00:00","description":"C\u2019est l\u2019assemblage de Pradines ! Lucques, Cornicabra, Cayon et Amellau le composent dans des proportions diverses selon les ann\u00e9es. Onctueux, complexe, avec du caract\u00e8re.","breadcrumb":{"@id":"https:\/\/pradineslebas.com\/produit\/cuvee-margaux\/#breadcrumb"},"inLanguage":"fr-FR","potentialAction":[{"@type":"ReadAction","target":["https:\/\/pradineslebas.com\/produit\/cuvee-margaux\/"]}]},{"@type":"ImageObject","inLanguage":"fr-FR","@id":"https:\/\/pradineslebas.com\/produit\/cuvee-margaux\/#primaryimage","url":"https:\/\/pradineslebas.com\/wp-content\/uploads\/2017\/03\/Cuve\u0301e-Margaux.jpg","contentUrl":"https:\/\/pradineslebas.com\/wp-content\/uploads\/2017\/03\/Cuve\u0301e-Margaux.jpg","width":575,"height":575,"caption":"Cuve\u0301e Margaux"},{"@type":"BreadcrumbList","@id":"https:\/\/pradineslebas.com\/produit\/cuvee-margaux\/#breadcrumb","itemListElement":[{"@type":"ListItem","position":1,"name":"Home","item":"https:\/\/pradineslebas.com\/fr\/"},{"@type":"ListItem","position":2,"name":"Shop","item":"https:\/\/pradineslebas.com\/fr\/shop\/"},{"@type":"ListItem","position":3,"name":"CUV\u00c9E MARGAUX"}]},{"@type":"WebSite","@id":"https:\/\/pradineslebas.com\/#website","url":"https:\/\/pradineslebas.com\/","name":"Pradines Le Bas","description":"Domaine de Pradines le Bas","publisher":{"@id":"https:\/\/pradineslebas.com\/#organization"},"potentialAction":[{"@type":"SearchAction","target":{"@type":"EntryPoint","urlTemplate":"https:\/\/pradineslebas.com\/?s={search_term_string}"},"query-input":{"@type":"PropertyValueSpecification","valueRequired":true,"valueName":"search_term_string"}}],"inLanguage":"fr-FR"},{"@type":"Organization","@id":"https:\/\/pradineslebas.com\/#organization","name":"Pradines le Bas","url":"https:\/\/pradineslebas.com\/","logo":{"@type":"ImageObject","inLanguage":"fr-FR","@id":"https:\/\/pradineslebas.com\/#\/schema\/logo\/image\/","url":"https:\/\/pradineslebas.com\/wp-content\/uploads\/2017\/06\/favicon.jpg","contentUrl":"https:\/\/pradineslebas.com\/wp-content\/uploads\/2017\/06\/favicon.jpg","width":536,"height":536,"caption":"Pradines le Bas"},"image":{"@id":"https:\/\/pradineslebas.com\/#\/schema\/logo\/image\/"},"sameAs":["https:\/\/www.facebook.com\/pradineslebas\/","https:\/\/www.instagram.com\/domaine_pradineslebas\/"]}]}},"_links":{"self":[{"href":"https:\/\/pradineslebas.com\/fr\/wp-json\/wp\/v2\/product\/123","targetHints":{"allow":["GET"]}}],"collection":[{"href":"https:\/\/pradineslebas.com\/fr\/wp-json\/wp\/v2\/product"}],"about":[{"href":"https:\/\/pradineslebas.com\/fr\/wp-json\/wp\/v2\/types\/product"}],"replies":[{"embeddable":true,"href":"https:\/\/pradineslebas.com\/fr\/wp-json\/wp\/v2\/comments?post=123"}],"wp:featuredmedia":[{"embeddable":true,"href":"https:\/\/pradineslebas.com\/fr\/wp-json\/wp\/v2\/media\/358"}],"wp:attachment":[{"href":"https:\/\/pradineslebas.com\/fr\/wp-json\/wp\/v2\/media?parent=123"}],"wp:term":[{"taxonomy":"product_brand","embeddable":true,"href":"https:\/\/pradineslebas.com\/fr\/wp-json\/wp\/v2\/product_brand?post=123"},{"taxonomy":"product_cat","embeddable":true,"href":"https:\/\/pradineslebas.com\/fr\/wp-json\/wp\/v2\/product_cat?post=123"},{"taxonomy":"product_tag","embeddable":true,"href":"https:\/\/pradineslebas.com\/fr\/wp-json\/wp\/v2\/product_tag?post=123"}],"curies":[{"name":"wp","href":"https:\/\/api.w.org\/{rel}","templated":true}]}}