{"id":132,"date":"2017-03-18T18:29:00","date_gmt":"2017-03-18T18:29:00","guid":{"rendered":"http:\/\/pradineslebas.com\/product\/huile-dolive-en-push-bag-de-3l\/"},"modified":"2025-12-18T04:05:29","modified_gmt":"2025-12-18T04:05:29","slug":"huile-dolive-en-push-bag-de-3l","status":"publish","type":"product","link":"https:\/\/pradineslebas.com\/fr\/produit\/huile-dolive-en-push-bag-de-3l\/","title":{"rendered":"HUILE D\u2019OLIVE EN PUSH BAG DE 3L 7 VARI\u00c9T\u00c9S D&rsquo;HUILE"},"content":{"rendered":"<p><strong>Aglandau<\/strong> Arbre tr\u00e8s rustique qui craint la s\u00e9cheresse. Huile ardente tr\u00e8s herbac\u00e9e, fruit\u00e9e vert aux ar\u00f4mes de tomate verte puis banane apr\u00e8s quelques mois en cuve. Un jus frais sur des fraises ou des poires compot\u00e9es.<\/p>\n<p><strong>Bouteillan<\/strong> Widespread in the South of France (Gard, Var, H\u00e9rault). A sturdy tree, with lovely fleshy olives. Strong aromas of white fruit and green tomatoes and freshly cut grass. Best enjoyed with all salad, even rocket. Excellent with sheep\u2019s cheese. Lovely fiery, green pungent character. Harvest mid-November.<\/p>\n<p><strong>Cuv\u00e9e Margaux<\/strong> C\u2019est l\u2019assemblage de Pradines ! Jamais tout \u00e0 fait le m\u00eame mais toujours sur le m\u00eame tempo aromatique en fruit\u00e9 vert. Lucques, Cornicabra, Cayon et Amellau le composent dans des proportions diverses selon les ann\u00e9es. Onctueux, complexe, avec du caract\u00e8re. Sur des salades de roquette \u2013 parmesan, asperges et tous les poissons.<\/p>\n<p><strong>Lucques-Picholine<\/strong> Assemblage r\u00e9ussi en fruit\u00e9 m\u00fbr et vert. La Lucques apporte la douceur et la Picholine renforce l\u2019accord. Id\u00e9al en cuisine du sud, caviar d\u2019aubergines, tomates confites, fromage de brebis et tians de l\u00e9gumes. Un r\u00e9gal !<\/p>\n<p><strong>Olivi\u00e8re<\/strong> Une des vari\u00e9t\u00e9s les plus anciennes et la plus r\u00e9pandue dans notre r\u00e9gion. Les languedociens l\u2019appelaient l\u2019olivier femelle ou \u00ab pounchudo \u00bb (pointue). Ce bel arbre tr\u00e9s vigoureux avec son port retombant caract\u00e9ristique, produit un fruit r\u00e9colt\u00e9 au mois de novembre qui offre un jus couleur jaune dor\u00e9 et une belle onctuosit\u00e9. Son fruit\u00e9 est domin\u00e9 par des ar\u00f4mes de tomates fruit et d\u00e9veloppe une belle ardence id\u00e9ale sur salades, p\u00e2tes, p\u00e9lardon, fraises et chocolat noir.<\/p>\n<p><strong>\u00a0Picholine<\/strong> Aromas of raw artichoke leaves. Lovely bitterness, certainly not a flaw. Intense on the nose and sometimes flavours of plum. Best enjoyed on boiled and mashed potatoes and also with grilled Mediterranean vegetables. Harvest from mid to the end of December, at full maturity.<\/p>\n<p><strong>V\u00e9tus Ol\u00e9um \u00ab Gout \u00e0 l\u2019Ancienne \u00bb<\/strong><br \/>\nCe fruit\u00e9 est issu d\u2019olives ferment\u00e9es naturellement. C\u2019est une huile douce avec caract\u00e8re et ardence. Elle r\u00e9v\u00e8le des ar\u00f4mes de chocolat noir, de truffe et sous-bois mais surtout d\u2019olives noires confites et tapenade. Elle rappelle pour beaucoup les huiles d\u2019antan quand les olives attendaient plusieurs jours dans le moulin avant d\u2019\u00eatre tritur\u00e9es.<\/p>\n","protected":false},"excerpt":{"rendered":"<p>Votre huile pr\u00e9f\u00e9r\u00e9e en contenant de 3 litres , conserv\u00e9e \u00e0 l\u2019abri de la lumi\u00e8re et de l\u2019air . Ce sac dispose d\u2019un robinet et vous permet une utilisation plus pratique et sans manipulation pour transvaser les huiles dans d\u2019autres r\u00e9cipients . Toutes les vari\u00e9t\u00e9s d\u2019huile au choix .<\/p>\n","protected":false},"featured_media":104,"comment_status":"closed","ping_status":"closed","template":"","meta":[],"product_brand":[],"product_cat":[9],"product_tag":[],"class_list":{"0":"post-132","1":"product","2":"type-product","3":"status-publish","4":"has-post-thumbnail","6":"product_cat-huiles","8":"first","9":"instock","10":"taxable","11":"shipping-taxable","12":"purchasable","13":"product-type-variable"},"yoast_head":"<!-- This site is optimized with the Yoast SEO plugin v26.4 - https:\/\/yoast.com\/wordpress\/plugins\/seo\/ -->\n<title>HUILE D\u2019OLIVE EN PUSH BAG DE 3L 7 VARI\u00c9T\u00c9S D&#039;HUILE ~ Pradines Le Bas<\/title>\n<meta name=\"description\" content=\"Votre huile pr\u00e9f\u00e9r\u00e9e en contenant de 3 litres , conserv\u00e9e \u00e0 l\u2019abri de la lumi\u00e8re et de l\u2019air . Toutes les vari\u00e9t\u00e9s d\u2019huile au choix .\" \/>\n<meta name=\"robots\" content=\"index, follow, max-snippet:-1, max-image-preview:large, max-video-preview:-1\" \/>\n<link rel=\"canonical\" href=\"https:\/\/pradineslebas.com\/fr\/produit\/huile-dolive-en-push-bag-de-3l\/\" \/>\n<meta property=\"og:locale\" content=\"fr_FR\" \/>\n<meta property=\"og:type\" content=\"article\" \/>\n<meta property=\"og:title\" content=\"HUILE D\u2019OLIVE EN PUSH BAG DE 3L 7 VARI\u00c9T\u00c9S D&#039;HUILE ~ Pradines Le Bas\" \/>\n<meta property=\"og:description\" content=\"Votre huile pr\u00e9f\u00e9r\u00e9e en contenant de 3 litres , conserv\u00e9e \u00e0 l\u2019abri de la lumi\u00e8re et de l\u2019air . Toutes les vari\u00e9t\u00e9s d\u2019huile au choix .\" \/>\n<meta property=\"og:url\" content=\"https:\/\/pradineslebas.com\/fr\/produit\/huile-dolive-en-push-bag-de-3l\/\" \/>\n<meta property=\"og:site_name\" content=\"Pradines Le Bas\" \/>\n<meta property=\"article:publisher\" content=\"https:\/\/www.facebook.com\/pradineslebas\/\" \/>\n<meta property=\"article:modified_time\" content=\"2025-12-18T04:05:29+00:00\" \/>\n<meta property=\"og:image\" content=\"https:\/\/pradineslebas.com\/wp-content\/uploads\/2017\/03\/Pushbag-3ltr.jpg\" \/>\n\t<meta property=\"og:image:width\" content=\"1200\" \/>\n\t<meta property=\"og:image:height\" content=\"1200\" \/>\n\t<meta property=\"og:image:type\" content=\"image\/jpeg\" \/>\n<meta name=\"twitter:card\" content=\"summary_large_image\" \/>\n<meta name=\"twitter:label1\" content=\"Dur\u00e9e de lecture estim\u00e9e\" \/>\n\t<meta name=\"twitter:data1\" content=\"2 minutes\" \/>\n<script type=\"application\/ld+json\" class=\"yoast-schema-graph\">{\"@context\":\"https:\/\/schema.org\",\"@graph\":[{\"@type\":\"WebPage\",\"@id\":\"https:\/\/pradineslebas.com\/fr\/produit\/huile-dolive-en-push-bag-de-3l\/\",\"url\":\"https:\/\/pradineslebas.com\/fr\/produit\/huile-dolive-en-push-bag-de-3l\/\",\"name\":\"HUILE D\u2019OLIVE EN PUSH BAG DE 3L 7 VARI\u00c9T\u00c9S D'HUILE ~ Pradines Le Bas\",\"isPartOf\":{\"@id\":\"https:\/\/pradineslebas.com\/#website\"},\"primaryImageOfPage\":{\"@id\":\"https:\/\/pradineslebas.com\/fr\/produit\/huile-dolive-en-push-bag-de-3l\/#primaryimage\"},\"image\":{\"@id\":\"https:\/\/pradineslebas.com\/fr\/produit\/huile-dolive-en-push-bag-de-3l\/#primaryimage\"},\"thumbnailUrl\":\"https:\/\/pradineslebas.com\/wp-content\/uploads\/2017\/03\/Pushbag-3ltr.jpg\",\"datePublished\":\"2017-03-18T18:29:00+00:00\",\"dateModified\":\"2025-12-18T04:05:29+00:00\",\"description\":\"Votre huile pr\u00e9f\u00e9r\u00e9e en contenant de 3 litres , conserv\u00e9e \u00e0 l\u2019abri de la lumi\u00e8re et de l\u2019air . Toutes les vari\u00e9t\u00e9s d\u2019huile au choix .\",\"breadcrumb\":{\"@id\":\"https:\/\/pradineslebas.com\/fr\/produit\/huile-dolive-en-push-bag-de-3l\/#breadcrumb\"},\"inLanguage\":\"fr-FR\",\"potentialAction\":[{\"@type\":\"ReadAction\",\"target\":[\"https:\/\/pradineslebas.com\/fr\/produit\/huile-dolive-en-push-bag-de-3l\/\"]}]},{\"@type\":\"ImageObject\",\"inLanguage\":\"fr-FR\",\"@id\":\"https:\/\/pradineslebas.com\/fr\/produit\/huile-dolive-en-push-bag-de-3l\/#primaryimage\",\"url\":\"https:\/\/pradineslebas.com\/wp-content\/uploads\/2017\/03\/Pushbag-3ltr.jpg\",\"contentUrl\":\"https:\/\/pradineslebas.com\/wp-content\/uploads\/2017\/03\/Pushbag-3ltr.jpg\",\"width\":1200,\"height\":1200,\"caption\":\"Pushbag 3ltr\"},{\"@type\":\"BreadcrumbList\",\"@id\":\"https:\/\/pradineslebas.com\/fr\/produit\/huile-dolive-en-push-bag-de-3l\/#breadcrumb\",\"itemListElement\":[{\"@type\":\"ListItem\",\"position\":1,\"name\":\"Home\",\"item\":\"https:\/\/pradineslebas.com\/fr\/\"},{\"@type\":\"ListItem\",\"position\":2,\"name\":\"Shop\",\"item\":\"https:\/\/pradineslebas.com\/fr\/shop\/\"},{\"@type\":\"ListItem\",\"position\":3,\"name\":\"HUILE D\u2019OLIVE EN PUSH BAG DE 3L 7 VARI\u00c9T\u00c9S D&#8217;HUILE\"}]},{\"@type\":\"WebSite\",\"@id\":\"https:\/\/pradineslebas.com\/#website\",\"url\":\"https:\/\/pradineslebas.com\/\",\"name\":\"Pradines Le Bas\",\"description\":\"Domaine de Pradines le Bas\",\"publisher\":{\"@id\":\"https:\/\/pradineslebas.com\/#organization\"},\"potentialAction\":[{\"@type\":\"SearchAction\",\"target\":{\"@type\":\"EntryPoint\",\"urlTemplate\":\"https:\/\/pradineslebas.com\/?s={search_term_string}\"},\"query-input\":{\"@type\":\"PropertyValueSpecification\",\"valueRequired\":true,\"valueName\":\"search_term_string\"}}],\"inLanguage\":\"fr-FR\"},{\"@type\":\"Organization\",\"@id\":\"https:\/\/pradineslebas.com\/#organization\",\"name\":\"Pradines le Bas\",\"url\":\"https:\/\/pradineslebas.com\/\",\"logo\":{\"@type\":\"ImageObject\",\"inLanguage\":\"fr-FR\",\"@id\":\"https:\/\/pradineslebas.com\/#\/schema\/logo\/image\/\",\"url\":\"https:\/\/pradineslebas.com\/wp-content\/uploads\/2017\/06\/favicon.jpg\",\"contentUrl\":\"https:\/\/pradineslebas.com\/wp-content\/uploads\/2017\/06\/favicon.jpg\",\"width\":536,\"height\":536,\"caption\":\"Pradines le Bas\"},\"image\":{\"@id\":\"https:\/\/pradineslebas.com\/#\/schema\/logo\/image\/\"},\"sameAs\":[\"https:\/\/www.facebook.com\/pradineslebas\/\",\"https:\/\/www.instagram.com\/domaine_pradineslebas\/\"]}]}<\/script>\n<!-- \/ Yoast SEO plugin. -->","yoast_head_json":{"title":"HUILE D\u2019OLIVE EN PUSH BAG DE 3L 7 VARI\u00c9T\u00c9S D'HUILE ~ Pradines Le Bas","description":"Votre huile pr\u00e9f\u00e9r\u00e9e en contenant de 3 litres , conserv\u00e9e \u00e0 l\u2019abri de la lumi\u00e8re et de l\u2019air . Toutes les vari\u00e9t\u00e9s d\u2019huile au choix .","robots":{"index":"index","follow":"follow","max-snippet":"max-snippet:-1","max-image-preview":"max-image-preview:large","max-video-preview":"max-video-preview:-1"},"canonical":"https:\/\/pradineslebas.com\/fr\/produit\/huile-dolive-en-push-bag-de-3l\/","og_locale":"fr_FR","og_type":"article","og_title":"HUILE D\u2019OLIVE EN PUSH BAG DE 3L 7 VARI\u00c9T\u00c9S D'HUILE ~ Pradines Le Bas","og_description":"Votre huile pr\u00e9f\u00e9r\u00e9e en contenant de 3 litres , conserv\u00e9e \u00e0 l\u2019abri de la lumi\u00e8re et de l\u2019air . Toutes les vari\u00e9t\u00e9s d\u2019huile au choix .","og_url":"https:\/\/pradineslebas.com\/fr\/produit\/huile-dolive-en-push-bag-de-3l\/","og_site_name":"Pradines Le Bas","article_publisher":"https:\/\/www.facebook.com\/pradineslebas\/","article_modified_time":"2025-12-18T04:05:29+00:00","og_image":[{"width":1200,"height":1200,"url":"https:\/\/pradineslebas.com\/wp-content\/uploads\/2017\/03\/Pushbag-3ltr.jpg","type":"image\/jpeg"}],"twitter_card":"summary_large_image","twitter_misc":{"Dur\u00e9e de lecture estim\u00e9e":"2 minutes"},"schema":{"@context":"https:\/\/schema.org","@graph":[{"@type":"WebPage","@id":"https:\/\/pradineslebas.com\/fr\/produit\/huile-dolive-en-push-bag-de-3l\/","url":"https:\/\/pradineslebas.com\/fr\/produit\/huile-dolive-en-push-bag-de-3l\/","name":"HUILE D\u2019OLIVE EN PUSH BAG DE 3L 7 VARI\u00c9T\u00c9S D'HUILE ~ Pradines Le Bas","isPartOf":{"@id":"https:\/\/pradineslebas.com\/#website"},"primaryImageOfPage":{"@id":"https:\/\/pradineslebas.com\/fr\/produit\/huile-dolive-en-push-bag-de-3l\/#primaryimage"},"image":{"@id":"https:\/\/pradineslebas.com\/fr\/produit\/huile-dolive-en-push-bag-de-3l\/#primaryimage"},"thumbnailUrl":"https:\/\/pradineslebas.com\/wp-content\/uploads\/2017\/03\/Pushbag-3ltr.jpg","datePublished":"2017-03-18T18:29:00+00:00","dateModified":"2025-12-18T04:05:29+00:00","description":"Votre huile pr\u00e9f\u00e9r\u00e9e en contenant de 3 litres , conserv\u00e9e \u00e0 l\u2019abri de la lumi\u00e8re et de l\u2019air . Toutes les vari\u00e9t\u00e9s d\u2019huile au choix .","breadcrumb":{"@id":"https:\/\/pradineslebas.com\/fr\/produit\/huile-dolive-en-push-bag-de-3l\/#breadcrumb"},"inLanguage":"fr-FR","potentialAction":[{"@type":"ReadAction","target":["https:\/\/pradineslebas.com\/fr\/produit\/huile-dolive-en-push-bag-de-3l\/"]}]},{"@type":"ImageObject","inLanguage":"fr-FR","@id":"https:\/\/pradineslebas.com\/fr\/produit\/huile-dolive-en-push-bag-de-3l\/#primaryimage","url":"https:\/\/pradineslebas.com\/wp-content\/uploads\/2017\/03\/Pushbag-3ltr.jpg","contentUrl":"https:\/\/pradineslebas.com\/wp-content\/uploads\/2017\/03\/Pushbag-3ltr.jpg","width":1200,"height":1200,"caption":"Pushbag 3ltr"},{"@type":"BreadcrumbList","@id":"https:\/\/pradineslebas.com\/fr\/produit\/huile-dolive-en-push-bag-de-3l\/#breadcrumb","itemListElement":[{"@type":"ListItem","position":1,"name":"Home","item":"https:\/\/pradineslebas.com\/fr\/"},{"@type":"ListItem","position":2,"name":"Shop","item":"https:\/\/pradineslebas.com\/fr\/shop\/"},{"@type":"ListItem","position":3,"name":"HUILE D\u2019OLIVE EN PUSH BAG DE 3L 7 VARI\u00c9T\u00c9S D&#8217;HUILE"}]},{"@type":"WebSite","@id":"https:\/\/pradineslebas.com\/#website","url":"https:\/\/pradineslebas.com\/","name":"Pradines Le Bas","description":"Domaine de Pradines le Bas","publisher":{"@id":"https:\/\/pradineslebas.com\/#organization"},"potentialAction":[{"@type":"SearchAction","target":{"@type":"EntryPoint","urlTemplate":"https:\/\/pradineslebas.com\/?s={search_term_string}"},"query-input":{"@type":"PropertyValueSpecification","valueRequired":true,"valueName":"search_term_string"}}],"inLanguage":"fr-FR"},{"@type":"Organization","@id":"https:\/\/pradineslebas.com\/#organization","name":"Pradines le Bas","url":"https:\/\/pradineslebas.com\/","logo":{"@type":"ImageObject","inLanguage":"fr-FR","@id":"https:\/\/pradineslebas.com\/#\/schema\/logo\/image\/","url":"https:\/\/pradineslebas.com\/wp-content\/uploads\/2017\/06\/favicon.jpg","contentUrl":"https:\/\/pradineslebas.com\/wp-content\/uploads\/2017\/06\/favicon.jpg","width":536,"height":536,"caption":"Pradines le Bas"},"image":{"@id":"https:\/\/pradineslebas.com\/#\/schema\/logo\/image\/"},"sameAs":["https:\/\/www.facebook.com\/pradineslebas\/","https:\/\/www.instagram.com\/domaine_pradineslebas\/"]}]}},"_links":{"self":[{"href":"https:\/\/pradineslebas.com\/fr\/wp-json\/wp\/v2\/product\/132","targetHints":{"allow":["GET"]}}],"collection":[{"href":"https:\/\/pradineslebas.com\/fr\/wp-json\/wp\/v2\/product"}],"about":[{"href":"https:\/\/pradineslebas.com\/fr\/wp-json\/wp\/v2\/types\/product"}],"replies":[{"embeddable":true,"href":"https:\/\/pradineslebas.com\/fr\/wp-json\/wp\/v2\/comments?post=132"}],"wp:featuredmedia":[{"embeddable":true,"href":"https:\/\/pradineslebas.com\/fr\/wp-json\/wp\/v2\/media\/104"}],"wp:attachment":[{"href":"https:\/\/pradineslebas.com\/fr\/wp-json\/wp\/v2\/media?parent=132"}],"wp:term":[{"taxonomy":"product_brand","embeddable":true,"href":"https:\/\/pradineslebas.com\/fr\/wp-json\/wp\/v2\/product_brand?post=132"},{"taxonomy":"product_cat","embeddable":true,"href":"https:\/\/pradineslebas.com\/fr\/wp-json\/wp\/v2\/product_cat?post=132"},{"taxonomy":"product_tag","embeddable":true,"href":"https:\/\/pradineslebas.com\/fr\/wp-json\/wp\/v2\/product_tag?post=132"}],"curies":[{"name":"wp","href":"https:\/\/api.w.org\/{rel}","templated":true}]}}