{"id":18,"date":"2017-03-18T17:12:44","date_gmt":"2017-03-18T17:12:44","guid":{"rendered":"http:\/\/pradineslebas.com\/product\/la-picholine\/"},"modified":"2021-12-01T05:57:52","modified_gmt":"2021-12-01T05:57:52","slug":"la-picholine","status":"publish","type":"product","link":"https:\/\/pradineslebas.com\/fr\/produit\/la-picholine\/","title":{"rendered":"LA PICHOLINE"},"content":{"rendered":"<p>Ar\u00f4mes de feuilles d\u2019artichaut crues. Belle amertume qui n\u2019est pas un d\u00e9faut. Nez intense et parfois de la prune en bouche.<\/p>\n<p>Sur un \u00e9cras\u00e9 de pommes de terre et tous les l\u00e9gumes grill\u00e9s m\u00e9diterran\u00e9ens.<\/p>\n<p>R\u00e9colte mi \u00e0 fin d\u00e9cembre en fruit\u00e9 m\u00fbr.<\/p>\n","protected":false},"excerpt":{"rendered":"<p>Certifi\u00e9e Bio par Ecocert. Ar\u00f4mes de feuilles d\u2019artichaut crues. Belle amertume qui n\u2019est pas un d\u00e9faut. Nez intense et parfois de la prune en bouche.<\/p>\n<p>Sur un \u00e9cras\u00e9 de pommes de terre et tous les l\u00e9gumes grill\u00e9s m\u00e9diterran\u00e9ens.<\/p>\n<p>R\u00e9colte mi \u00e0 fin d\u00e9cembre en fruit\u00e9 m\u00fbr.<\/p>\n<p>&nbsp;<\/p>\n","protected":false},"featured_media":927,"comment_status":"closed","ping_status":"closed","template":"","meta":[],"product_brand":[],"product_cat":[9],"product_tag":[],"class_list":{"0":"post-18","1":"product","2":"type-product","3":"status-publish","4":"has-post-thumbnail","6":"product_cat-huiles","8":"first","9":"instock","10":"taxable","11":"shipping-taxable","12":"purchasable","13":"product-type-simple"},"yoast_head":"<!-- This site is optimized with the Yoast SEO plugin v26.4 - https:\/\/yoast.com\/wordpress\/plugins\/seo\/ -->\n<title>LA PICHOLINE ~ Pradines Le Bas<\/title>\n<meta name=\"description\" content=\"Ar\u00f4mes de feuilles d\u2019artichaut crues. Belle amertume qui n\u2019est pas un d\u00e9faut. Nez intense et parfois de la prune en bouche.\" \/>\n<meta name=\"robots\" content=\"index, follow, max-snippet:-1, max-image-preview:large, max-video-preview:-1\" \/>\n<link rel=\"canonical\" href=\"https:\/\/pradineslebas.com\/fr\/produit\/la-picholine\/\" \/>\n<meta property=\"og:locale\" content=\"fr_FR\" \/>\n<meta property=\"og:type\" content=\"article\" \/>\n<meta property=\"og:title\" content=\"LA PICHOLINE ~ Pradines Le Bas\" \/>\n<meta property=\"og:description\" content=\"Ar\u00f4mes de feuilles d\u2019artichaut crues. Belle amertume qui n\u2019est pas un d\u00e9faut. Nez intense et parfois de la prune en bouche.\" \/>\n<meta property=\"og:url\" content=\"https:\/\/pradineslebas.com\/fr\/produit\/la-picholine\/\" \/>\n<meta property=\"og:site_name\" content=\"Pradines Le Bas\" \/>\n<meta property=\"article:publisher\" content=\"https:\/\/www.facebook.com\/pradineslebas\/\" \/>\n<meta property=\"article:modified_time\" content=\"2021-12-01T05:57:52+00:00\" \/>\n<meta property=\"og:image\" content=\"https:\/\/pradineslebas.com\/wp-content\/uploads\/2017\/03\/Picholine.jpg\" \/>\n\t<meta property=\"og:image:width\" content=\"575\" \/>\n\t<meta property=\"og:image:height\" content=\"575\" \/>\n\t<meta property=\"og:image:type\" content=\"image\/jpeg\" \/>\n<meta name=\"twitter:card\" content=\"summary_large_image\" \/>\n<script type=\"application\/ld+json\" class=\"yoast-schema-graph\">{\"@context\":\"https:\/\/schema.org\",\"@graph\":[{\"@type\":\"WebPage\",\"@id\":\"https:\/\/pradineslebas.com\/fr\/produit\/la-picholine\/\",\"url\":\"https:\/\/pradineslebas.com\/fr\/produit\/la-picholine\/\",\"name\":\"LA PICHOLINE ~ Pradines Le Bas\",\"isPartOf\":{\"@id\":\"https:\/\/pradineslebas.com\/#website\"},\"primaryImageOfPage\":{\"@id\":\"https:\/\/pradineslebas.com\/fr\/produit\/la-picholine\/#primaryimage\"},\"image\":{\"@id\":\"https:\/\/pradineslebas.com\/fr\/produit\/la-picholine\/#primaryimage\"},\"thumbnailUrl\":\"https:\/\/pradineslebas.com\/wp-content\/uploads\/2017\/03\/Boutielle_noire_cuvee_picholine-2.jpg\",\"datePublished\":\"2017-03-18T17:12:44+00:00\",\"dateModified\":\"2021-12-01T05:57:52+00:00\",\"description\":\"Ar\u00f4mes de feuilles d\u2019artichaut crues. Belle amertume qui n\u2019est pas un d\u00e9faut. Nez intense et parfois de la prune en bouche.\",\"breadcrumb\":{\"@id\":\"https:\/\/pradineslebas.com\/fr\/produit\/la-picholine\/#breadcrumb\"},\"inLanguage\":\"fr-FR\",\"potentialAction\":[{\"@type\":\"ReadAction\",\"target\":[\"https:\/\/pradineslebas.com\/fr\/produit\/la-picholine\/\"]}]},{\"@type\":\"ImageObject\",\"inLanguage\":\"fr-FR\",\"@id\":\"https:\/\/pradineslebas.com\/fr\/produit\/la-picholine\/#primaryimage\",\"url\":\"https:\/\/pradineslebas.com\/wp-content\/uploads\/2017\/03\/Boutielle_noire_cuvee_picholine-2.jpg\",\"contentUrl\":\"https:\/\/pradineslebas.com\/wp-content\/uploads\/2017\/03\/Boutielle_noire_cuvee_picholine-2.jpg\",\"width\":575,\"height\":575},{\"@type\":\"BreadcrumbList\",\"@id\":\"https:\/\/pradineslebas.com\/fr\/produit\/la-picholine\/#breadcrumb\",\"itemListElement\":[{\"@type\":\"ListItem\",\"position\":1,\"name\":\"Home\",\"item\":\"https:\/\/pradineslebas.com\/fr\/\"},{\"@type\":\"ListItem\",\"position\":2,\"name\":\"Shop\",\"item\":\"https:\/\/pradineslebas.com\/fr\/shop\/\"},{\"@type\":\"ListItem\",\"position\":3,\"name\":\"LA PICHOLINE\"}]},{\"@type\":\"WebSite\",\"@id\":\"https:\/\/pradineslebas.com\/#website\",\"url\":\"https:\/\/pradineslebas.com\/\",\"name\":\"Pradines Le Bas\",\"description\":\"Domaine de Pradines le Bas\",\"publisher\":{\"@id\":\"https:\/\/pradineslebas.com\/#organization\"},\"potentialAction\":[{\"@type\":\"SearchAction\",\"target\":{\"@type\":\"EntryPoint\",\"urlTemplate\":\"https:\/\/pradineslebas.com\/?s={search_term_string}\"},\"query-input\":{\"@type\":\"PropertyValueSpecification\",\"valueRequired\":true,\"valueName\":\"search_term_string\"}}],\"inLanguage\":\"fr-FR\"},{\"@type\":\"Organization\",\"@id\":\"https:\/\/pradineslebas.com\/#organization\",\"name\":\"Pradines le Bas\",\"url\":\"https:\/\/pradineslebas.com\/\",\"logo\":{\"@type\":\"ImageObject\",\"inLanguage\":\"fr-FR\",\"@id\":\"https:\/\/pradineslebas.com\/#\/schema\/logo\/image\/\",\"url\":\"https:\/\/pradineslebas.com\/wp-content\/uploads\/2017\/06\/favicon.jpg\",\"contentUrl\":\"https:\/\/pradineslebas.com\/wp-content\/uploads\/2017\/06\/favicon.jpg\",\"width\":536,\"height\":536,\"caption\":\"Pradines le Bas\"},\"image\":{\"@id\":\"https:\/\/pradineslebas.com\/#\/schema\/logo\/image\/\"},\"sameAs\":[\"https:\/\/www.facebook.com\/pradineslebas\/\",\"https:\/\/www.instagram.com\/domaine_pradineslebas\/\"]}]}<\/script>\n<!-- \/ Yoast SEO plugin. -->","yoast_head_json":{"title":"LA PICHOLINE ~ Pradines Le Bas","description":"Ar\u00f4mes de feuilles d\u2019artichaut crues. Belle amertume qui n\u2019est pas un d\u00e9faut. Nez intense et parfois de la prune en bouche.","robots":{"index":"index","follow":"follow","max-snippet":"max-snippet:-1","max-image-preview":"max-image-preview:large","max-video-preview":"max-video-preview:-1"},"canonical":"https:\/\/pradineslebas.com\/fr\/produit\/la-picholine\/","og_locale":"fr_FR","og_type":"article","og_title":"LA PICHOLINE ~ Pradines Le Bas","og_description":"Ar\u00f4mes de feuilles d\u2019artichaut crues. Belle amertume qui n\u2019est pas un d\u00e9faut. Nez intense et parfois de la prune en bouche.","og_url":"https:\/\/pradineslebas.com\/fr\/produit\/la-picholine\/","og_site_name":"Pradines Le Bas","article_publisher":"https:\/\/www.facebook.com\/pradineslebas\/","article_modified_time":"2021-12-01T05:57:52+00:00","og_image":[{"width":575,"height":575,"url":"https:\/\/pradineslebas.com\/wp-content\/uploads\/2017\/03\/Picholine.jpg","type":"image\/jpeg"}],"twitter_card":"summary_large_image","schema":{"@context":"https:\/\/schema.org","@graph":[{"@type":"WebPage","@id":"https:\/\/pradineslebas.com\/fr\/produit\/la-picholine\/","url":"https:\/\/pradineslebas.com\/fr\/produit\/la-picholine\/","name":"LA PICHOLINE ~ Pradines Le Bas","isPartOf":{"@id":"https:\/\/pradineslebas.com\/#website"},"primaryImageOfPage":{"@id":"https:\/\/pradineslebas.com\/fr\/produit\/la-picholine\/#primaryimage"},"image":{"@id":"https:\/\/pradineslebas.com\/fr\/produit\/la-picholine\/#primaryimage"},"thumbnailUrl":"https:\/\/pradineslebas.com\/wp-content\/uploads\/2017\/03\/Boutielle_noire_cuvee_picholine-2.jpg","datePublished":"2017-03-18T17:12:44+00:00","dateModified":"2021-12-01T05:57:52+00:00","description":"Ar\u00f4mes de feuilles d\u2019artichaut crues. Belle amertume qui n\u2019est pas un d\u00e9faut. Nez intense et parfois de la prune en bouche.","breadcrumb":{"@id":"https:\/\/pradineslebas.com\/fr\/produit\/la-picholine\/#breadcrumb"},"inLanguage":"fr-FR","potentialAction":[{"@type":"ReadAction","target":["https:\/\/pradineslebas.com\/fr\/produit\/la-picholine\/"]}]},{"@type":"ImageObject","inLanguage":"fr-FR","@id":"https:\/\/pradineslebas.com\/fr\/produit\/la-picholine\/#primaryimage","url":"https:\/\/pradineslebas.com\/wp-content\/uploads\/2017\/03\/Boutielle_noire_cuvee_picholine-2.jpg","contentUrl":"https:\/\/pradineslebas.com\/wp-content\/uploads\/2017\/03\/Boutielle_noire_cuvee_picholine-2.jpg","width":575,"height":575},{"@type":"BreadcrumbList","@id":"https:\/\/pradineslebas.com\/fr\/produit\/la-picholine\/#breadcrumb","itemListElement":[{"@type":"ListItem","position":1,"name":"Home","item":"https:\/\/pradineslebas.com\/fr\/"},{"@type":"ListItem","position":2,"name":"Shop","item":"https:\/\/pradineslebas.com\/fr\/shop\/"},{"@type":"ListItem","position":3,"name":"LA PICHOLINE"}]},{"@type":"WebSite","@id":"https:\/\/pradineslebas.com\/#website","url":"https:\/\/pradineslebas.com\/","name":"Pradines Le Bas","description":"Domaine de Pradines le Bas","publisher":{"@id":"https:\/\/pradineslebas.com\/#organization"},"potentialAction":[{"@type":"SearchAction","target":{"@type":"EntryPoint","urlTemplate":"https:\/\/pradineslebas.com\/?s={search_term_string}"},"query-input":{"@type":"PropertyValueSpecification","valueRequired":true,"valueName":"search_term_string"}}],"inLanguage":"fr-FR"},{"@type":"Organization","@id":"https:\/\/pradineslebas.com\/#organization","name":"Pradines le Bas","url":"https:\/\/pradineslebas.com\/","logo":{"@type":"ImageObject","inLanguage":"fr-FR","@id":"https:\/\/pradineslebas.com\/#\/schema\/logo\/image\/","url":"https:\/\/pradineslebas.com\/wp-content\/uploads\/2017\/06\/favicon.jpg","contentUrl":"https:\/\/pradineslebas.com\/wp-content\/uploads\/2017\/06\/favicon.jpg","width":536,"height":536,"caption":"Pradines le Bas"},"image":{"@id":"https:\/\/pradineslebas.com\/#\/schema\/logo\/image\/"},"sameAs":["https:\/\/www.facebook.com\/pradineslebas\/","https:\/\/www.instagram.com\/domaine_pradineslebas\/"]}]}},"_links":{"self":[{"href":"https:\/\/pradineslebas.com\/fr\/wp-json\/wp\/v2\/product\/18","targetHints":{"allow":["GET"]}}],"collection":[{"href":"https:\/\/pradineslebas.com\/fr\/wp-json\/wp\/v2\/product"}],"about":[{"href":"https:\/\/pradineslebas.com\/fr\/wp-json\/wp\/v2\/types\/product"}],"replies":[{"embeddable":true,"href":"https:\/\/pradineslebas.com\/fr\/wp-json\/wp\/v2\/comments?post=18"}],"wp:featuredmedia":[{"embeddable":true,"href":"https:\/\/pradineslebas.com\/fr\/wp-json\/wp\/v2\/media\/927"}],"wp:attachment":[{"href":"https:\/\/pradineslebas.com\/fr\/wp-json\/wp\/v2\/media?parent=18"}],"wp:term":[{"taxonomy":"product_brand","embeddable":true,"href":"https:\/\/pradineslebas.com\/fr\/wp-json\/wp\/v2\/product_brand?post=18"},{"taxonomy":"product_cat","embeddable":true,"href":"https:\/\/pradineslebas.com\/fr\/wp-json\/wp\/v2\/product_cat?post=18"},{"taxonomy":"product_tag","embeddable":true,"href":"https:\/\/pradineslebas.com\/fr\/wp-json\/wp\/v2\/product_tag?post=18"}],"curies":[{"name":"wp","href":"https:\/\/api.w.org\/{rel}","templated":true}]}}