{"id":217,"date":"2017-03-19T07:46:33","date_gmt":"2017-03-19T07:46:33","guid":{"rendered":"http:\/\/pradineslebas.com\/product\/savon-liquide\/"},"modified":"2024-05-04T10:45:44","modified_gmt":"2024-05-04T10:45:44","slug":"savon-liquide","status":"publish","type":"product","link":"https:\/\/pradineslebas.com\/fr\/produit\/savon-liquide\/","title":{"rendered":"SAVON LIQUIDE"},"content":{"rendered":"<p>R\u00e9alis\u00e9 avec nos huiles d\u2019olive. Il se d\u00e9cline \u00e0 la Lavande, Cl\u00e9mentine Corse ou Fleur d\u2019Olivier. Non agressif pour la peau.<\/p>\n<p><span style=\"text-decoration: underline;\">Composition<\/span><\/p>\n<p><strong>Nature<\/strong><br \/>\nEau, potassium olivate, glyc\u00e9rine, huile d\u2019olive, sel, potasse.<\/p>\n<p><strong>Lavande<\/strong><br \/>\nEau, potassium olivate, glyc\u00e9rine, huile essentielle de lavandin, huile essentielle de romarin, sel, potasse.<\/p>\n<p><strong>Cl\u00e9mentine Corse<\/strong><br \/>\nEau, potassium olivate, glyc\u00e9rine, citrus sinensis peel oil*, citrus reticulata folium*, huile d\u2019olive, limonene, linalool, sodium chloride, potassium hydroxyde.<br \/>\n*ingr\u00e9dients issus de l\u2019agriculture biologique<\/p>\n","protected":false},"excerpt":{"rendered":"<p>R\u00e9alis\u00e9 avec nos huiles d\u2019olive. Il se d\u00e9cline \u00e0 la Lavande, Cl\u00e9mentine Corse ou Fleur d\u2019Olivier. Non agressif pour la peau.<\/p>\n","protected":false},"featured_media":207,"comment_status":"closed","ping_status":"closed","template":"","meta":[],"product_brand":[],"product_cat":[10],"product_tag":[],"class_list":{"0":"post-217","1":"product","2":"type-product","3":"status-publish","4":"has-post-thumbnail","6":"product_cat-cosmetiques","8":"first","9":"instock","10":"taxable","11":"shipping-taxable","12":"purchasable","13":"product-type-variable"},"yoast_head":"<!-- This site is optimized with the Yoast SEO plugin v26.4 - https:\/\/yoast.com\/wordpress\/plugins\/seo\/ -->\n<title>SAVON LIQUIDE ~ Pradines Le Bas<\/title>\n<meta name=\"description\" content=\"R\u00e9alis\u00e9 avec nos huiles d\u2019olive. Il se d\u00e9cline \u00e0 la Lavande, Cl\u00e9mentine Corse ou Nature. Non agressif pour la peau. Nature, Lavande Cl\u00e9mentine Corse\" \/>\n<meta name=\"robots\" content=\"index, follow, max-snippet:-1, max-image-preview:large, max-video-preview:-1\" \/>\n<link rel=\"canonical\" href=\"https:\/\/pradineslebas.com\/fr\/produit\/savon-liquide\/\" \/>\n<meta property=\"og:locale\" content=\"fr_FR\" \/>\n<meta property=\"og:type\" content=\"article\" \/>\n<meta property=\"og:title\" content=\"SAVON LIQUIDE ~ Pradines Le Bas\" \/>\n<meta property=\"og:description\" content=\"R\u00e9alis\u00e9 avec nos huiles d\u2019olive. Il se d\u00e9cline \u00e0 la Lavande, Cl\u00e9mentine Corse ou Nature. Non agressif pour la peau. Nature, Lavande Cl\u00e9mentine Corse\" \/>\n<meta property=\"og:url\" content=\"https:\/\/pradineslebas.com\/fr\/produit\/savon-liquide\/\" \/>\n<meta property=\"og:site_name\" content=\"Pradines Le Bas\" \/>\n<meta property=\"article:publisher\" content=\"https:\/\/www.facebook.com\/pradineslebas\/\" \/>\n<meta property=\"article:modified_time\" content=\"2024-05-04T10:45:44+00:00\" \/>\n<meta property=\"og:image\" content=\"https:\/\/pradineslebas.com\/wp-content\/uploads\/2017\/03\/Savon-Liquide-Clementine-Corse.jpg\" \/>\n\t<meta property=\"og:image:width\" content=\"969\" \/>\n\t<meta property=\"og:image:height\" content=\"969\" \/>\n\t<meta property=\"og:image:type\" content=\"image\/jpeg\" \/>\n<meta name=\"twitter:card\" content=\"summary_large_image\" \/>\n<meta name=\"twitter:label1\" content=\"Dur\u00e9e de lecture estim\u00e9e\" \/>\n\t<meta name=\"twitter:data1\" content=\"1 minute\" \/>\n<script type=\"application\/ld+json\" class=\"yoast-schema-graph\">{\"@context\":\"https:\/\/schema.org\",\"@graph\":[{\"@type\":\"WebPage\",\"@id\":\"https:\/\/pradineslebas.com\/fr\/produit\/savon-liquide\/\",\"url\":\"https:\/\/pradineslebas.com\/fr\/produit\/savon-liquide\/\",\"name\":\"SAVON LIQUIDE ~ Pradines Le Bas\",\"isPartOf\":{\"@id\":\"https:\/\/pradineslebas.com\/#website\"},\"primaryImageOfPage\":{\"@id\":\"https:\/\/pradineslebas.com\/fr\/produit\/savon-liquide\/#primaryimage\"},\"image\":{\"@id\":\"https:\/\/pradineslebas.com\/fr\/produit\/savon-liquide\/#primaryimage\"},\"thumbnailUrl\":\"https:\/\/pradineslebas.com\/wp-content\/uploads\/2017\/03\/Savon-Liquide-Nature.jpg\",\"datePublished\":\"2017-03-19T07:46:33+00:00\",\"dateModified\":\"2024-05-04T10:45:44+00:00\",\"description\":\"R\u00e9alis\u00e9 avec nos huiles d\u2019olive. Il se d\u00e9cline \u00e0 la Lavande, Cl\u00e9mentine Corse ou Nature. Non agressif pour la peau. Nature, Lavande Cl\u00e9mentine Corse\",\"breadcrumb\":{\"@id\":\"https:\/\/pradineslebas.com\/fr\/produit\/savon-liquide\/#breadcrumb\"},\"inLanguage\":\"fr-FR\",\"potentialAction\":[{\"@type\":\"ReadAction\",\"target\":[\"https:\/\/pradineslebas.com\/fr\/produit\/savon-liquide\/\"]}]},{\"@type\":\"ImageObject\",\"inLanguage\":\"fr-FR\",\"@id\":\"https:\/\/pradineslebas.com\/fr\/produit\/savon-liquide\/#primaryimage\",\"url\":\"https:\/\/pradineslebas.com\/wp-content\/uploads\/2017\/03\/Savon-Liquide-Nature.jpg\",\"contentUrl\":\"https:\/\/pradineslebas.com\/wp-content\/uploads\/2017\/03\/Savon-Liquide-Nature.jpg\",\"width\":969,\"height\":968,\"caption\":\"Savon Liquide Nature\"},{\"@type\":\"BreadcrumbList\",\"@id\":\"https:\/\/pradineslebas.com\/fr\/produit\/savon-liquide\/#breadcrumb\",\"itemListElement\":[{\"@type\":\"ListItem\",\"position\":1,\"name\":\"Home\",\"item\":\"https:\/\/pradineslebas.com\/fr\/\"},{\"@type\":\"ListItem\",\"position\":2,\"name\":\"Shop\",\"item\":\"https:\/\/pradineslebas.com\/fr\/shop\/\"},{\"@type\":\"ListItem\",\"position\":3,\"name\":\"SAVON LIQUIDE\"}]},{\"@type\":\"WebSite\",\"@id\":\"https:\/\/pradineslebas.com\/#website\",\"url\":\"https:\/\/pradineslebas.com\/\",\"name\":\"Pradines Le Bas\",\"description\":\"Domaine de Pradines le Bas\",\"publisher\":{\"@id\":\"https:\/\/pradineslebas.com\/#organization\"},\"potentialAction\":[{\"@type\":\"SearchAction\",\"target\":{\"@type\":\"EntryPoint\",\"urlTemplate\":\"https:\/\/pradineslebas.com\/?s={search_term_string}\"},\"query-input\":{\"@type\":\"PropertyValueSpecification\",\"valueRequired\":true,\"valueName\":\"search_term_string\"}}],\"inLanguage\":\"fr-FR\"},{\"@type\":\"Organization\",\"@id\":\"https:\/\/pradineslebas.com\/#organization\",\"name\":\"Pradines le Bas\",\"url\":\"https:\/\/pradineslebas.com\/\",\"logo\":{\"@type\":\"ImageObject\",\"inLanguage\":\"fr-FR\",\"@id\":\"https:\/\/pradineslebas.com\/#\/schema\/logo\/image\/\",\"url\":\"https:\/\/pradineslebas.com\/wp-content\/uploads\/2017\/06\/favicon.jpg\",\"contentUrl\":\"https:\/\/pradineslebas.com\/wp-content\/uploads\/2017\/06\/favicon.jpg\",\"width\":536,\"height\":536,\"caption\":\"Pradines le Bas\"},\"image\":{\"@id\":\"https:\/\/pradineslebas.com\/#\/schema\/logo\/image\/\"},\"sameAs\":[\"https:\/\/www.facebook.com\/pradineslebas\/\",\"https:\/\/www.instagram.com\/domaine_pradineslebas\/\"]}]}<\/script>\n<!-- \/ Yoast SEO plugin. -->","yoast_head_json":{"title":"SAVON LIQUIDE ~ Pradines Le Bas","description":"R\u00e9alis\u00e9 avec nos huiles d\u2019olive. Il se d\u00e9cline \u00e0 la Lavande, Cl\u00e9mentine Corse ou Nature. Non agressif pour la peau. Nature, Lavande Cl\u00e9mentine Corse","robots":{"index":"index","follow":"follow","max-snippet":"max-snippet:-1","max-image-preview":"max-image-preview:large","max-video-preview":"max-video-preview:-1"},"canonical":"https:\/\/pradineslebas.com\/fr\/produit\/savon-liquide\/","og_locale":"fr_FR","og_type":"article","og_title":"SAVON LIQUIDE ~ Pradines Le Bas","og_description":"R\u00e9alis\u00e9 avec nos huiles d\u2019olive. Il se d\u00e9cline \u00e0 la Lavande, Cl\u00e9mentine Corse ou Nature. Non agressif pour la peau. Nature, Lavande Cl\u00e9mentine Corse","og_url":"https:\/\/pradineslebas.com\/fr\/produit\/savon-liquide\/","og_site_name":"Pradines Le Bas","article_publisher":"https:\/\/www.facebook.com\/pradineslebas\/","article_modified_time":"2024-05-04T10:45:44+00:00","og_image":[{"width":969,"height":969,"url":"https:\/\/pradineslebas.com\/wp-content\/uploads\/2017\/03\/Savon-Liquide-Clementine-Corse.jpg","type":"image\/jpeg"}],"twitter_card":"summary_large_image","twitter_misc":{"Dur\u00e9e de lecture estim\u00e9e":"1 minute"},"schema":{"@context":"https:\/\/schema.org","@graph":[{"@type":"WebPage","@id":"https:\/\/pradineslebas.com\/fr\/produit\/savon-liquide\/","url":"https:\/\/pradineslebas.com\/fr\/produit\/savon-liquide\/","name":"SAVON LIQUIDE ~ Pradines Le Bas","isPartOf":{"@id":"https:\/\/pradineslebas.com\/#website"},"primaryImageOfPage":{"@id":"https:\/\/pradineslebas.com\/fr\/produit\/savon-liquide\/#primaryimage"},"image":{"@id":"https:\/\/pradineslebas.com\/fr\/produit\/savon-liquide\/#primaryimage"},"thumbnailUrl":"https:\/\/pradineslebas.com\/wp-content\/uploads\/2017\/03\/Savon-Liquide-Nature.jpg","datePublished":"2017-03-19T07:46:33+00:00","dateModified":"2024-05-04T10:45:44+00:00","description":"R\u00e9alis\u00e9 avec nos huiles d\u2019olive. Il se d\u00e9cline \u00e0 la Lavande, Cl\u00e9mentine Corse ou Nature. Non agressif pour la peau. Nature, Lavande Cl\u00e9mentine Corse","breadcrumb":{"@id":"https:\/\/pradineslebas.com\/fr\/produit\/savon-liquide\/#breadcrumb"},"inLanguage":"fr-FR","potentialAction":[{"@type":"ReadAction","target":["https:\/\/pradineslebas.com\/fr\/produit\/savon-liquide\/"]}]},{"@type":"ImageObject","inLanguage":"fr-FR","@id":"https:\/\/pradineslebas.com\/fr\/produit\/savon-liquide\/#primaryimage","url":"https:\/\/pradineslebas.com\/wp-content\/uploads\/2017\/03\/Savon-Liquide-Nature.jpg","contentUrl":"https:\/\/pradineslebas.com\/wp-content\/uploads\/2017\/03\/Savon-Liquide-Nature.jpg","width":969,"height":968,"caption":"Savon Liquide Nature"},{"@type":"BreadcrumbList","@id":"https:\/\/pradineslebas.com\/fr\/produit\/savon-liquide\/#breadcrumb","itemListElement":[{"@type":"ListItem","position":1,"name":"Home","item":"https:\/\/pradineslebas.com\/fr\/"},{"@type":"ListItem","position":2,"name":"Shop","item":"https:\/\/pradineslebas.com\/fr\/shop\/"},{"@type":"ListItem","position":3,"name":"SAVON LIQUIDE"}]},{"@type":"WebSite","@id":"https:\/\/pradineslebas.com\/#website","url":"https:\/\/pradineslebas.com\/","name":"Pradines Le Bas","description":"Domaine de Pradines le Bas","publisher":{"@id":"https:\/\/pradineslebas.com\/#organization"},"potentialAction":[{"@type":"SearchAction","target":{"@type":"EntryPoint","urlTemplate":"https:\/\/pradineslebas.com\/?s={search_term_string}"},"query-input":{"@type":"PropertyValueSpecification","valueRequired":true,"valueName":"search_term_string"}}],"inLanguage":"fr-FR"},{"@type":"Organization","@id":"https:\/\/pradineslebas.com\/#organization","name":"Pradines le Bas","url":"https:\/\/pradineslebas.com\/","logo":{"@type":"ImageObject","inLanguage":"fr-FR","@id":"https:\/\/pradineslebas.com\/#\/schema\/logo\/image\/","url":"https:\/\/pradineslebas.com\/wp-content\/uploads\/2017\/06\/favicon.jpg","contentUrl":"https:\/\/pradineslebas.com\/wp-content\/uploads\/2017\/06\/favicon.jpg","width":536,"height":536,"caption":"Pradines le Bas"},"image":{"@id":"https:\/\/pradineslebas.com\/#\/schema\/logo\/image\/"},"sameAs":["https:\/\/www.facebook.com\/pradineslebas\/","https:\/\/www.instagram.com\/domaine_pradineslebas\/"]}]}},"_links":{"self":[{"href":"https:\/\/pradineslebas.com\/fr\/wp-json\/wp\/v2\/product\/217","targetHints":{"allow":["GET"]}}],"collection":[{"href":"https:\/\/pradineslebas.com\/fr\/wp-json\/wp\/v2\/product"}],"about":[{"href":"https:\/\/pradineslebas.com\/fr\/wp-json\/wp\/v2\/types\/product"}],"replies":[{"embeddable":true,"href":"https:\/\/pradineslebas.com\/fr\/wp-json\/wp\/v2\/comments?post=217"}],"wp:featuredmedia":[{"embeddable":true,"href":"https:\/\/pradineslebas.com\/fr\/wp-json\/wp\/v2\/media\/207"}],"wp:attachment":[{"href":"https:\/\/pradineslebas.com\/fr\/wp-json\/wp\/v2\/media?parent=217"}],"wp:term":[{"taxonomy":"product_brand","embeddable":true,"href":"https:\/\/pradineslebas.com\/fr\/wp-json\/wp\/v2\/product_brand?post=217"},{"taxonomy":"product_cat","embeddable":true,"href":"https:\/\/pradineslebas.com\/fr\/wp-json\/wp\/v2\/product_cat?post=217"},{"taxonomy":"product_tag","embeddable":true,"href":"https:\/\/pradineslebas.com\/fr\/wp-json\/wp\/v2\/product_tag?post=217"}],"curies":[{"name":"wp","href":"https:\/\/api.w.org\/{rel}","templated":true}]}}