{"id":379,"date":"2017-12-08T08:19:46","date_gmt":"2017-12-08T08:19:46","guid":{"rendered":"https:\/\/pradineslebas.com\/?post_type=product&#038;p=379\/"},"modified":"2022-06-30T08:21:45","modified_gmt":"2022-06-30T08:21:45","slug":"catalogue-dartiste-tania-mouraud-whos-enemy","status":"publish","type":"product","link":"https:\/\/pradineslebas.com\/fr\/produit\/catalogue-dartiste-tania-mouraud-whos-enemy\/","title":{"rendered":"Catalogue d\u2019Artiste : Tania Mouraud \u00ab WHO\u2019S THE ENEMY? \u00bb"},"content":{"rendered":"<p>Catalogue de notre artiste Tania Mouraud pour son exposition Who\u2019s the Enemy? au Lieu d\u2019Art Contemporain La Mouche du 21 juillet au 21 octobre 2017.<\/p>\n","protected":false},"excerpt":{"rendered":"<p>Catalogue de notre artiste Tania Mouraud pour son exposition Who\u2019s the Enemy? au Lieu d\u2019Art Contemporain La Mouche du 21 juillet au 21 octobre 2017.<\/p>\n<p>A cette occasion et pour c\u00e9l\u00e9brer la pr\u00e9sence d\u2019une grande artiste nous avons \u00e9dit\u00e9 un catalogue de 32 pages dont plusieurs se d\u00e9ploient pour mieux offrir au lecteur la dimension des \u0153uvres de l\u2019artiste .<\/p>\n<p>22 x 17.5cm<br \/>\n32 Pages<br \/>\nLivre bi-langue : Fran\u00e7ais et Anglais<\/p>\n","protected":false},"featured_media":380,"comment_status":"closed","ping_status":"closed","template":"","meta":[],"product_brand":[],"product_cat":[77],"product_tag":[],"class_list":{"0":"post-379","1":"product","2":"type-product","3":"status-publish","4":"has-post-thumbnail","6":"product_cat-catalogue-dartiste","7":"product_shipping_class-catalogue","9":"first","10":"instock","11":"taxable","12":"shipping-taxable","13":"purchasable","14":"product-type-simple"},"yoast_head":"<!-- This site is optimized with the Yoast SEO plugin v26.4 - https:\/\/yoast.com\/wordpress\/plugins\/seo\/ -->\n<title>Catalogue d\u2019Artiste : Tania Mouraud \u00ab WHO\u2019S THE ENEMY? \u00bb ~ Pradines Le Bas<\/title>\n<meta name=\"description\" content=\"Catalogue de notre artiste Tania Mouraud pour son exposition Who\u2019s the Enemy? au Lieu d\u2019Art Contemporain La Mouche du 21 juillet au 21 octobre 2017.\" \/>\n<meta name=\"robots\" content=\"index, follow, max-snippet:-1, max-image-preview:large, max-video-preview:-1\" \/>\n<link rel=\"canonical\" href=\"https:\/\/pradineslebas.com\/fr\/produit\/catalogue-dartiste-tania-mouraud-whos-enemy\/\" \/>\n<meta property=\"og:locale\" content=\"fr_FR\" \/>\n<meta property=\"og:type\" content=\"article\" \/>\n<meta property=\"og:title\" content=\"Catalogue d\u2019Artiste : Tania Mouraud \u00ab WHO\u2019S THE ENEMY? \u00bb ~ Pradines Le Bas\" \/>\n<meta property=\"og:description\" content=\"Catalogue de notre artiste Tania Mouraud pour son exposition Who\u2019s the Enemy? au Lieu d\u2019Art Contemporain La Mouche du 21 juillet au 21 octobre 2017.\" \/>\n<meta property=\"og:url\" content=\"https:\/\/pradineslebas.com\/fr\/produit\/catalogue-dartiste-tania-mouraud-whos-enemy\/\" \/>\n<meta property=\"og:site_name\" content=\"Pradines Le Bas\" \/>\n<meta property=\"article:publisher\" content=\"https:\/\/www.facebook.com\/pradineslebas\/\" \/>\n<meta property=\"article:modified_time\" content=\"2022-06-30T08:21:45+00:00\" \/>\n<meta property=\"og:image\" content=\"https:\/\/pradineslebas.com\/wp-content\/uploads\/2017\/12\/tania-mouraud-catalogue.jpg\" \/>\n\t<meta property=\"og:image:width\" content=\"931\" \/>\n\t<meta property=\"og:image:height\" content=\"624\" \/>\n\t<meta property=\"og:image:type\" content=\"image\/jpeg\" \/>\n<meta name=\"twitter:card\" content=\"summary_large_image\" \/>\n<script type=\"application\/ld+json\" class=\"yoast-schema-graph\">{\"@context\":\"https:\/\/schema.org\",\"@graph\":[{\"@type\":\"WebPage\",\"@id\":\"https:\/\/pradineslebas.com\/fr\/produit\/catalogue-dartiste-tania-mouraud-whos-enemy\/\",\"url\":\"https:\/\/pradineslebas.com\/fr\/produit\/catalogue-dartiste-tania-mouraud-whos-enemy\/\",\"name\":\"Catalogue d\u2019Artiste : Tania Mouraud \u00ab WHO\u2019S THE ENEMY? \u00bb ~ Pradines Le Bas\",\"isPartOf\":{\"@id\":\"https:\/\/pradineslebas.com\/#website\"},\"primaryImageOfPage\":{\"@id\":\"https:\/\/pradineslebas.com\/fr\/produit\/catalogue-dartiste-tania-mouraud-whos-enemy\/#primaryimage\"},\"image\":{\"@id\":\"https:\/\/pradineslebas.com\/fr\/produit\/catalogue-dartiste-tania-mouraud-whos-enemy\/#primaryimage\"},\"thumbnailUrl\":\"https:\/\/pradineslebas.com\/wp-content\/uploads\/2017\/12\/tania-mouraud-catalogue.jpg\",\"datePublished\":\"2017-12-08T08:19:46+00:00\",\"dateModified\":\"2022-06-30T08:21:45+00:00\",\"description\":\"Catalogue de notre artiste Tania Mouraud pour son exposition Who\u2019s the Enemy? au Lieu d\u2019Art Contemporain La Mouche du 21 juillet au 21 octobre 2017.\",\"breadcrumb\":{\"@id\":\"https:\/\/pradineslebas.com\/fr\/produit\/catalogue-dartiste-tania-mouraud-whos-enemy\/#breadcrumb\"},\"inLanguage\":\"fr-FR\",\"potentialAction\":[{\"@type\":\"ReadAction\",\"target\":[\"https:\/\/pradineslebas.com\/fr\/produit\/catalogue-dartiste-tania-mouraud-whos-enemy\/\"]}]},{\"@type\":\"ImageObject\",\"inLanguage\":\"fr-FR\",\"@id\":\"https:\/\/pradineslebas.com\/fr\/produit\/catalogue-dartiste-tania-mouraud-whos-enemy\/#primaryimage\",\"url\":\"https:\/\/pradineslebas.com\/wp-content\/uploads\/2017\/12\/tania-mouraud-catalogue.jpg\",\"contentUrl\":\"https:\/\/pradineslebas.com\/wp-content\/uploads\/2017\/12\/tania-mouraud-catalogue.jpg\",\"width\":931,\"height\":624,\"caption\":\"tania mouraud catalogue\"},{\"@type\":\"BreadcrumbList\",\"@id\":\"https:\/\/pradineslebas.com\/fr\/produit\/catalogue-dartiste-tania-mouraud-whos-enemy\/#breadcrumb\",\"itemListElement\":[{\"@type\":\"ListItem\",\"position\":1,\"name\":\"Home\",\"item\":\"https:\/\/pradineslebas.com\/fr\/\"},{\"@type\":\"ListItem\",\"position\":2,\"name\":\"Shop\",\"item\":\"https:\/\/pradineslebas.com\/fr\/shop\/\"},{\"@type\":\"ListItem\",\"position\":3,\"name\":\"Catalogue d\u2019Artiste : Tania Mouraud \u00ab WHO\u2019S THE ENEMY? \u00bb\"}]},{\"@type\":\"WebSite\",\"@id\":\"https:\/\/pradineslebas.com\/#website\",\"url\":\"https:\/\/pradineslebas.com\/\",\"name\":\"Pradines Le Bas\",\"description\":\"Domaine de Pradines le Bas\",\"publisher\":{\"@id\":\"https:\/\/pradineslebas.com\/#organization\"},\"potentialAction\":[{\"@type\":\"SearchAction\",\"target\":{\"@type\":\"EntryPoint\",\"urlTemplate\":\"https:\/\/pradineslebas.com\/?s={search_term_string}\"},\"query-input\":{\"@type\":\"PropertyValueSpecification\",\"valueRequired\":true,\"valueName\":\"search_term_string\"}}],\"inLanguage\":\"fr-FR\"},{\"@type\":\"Organization\",\"@id\":\"https:\/\/pradineslebas.com\/#organization\",\"name\":\"Pradines le Bas\",\"url\":\"https:\/\/pradineslebas.com\/\",\"logo\":{\"@type\":\"ImageObject\",\"inLanguage\":\"fr-FR\",\"@id\":\"https:\/\/pradineslebas.com\/#\/schema\/logo\/image\/\",\"url\":\"https:\/\/pradineslebas.com\/wp-content\/uploads\/2017\/06\/favicon.jpg\",\"contentUrl\":\"https:\/\/pradineslebas.com\/wp-content\/uploads\/2017\/06\/favicon.jpg\",\"width\":536,\"height\":536,\"caption\":\"Pradines le Bas\"},\"image\":{\"@id\":\"https:\/\/pradineslebas.com\/#\/schema\/logo\/image\/\"},\"sameAs\":[\"https:\/\/www.facebook.com\/pradineslebas\/\",\"https:\/\/www.instagram.com\/domaine_pradineslebas\/\"]}]}<\/script>\n<!-- \/ Yoast SEO plugin. -->","yoast_head_json":{"title":"Catalogue d\u2019Artiste : Tania Mouraud \u00ab WHO\u2019S THE ENEMY? \u00bb ~ Pradines Le Bas","description":"Catalogue de notre artiste Tania Mouraud pour son exposition Who\u2019s the Enemy? au Lieu d\u2019Art Contemporain La Mouche du 21 juillet au 21 octobre 2017.","robots":{"index":"index","follow":"follow","max-snippet":"max-snippet:-1","max-image-preview":"max-image-preview:large","max-video-preview":"max-video-preview:-1"},"canonical":"https:\/\/pradineslebas.com\/fr\/produit\/catalogue-dartiste-tania-mouraud-whos-enemy\/","og_locale":"fr_FR","og_type":"article","og_title":"Catalogue d\u2019Artiste : Tania Mouraud \u00ab WHO\u2019S THE ENEMY? \u00bb ~ Pradines Le Bas","og_description":"Catalogue de notre artiste Tania Mouraud pour son exposition Who\u2019s the Enemy? au Lieu d\u2019Art Contemporain La Mouche du 21 juillet au 21 octobre 2017.","og_url":"https:\/\/pradineslebas.com\/fr\/produit\/catalogue-dartiste-tania-mouraud-whos-enemy\/","og_site_name":"Pradines Le Bas","article_publisher":"https:\/\/www.facebook.com\/pradineslebas\/","article_modified_time":"2022-06-30T08:21:45+00:00","og_image":[{"width":931,"height":624,"url":"https:\/\/pradineslebas.com\/wp-content\/uploads\/2017\/12\/tania-mouraud-catalogue.jpg","type":"image\/jpeg"}],"twitter_card":"summary_large_image","schema":{"@context":"https:\/\/schema.org","@graph":[{"@type":"WebPage","@id":"https:\/\/pradineslebas.com\/fr\/produit\/catalogue-dartiste-tania-mouraud-whos-enemy\/","url":"https:\/\/pradineslebas.com\/fr\/produit\/catalogue-dartiste-tania-mouraud-whos-enemy\/","name":"Catalogue d\u2019Artiste : Tania Mouraud \u00ab WHO\u2019S THE ENEMY? \u00bb ~ Pradines Le Bas","isPartOf":{"@id":"https:\/\/pradineslebas.com\/#website"},"primaryImageOfPage":{"@id":"https:\/\/pradineslebas.com\/fr\/produit\/catalogue-dartiste-tania-mouraud-whos-enemy\/#primaryimage"},"image":{"@id":"https:\/\/pradineslebas.com\/fr\/produit\/catalogue-dartiste-tania-mouraud-whos-enemy\/#primaryimage"},"thumbnailUrl":"https:\/\/pradineslebas.com\/wp-content\/uploads\/2017\/12\/tania-mouraud-catalogue.jpg","datePublished":"2017-12-08T08:19:46+00:00","dateModified":"2022-06-30T08:21:45+00:00","description":"Catalogue de notre artiste Tania Mouraud pour son exposition Who\u2019s the Enemy? au Lieu d\u2019Art Contemporain La Mouche du 21 juillet au 21 octobre 2017.","breadcrumb":{"@id":"https:\/\/pradineslebas.com\/fr\/produit\/catalogue-dartiste-tania-mouraud-whos-enemy\/#breadcrumb"},"inLanguage":"fr-FR","potentialAction":[{"@type":"ReadAction","target":["https:\/\/pradineslebas.com\/fr\/produit\/catalogue-dartiste-tania-mouraud-whos-enemy\/"]}]},{"@type":"ImageObject","inLanguage":"fr-FR","@id":"https:\/\/pradineslebas.com\/fr\/produit\/catalogue-dartiste-tania-mouraud-whos-enemy\/#primaryimage","url":"https:\/\/pradineslebas.com\/wp-content\/uploads\/2017\/12\/tania-mouraud-catalogue.jpg","contentUrl":"https:\/\/pradineslebas.com\/wp-content\/uploads\/2017\/12\/tania-mouraud-catalogue.jpg","width":931,"height":624,"caption":"tania mouraud catalogue"},{"@type":"BreadcrumbList","@id":"https:\/\/pradineslebas.com\/fr\/produit\/catalogue-dartiste-tania-mouraud-whos-enemy\/#breadcrumb","itemListElement":[{"@type":"ListItem","position":1,"name":"Home","item":"https:\/\/pradineslebas.com\/fr\/"},{"@type":"ListItem","position":2,"name":"Shop","item":"https:\/\/pradineslebas.com\/fr\/shop\/"},{"@type":"ListItem","position":3,"name":"Catalogue d\u2019Artiste : Tania Mouraud \u00ab WHO\u2019S THE ENEMY? \u00bb"}]},{"@type":"WebSite","@id":"https:\/\/pradineslebas.com\/#website","url":"https:\/\/pradineslebas.com\/","name":"Pradines Le Bas","description":"Domaine de Pradines le Bas","publisher":{"@id":"https:\/\/pradineslebas.com\/#organization"},"potentialAction":[{"@type":"SearchAction","target":{"@type":"EntryPoint","urlTemplate":"https:\/\/pradineslebas.com\/?s={search_term_string}"},"query-input":{"@type":"PropertyValueSpecification","valueRequired":true,"valueName":"search_term_string"}}],"inLanguage":"fr-FR"},{"@type":"Organization","@id":"https:\/\/pradineslebas.com\/#organization","name":"Pradines le Bas","url":"https:\/\/pradineslebas.com\/","logo":{"@type":"ImageObject","inLanguage":"fr-FR","@id":"https:\/\/pradineslebas.com\/#\/schema\/logo\/image\/","url":"https:\/\/pradineslebas.com\/wp-content\/uploads\/2017\/06\/favicon.jpg","contentUrl":"https:\/\/pradineslebas.com\/wp-content\/uploads\/2017\/06\/favicon.jpg","width":536,"height":536,"caption":"Pradines le Bas"},"image":{"@id":"https:\/\/pradineslebas.com\/#\/schema\/logo\/image\/"},"sameAs":["https:\/\/www.facebook.com\/pradineslebas\/","https:\/\/www.instagram.com\/domaine_pradineslebas\/"]}]}},"_links":{"self":[{"href":"https:\/\/pradineslebas.com\/fr\/wp-json\/wp\/v2\/product\/379","targetHints":{"allow":["GET"]}}],"collection":[{"href":"https:\/\/pradineslebas.com\/fr\/wp-json\/wp\/v2\/product"}],"about":[{"href":"https:\/\/pradineslebas.com\/fr\/wp-json\/wp\/v2\/types\/product"}],"replies":[{"embeddable":true,"href":"https:\/\/pradineslebas.com\/fr\/wp-json\/wp\/v2\/comments?post=379"}],"wp:featuredmedia":[{"embeddable":true,"href":"https:\/\/pradineslebas.com\/fr\/wp-json\/wp\/v2\/media\/380"}],"wp:attachment":[{"href":"https:\/\/pradineslebas.com\/fr\/wp-json\/wp\/v2\/media?parent=379"}],"wp:term":[{"taxonomy":"product_brand","embeddable":true,"href":"https:\/\/pradineslebas.com\/fr\/wp-json\/wp\/v2\/product_brand?post=379"},{"taxonomy":"product_cat","embeddable":true,"href":"https:\/\/pradineslebas.com\/fr\/wp-json\/wp\/v2\/product_cat?post=379"},{"taxonomy":"product_tag","embeddable":true,"href":"https:\/\/pradineslebas.com\/fr\/wp-json\/wp\/v2\/product_tag?post=379"}],"curies":[{"name":"wp","href":"https:\/\/api.w.org\/{rel}","templated":true}]}}