{"id":472,"date":"2019-02-06T06:52:43","date_gmt":"2019-02-06T06:52:43","guid":{"rendered":"https:\/\/pradineslebas.com\/product\/vetus-oleum\/"},"modified":"2025-12-18T03:55:46","modified_gmt":"2025-12-18T03:55:46","slug":"vetus-oleum-gout-a-lancienne","status":"publish","type":"product","link":"https:\/\/pradineslebas.com\/fr\/produit\/vetus-oleum-gout-a-lancienne\/","title":{"rendered":"V\u00c9TUS OL\u00c9UM go\u00fbt \u00e0 l\u2019ancienne"},"content":{"rendered":"<p>Vetus Oleum \u00ab Gout \u00e0 l\u2019Ancienne \u00bb<br \/>\nCe fruit\u00e9 est issu d\u2019olives ferment\u00e9es naturellement. C\u2019est une huile douce avec caract\u00e8re et ardence. Elle r\u00e9v\u00e8le des ar\u00f4mes de chocolat noir, de truffe et sous-bois mais surtout d\u2019olives noires confites et tapenade. Elle rappelle pour beaucoup les huiles d\u2019antan quand les olives attendaient plusieurs jours dans le moulin avant d\u2019\u00eatre tritur\u00e9es.<\/p>\n","protected":false},"excerpt":{"rendered":"<p>Vetus Oleum \u00ab Gout \u00e0 l\u2019Ancienne \u00bb<br \/>\nCertifi\u00e9e Bio par Ecocert. Ce fruit\u00e9 est issu d\u2019olives ferment\u00e9es naturellement. C\u2019est une huile douce avec caract\u00e8re et ardence. Elle r\u00e9v\u00e8le des ar\u00f4mes de chocolat noir, de truffe et sous-bois mais surtout d\u2019olives noires confites et tapenade. Elle rappelle pour beaucoup les huiles d\u2019antan quand les olives attendaient plusieurs jours dans le moulin avant d\u2019\u00eatre tritur\u00e9es.<br \/>\nUn filet, juste avant de servir, sur les champignons, la ratatouille, un ch\u00e8vre affin\u00e9, des gambas \u00e0 la plancha, des poivrons, une pur\u00e9e de pomme de terre, une soupe ou sur un risotto.<\/p>\n","protected":false},"featured_media":471,"comment_status":"closed","ping_status":"closed","template":"","meta":[],"product_brand":[],"product_cat":[9],"product_tag":[],"class_list":{"0":"post-472","1":"product","2":"type-product","3":"status-publish","4":"has-post-thumbnail","6":"product_cat-huiles","8":"first","9":"instock","10":"taxable","11":"shipping-taxable","12":"purchasable","13":"product-type-simple"},"yoast_head":"<!-- This site is optimized with the Yoast SEO plugin v26.4 - https:\/\/yoast.com\/wordpress\/plugins\/seo\/ -->\n<title>V\u00c9TUS OL\u00c9UM go\u00fbt \u00e0 l\u2019ancienne ~ Pradines Le Bas<\/title>\n<meta name=\"robots\" content=\"index, follow, max-snippet:-1, max-image-preview:large, max-video-preview:-1\" \/>\n<link rel=\"canonical\" href=\"https:\/\/pradineslebas.com\/fr\/produit\/vetus-oleum-gout-a-lancienne\/\" \/>\n<meta property=\"og:locale\" content=\"fr_FR\" \/>\n<meta property=\"og:type\" content=\"article\" \/>\n<meta property=\"og:title\" content=\"V\u00c9TUS OL\u00c9UM go\u00fbt \u00e0 l\u2019ancienne ~ Pradines Le Bas\" \/>\n<meta property=\"og:description\" content=\"Vetus Oleum \u00ab Gout \u00e0 l\u2019Ancienne \u00bb Certifi\u00e9e Bio par Ecocert. Ce fruit\u00e9 est issu d\u2019olives ferment\u00e9es naturellement. C\u2019est une huile douce avec caract\u00e8re et ardence. Elle r\u00e9v\u00e8le des ar\u00f4mes de chocolat noir, de truffe et sous-bois mais surtout d\u2019olives noires confites et tapenade. Elle rappelle pour beaucoup les huiles d\u2019antan quand les olives attendaient plusieurs jours dans le moulin avant d\u2019\u00eatre tritur\u00e9es. Un filet, juste avant de servir, sur les champignons, la ratatouille, un ch\u00e8vre affin\u00e9, des gambas \u00e0 la plancha, des poivrons, une pur\u00e9e de pomme de terre, une soupe ou sur un risotto.\" \/>\n<meta property=\"og:url\" content=\"https:\/\/pradineslebas.com\/fr\/produit\/vetus-oleum-gout-a-lancienne\/\" \/>\n<meta property=\"og:site_name\" content=\"Pradines Le Bas\" \/>\n<meta property=\"article:publisher\" content=\"https:\/\/www.facebook.com\/pradineslebas\/\" \/>\n<meta property=\"article:modified_time\" content=\"2025-12-18T03:55:46+00:00\" \/>\n<meta property=\"og:image\" content=\"https:\/\/pradineslebas.com\/wp-content\/uploads\/2019\/02\/Vetus-Oleum-2019.jpg\" \/>\n\t<meta property=\"og:image:width\" content=\"1200\" \/>\n\t<meta property=\"og:image:height\" content=\"1200\" \/>\n\t<meta property=\"og:image:type\" content=\"image\/jpeg\" \/>\n<meta name=\"twitter:card\" content=\"summary_large_image\" \/>\n<meta name=\"twitter:label1\" content=\"Dur\u00e9e de lecture estim\u00e9e\" \/>\n\t<meta name=\"twitter:data1\" content=\"1 minute\" \/>\n<script type=\"application\/ld+json\" class=\"yoast-schema-graph\">{\"@context\":\"https:\/\/schema.org\",\"@graph\":[{\"@type\":\"WebPage\",\"@id\":\"https:\/\/pradineslebas.com\/fr\/produit\/vetus-oleum-gout-a-lancienne\/\",\"url\":\"https:\/\/pradineslebas.com\/fr\/produit\/vetus-oleum-gout-a-lancienne\/\",\"name\":\"V\u00c9TUS OL\u00c9UM go\u00fbt \u00e0 l\u2019ancienne ~ Pradines Le Bas\",\"isPartOf\":{\"@id\":\"https:\/\/pradineslebas.com\/#website\"},\"primaryImageOfPage\":{\"@id\":\"https:\/\/pradineslebas.com\/fr\/produit\/vetus-oleum-gout-a-lancienne\/#primaryimage\"},\"image\":{\"@id\":\"https:\/\/pradineslebas.com\/fr\/produit\/vetus-oleum-gout-a-lancienne\/#primaryimage\"},\"thumbnailUrl\":\"https:\/\/pradineslebas.com\/wp-content\/uploads\/2019\/02\/Vetus-Oleum-2019.jpg\",\"datePublished\":\"2019-02-06T06:52:43+00:00\",\"dateModified\":\"2025-12-18T03:55:46+00:00\",\"breadcrumb\":{\"@id\":\"https:\/\/pradineslebas.com\/fr\/produit\/vetus-oleum-gout-a-lancienne\/#breadcrumb\"},\"inLanguage\":\"fr-FR\",\"potentialAction\":[{\"@type\":\"ReadAction\",\"target\":[\"https:\/\/pradineslebas.com\/fr\/produit\/vetus-oleum-gout-a-lancienne\/\"]}]},{\"@type\":\"ImageObject\",\"inLanguage\":\"fr-FR\",\"@id\":\"https:\/\/pradineslebas.com\/fr\/produit\/vetus-oleum-gout-a-lancienne\/#primaryimage\",\"url\":\"https:\/\/pradineslebas.com\/wp-content\/uploads\/2019\/02\/Vetus-Oleum-2019.jpg\",\"contentUrl\":\"https:\/\/pradineslebas.com\/wp-content\/uploads\/2019\/02\/Vetus-Oleum-2019.jpg\",\"width\":1200,\"height\":1200},{\"@type\":\"BreadcrumbList\",\"@id\":\"https:\/\/pradineslebas.com\/fr\/produit\/vetus-oleum-gout-a-lancienne\/#breadcrumb\",\"itemListElement\":[{\"@type\":\"ListItem\",\"position\":1,\"name\":\"Home\",\"item\":\"https:\/\/pradineslebas.com\/fr\/\"},{\"@type\":\"ListItem\",\"position\":2,\"name\":\"Shop\",\"item\":\"https:\/\/pradineslebas.com\/fr\/shop\/\"},{\"@type\":\"ListItem\",\"position\":3,\"name\":\"V\u00c9TUS OL\u00c9UM go\u00fbt \u00e0 l\u2019ancienne\"}]},{\"@type\":\"WebSite\",\"@id\":\"https:\/\/pradineslebas.com\/#website\",\"url\":\"https:\/\/pradineslebas.com\/\",\"name\":\"Pradines Le Bas\",\"description\":\"Domaine de Pradines le Bas\",\"publisher\":{\"@id\":\"https:\/\/pradineslebas.com\/#organization\"},\"potentialAction\":[{\"@type\":\"SearchAction\",\"target\":{\"@type\":\"EntryPoint\",\"urlTemplate\":\"https:\/\/pradineslebas.com\/?s={search_term_string}\"},\"query-input\":{\"@type\":\"PropertyValueSpecification\",\"valueRequired\":true,\"valueName\":\"search_term_string\"}}],\"inLanguage\":\"fr-FR\"},{\"@type\":\"Organization\",\"@id\":\"https:\/\/pradineslebas.com\/#organization\",\"name\":\"Pradines le Bas\",\"url\":\"https:\/\/pradineslebas.com\/\",\"logo\":{\"@type\":\"ImageObject\",\"inLanguage\":\"fr-FR\",\"@id\":\"https:\/\/pradineslebas.com\/#\/schema\/logo\/image\/\",\"url\":\"https:\/\/pradineslebas.com\/wp-content\/uploads\/2017\/06\/favicon.jpg\",\"contentUrl\":\"https:\/\/pradineslebas.com\/wp-content\/uploads\/2017\/06\/favicon.jpg\",\"width\":536,\"height\":536,\"caption\":\"Pradines le Bas\"},\"image\":{\"@id\":\"https:\/\/pradineslebas.com\/#\/schema\/logo\/image\/\"},\"sameAs\":[\"https:\/\/www.facebook.com\/pradineslebas\/\",\"https:\/\/www.instagram.com\/domaine_pradineslebas\/\"]}]}<\/script>\n<!-- \/ Yoast SEO plugin. -->","yoast_head_json":{"title":"V\u00c9TUS OL\u00c9UM go\u00fbt \u00e0 l\u2019ancienne ~ Pradines Le Bas","robots":{"index":"index","follow":"follow","max-snippet":"max-snippet:-1","max-image-preview":"max-image-preview:large","max-video-preview":"max-video-preview:-1"},"canonical":"https:\/\/pradineslebas.com\/fr\/produit\/vetus-oleum-gout-a-lancienne\/","og_locale":"fr_FR","og_type":"article","og_title":"V\u00c9TUS OL\u00c9UM go\u00fbt \u00e0 l\u2019ancienne ~ Pradines Le Bas","og_description":"Vetus Oleum \u00ab Gout \u00e0 l\u2019Ancienne \u00bb Certifi\u00e9e Bio par Ecocert. Ce fruit\u00e9 est issu d\u2019olives ferment\u00e9es naturellement. C\u2019est une huile douce avec caract\u00e8re et ardence. Elle r\u00e9v\u00e8le des ar\u00f4mes de chocolat noir, de truffe et sous-bois mais surtout d\u2019olives noires confites et tapenade. Elle rappelle pour beaucoup les huiles d\u2019antan quand les olives attendaient plusieurs jours dans le moulin avant d\u2019\u00eatre tritur\u00e9es. Un filet, juste avant de servir, sur les champignons, la ratatouille, un ch\u00e8vre affin\u00e9, des gambas \u00e0 la plancha, des poivrons, une pur\u00e9e de pomme de terre, une soupe ou sur un risotto.","og_url":"https:\/\/pradineslebas.com\/fr\/produit\/vetus-oleum-gout-a-lancienne\/","og_site_name":"Pradines Le Bas","article_publisher":"https:\/\/www.facebook.com\/pradineslebas\/","article_modified_time":"2025-12-18T03:55:46+00:00","og_image":[{"width":1200,"height":1200,"url":"https:\/\/pradineslebas.com\/wp-content\/uploads\/2019\/02\/Vetus-Oleum-2019.jpg","type":"image\/jpeg"}],"twitter_card":"summary_large_image","twitter_misc":{"Dur\u00e9e de lecture estim\u00e9e":"1 minute"},"schema":{"@context":"https:\/\/schema.org","@graph":[{"@type":"WebPage","@id":"https:\/\/pradineslebas.com\/fr\/produit\/vetus-oleum-gout-a-lancienne\/","url":"https:\/\/pradineslebas.com\/fr\/produit\/vetus-oleum-gout-a-lancienne\/","name":"V\u00c9TUS OL\u00c9UM go\u00fbt \u00e0 l\u2019ancienne ~ Pradines Le Bas","isPartOf":{"@id":"https:\/\/pradineslebas.com\/#website"},"primaryImageOfPage":{"@id":"https:\/\/pradineslebas.com\/fr\/produit\/vetus-oleum-gout-a-lancienne\/#primaryimage"},"image":{"@id":"https:\/\/pradineslebas.com\/fr\/produit\/vetus-oleum-gout-a-lancienne\/#primaryimage"},"thumbnailUrl":"https:\/\/pradineslebas.com\/wp-content\/uploads\/2019\/02\/Vetus-Oleum-2019.jpg","datePublished":"2019-02-06T06:52:43+00:00","dateModified":"2025-12-18T03:55:46+00:00","breadcrumb":{"@id":"https:\/\/pradineslebas.com\/fr\/produit\/vetus-oleum-gout-a-lancienne\/#breadcrumb"},"inLanguage":"fr-FR","potentialAction":[{"@type":"ReadAction","target":["https:\/\/pradineslebas.com\/fr\/produit\/vetus-oleum-gout-a-lancienne\/"]}]},{"@type":"ImageObject","inLanguage":"fr-FR","@id":"https:\/\/pradineslebas.com\/fr\/produit\/vetus-oleum-gout-a-lancienne\/#primaryimage","url":"https:\/\/pradineslebas.com\/wp-content\/uploads\/2019\/02\/Vetus-Oleum-2019.jpg","contentUrl":"https:\/\/pradineslebas.com\/wp-content\/uploads\/2019\/02\/Vetus-Oleum-2019.jpg","width":1200,"height":1200},{"@type":"BreadcrumbList","@id":"https:\/\/pradineslebas.com\/fr\/produit\/vetus-oleum-gout-a-lancienne\/#breadcrumb","itemListElement":[{"@type":"ListItem","position":1,"name":"Home","item":"https:\/\/pradineslebas.com\/fr\/"},{"@type":"ListItem","position":2,"name":"Shop","item":"https:\/\/pradineslebas.com\/fr\/shop\/"},{"@type":"ListItem","position":3,"name":"V\u00c9TUS OL\u00c9UM go\u00fbt \u00e0 l\u2019ancienne"}]},{"@type":"WebSite","@id":"https:\/\/pradineslebas.com\/#website","url":"https:\/\/pradineslebas.com\/","name":"Pradines Le Bas","description":"Domaine de Pradines le Bas","publisher":{"@id":"https:\/\/pradineslebas.com\/#organization"},"potentialAction":[{"@type":"SearchAction","target":{"@type":"EntryPoint","urlTemplate":"https:\/\/pradineslebas.com\/?s={search_term_string}"},"query-input":{"@type":"PropertyValueSpecification","valueRequired":true,"valueName":"search_term_string"}}],"inLanguage":"fr-FR"},{"@type":"Organization","@id":"https:\/\/pradineslebas.com\/#organization","name":"Pradines le Bas","url":"https:\/\/pradineslebas.com\/","logo":{"@type":"ImageObject","inLanguage":"fr-FR","@id":"https:\/\/pradineslebas.com\/#\/schema\/logo\/image\/","url":"https:\/\/pradineslebas.com\/wp-content\/uploads\/2017\/06\/favicon.jpg","contentUrl":"https:\/\/pradineslebas.com\/wp-content\/uploads\/2017\/06\/favicon.jpg","width":536,"height":536,"caption":"Pradines le Bas"},"image":{"@id":"https:\/\/pradineslebas.com\/#\/schema\/logo\/image\/"},"sameAs":["https:\/\/www.facebook.com\/pradineslebas\/","https:\/\/www.instagram.com\/domaine_pradineslebas\/"]}]}},"_links":{"self":[{"href":"https:\/\/pradineslebas.com\/fr\/wp-json\/wp\/v2\/product\/472","targetHints":{"allow":["GET"]}}],"collection":[{"href":"https:\/\/pradineslebas.com\/fr\/wp-json\/wp\/v2\/product"}],"about":[{"href":"https:\/\/pradineslebas.com\/fr\/wp-json\/wp\/v2\/types\/product"}],"replies":[{"embeddable":true,"href":"https:\/\/pradineslebas.com\/fr\/wp-json\/wp\/v2\/comments?post=472"}],"wp:featuredmedia":[{"embeddable":true,"href":"https:\/\/pradineslebas.com\/fr\/wp-json\/wp\/v2\/media\/471"}],"wp:attachment":[{"href":"https:\/\/pradineslebas.com\/fr\/wp-json\/wp\/v2\/media?parent=472"}],"wp:term":[{"taxonomy":"product_brand","embeddable":true,"href":"https:\/\/pradineslebas.com\/fr\/wp-json\/wp\/v2\/product_brand?post=472"},{"taxonomy":"product_cat","embeddable":true,"href":"https:\/\/pradineslebas.com\/fr\/wp-json\/wp\/v2\/product_cat?post=472"},{"taxonomy":"product_tag","embeddable":true,"href":"https:\/\/pradineslebas.com\/fr\/wp-json\/wp\/v2\/product_tag?post=472"}],"curies":[{"name":"wp","href":"https:\/\/api.w.org\/{rel}","templated":true}]}}