{"id":511,"date":"2019-02-08T11:08:38","date_gmt":"2019-02-08T11:08:38","guid":{"rendered":"https:\/\/pradineslebas.com\/product\/coffret-cadeau-gourmand\/"},"modified":"2021-12-04T06:37:39","modified_gmt":"2021-12-04T06:37:39","slug":"coffret-cadeau-gourmand","status":"publish","type":"product","link":"https:\/\/pradineslebas.com\/fr\/produit\/coffret-cadeau-gourmand\/","title":{"rendered":"COFFRET CADEAU GOURMAND"},"content":{"rendered":"<p>Coffret gourmand d\u2019une Huile d\u2019Olive vierge extra (monovari\u00e9tal) 50cl, une Huile d\u2019Olive vierge extra (assemblage) 50cl, une Tapenade Noire 100g et Olives Lucques de Pradines le Bas 115g.<\/p>\n<p>Veuillez choisir une huile dans chacune de ces listes :<\/p>\n<h2>Monovari\u00e9tal :<\/h2>\n<p><strong>Olivi\u00e8re<\/strong> Vari\u00e9t\u00e9 tr\u00e8s r\u00e9gionale, donne de tr\u00e8s beaux arbres, ar\u00f4mes v\u00e9g\u00e9taux intenses de grappes de tomates et d\u2019amande verte. Belle ardence en bouche. R\u00e9colte d\u00e9but novembre. Sur des fraises, du chocolat, de la p\u00e2tisserie et toutes les salades, gambas et poissons de caract\u00e8re.<\/p>\n<p><strong>Bouteillan<\/strong> Attach\u00e9 au grand bassin (Gard, Var, H\u00e9rault). Arbre trapu, solide et belle olive charnue. Ar\u00f4mes prononc\u00e9s de fruit blanc, tomate verte et herbe fra\u00eeche.\u00a0Sur toutes les salades m\u00eame Roquette. Excellent sur du fromage de brebis, mozzarella et avec du poisson.<\/p>\n<p><strong>Aglandau<\/strong> Arbre tr\u00e8s rustique qui craint la s\u00e9cheresse. Huile ardente tr\u00e8s herbac\u00e9e, fruit\u00e9e vert aux ar\u00f4mes de tomate verte, amande et artichaut, puis banane apr\u00e8s quelques mois en cuve. Un jus frais sur des fraises ou des poires compot\u00e9es, avec des tomates et excellent sur des gambas.<\/p>\n<p><strong>Picholine<\/strong> Ar\u00f4mes de feuilles d\u2019artichaut crues. Belle amertume qui n\u2019est pas un d\u00e9faut. Nez intense et parfois de la prune en bouche. R\u00e9colte mi \u00e0 fin d\u00e9cembre en fruit\u00e9 m\u00fbr.\u00a0Sur un \u00e9cras\u00e9 de pommes de terre fa\u00e7on Proven\u00e7al et tous les l\u00e9gumes grill\u00e9s m\u00e9diterran\u00e9ens.<\/p>\n<h2>Assemblage :<\/h2>\n<p><strong>Cuv\u00e9e Margaux<\/strong> Assemblage de 5 vari\u00e9t\u00e9s (Verdale de l\u2019H\u00e9rault, Cornicabra, Amellau, M\u00e9nudal et Cayon), r\u00e9colt\u00e9s en d\u00e9but de saison.\u00a0Tr\u00e8s agr\u00e9able en bouche et au nez. Une huile douce et sans amertume mais avec du caract\u00e8re, et une belle onctuosit\u00e9.\u00a0Sur du fromage de brebis, une salade de pissenlit ou de roquette, asperge et poisson blanc.<\/p>\n<p><strong>Lucques Picholine<\/strong> Ar\u00f4mes de fruits confits et tr\u00e8s matures comme certaines tapenades.\u00a0Id\u00e9al en cuisine du Sud : caviar d\u2019aubergines, tomates confites, pissaladi\u00e8re\u2026 Ajoutez un filet de cette huile sur vos viandes r\u00f4tis et steaks, pour donner une belle onctuosit\u00e9.<\/p>\n","protected":false},"excerpt":{"rendered":"<p>Coffret gourmand d\u2019une Huile d\u2019Olive vierge extra (monovari\u00e9tal) 50cl, une Huile d\u2019Olive vierge extra (assemblage) 50cl, une Tapenade Noire 100g et Olives Lucques de Pradines le Bas 115g.<\/p>\n<p>Veuillez choisir une huile dans chacune de ces listes :<\/p>\n","protected":false},"featured_media":846,"comment_status":"closed","ping_status":"closed","template":"","meta":[],"product_brand":[],"product_cat":[16,9,44,89],"product_tag":[],"class_list":{"0":"post-511","1":"product","2":"type-product","3":"status-publish","4":"has-post-thumbnail","6":"product_cat-divers","7":"product_cat-huiles","8":"product_cat-olives-tapenades","9":"product_cat-pour-offrir","11":"first","12":"instock","13":"taxable","14":"shipping-taxable","15":"purchasable","16":"product-type-variable"},"yoast_head":"<!-- This site is optimized with the Yoast SEO plugin v26.4 - https:\/\/yoast.com\/wordpress\/plugins\/seo\/ -->\n<title>COFFRET CADEAU GOURMAND ~ Pradines Le Bas<\/title>\n<meta name=\"robots\" content=\"index, follow, max-snippet:-1, max-image-preview:large, max-video-preview:-1\" \/>\n<link rel=\"canonical\" href=\"https:\/\/pradineslebas.com\/fr\/produit\/coffret-cadeau-gourmand\/\" \/>\n<meta property=\"og:locale\" content=\"fr_FR\" \/>\n<meta property=\"og:type\" content=\"article\" \/>\n<meta property=\"og:title\" content=\"COFFRET CADEAU GOURMAND ~ Pradines Le Bas\" \/>\n<meta property=\"og:description\" content=\"Coffret gourmand d\u2019une Huile d\u2019Olive vierge extra (monovari\u00e9tal) 50cl, une Huile d\u2019Olive vierge extra (assemblage) 50cl, une Tapenade Noire 100g et Olives Lucques de Pradines le Bas 115g.  Veuillez choisir une huile dans chacune de ces listes :\" \/>\n<meta property=\"og:url\" content=\"https:\/\/pradineslebas.com\/fr\/produit\/coffret-cadeau-gourmand\/\" \/>\n<meta property=\"og:site_name\" content=\"Pradines Le Bas\" \/>\n<meta property=\"article:publisher\" content=\"https:\/\/www.facebook.com\/pradineslebas\/\" \/>\n<meta property=\"article:modified_time\" content=\"2021-12-04T06:37:39+00:00\" \/>\n<meta property=\"og:image\" content=\"https:\/\/pradineslebas.com\/wp-content\/uploads\/2019\/02\/gift-box-scaled.jpeg\" \/>\n\t<meta property=\"og:image:width\" content=\"1440\" \/>\n\t<meta property=\"og:image:height\" content=\"2560\" \/>\n\t<meta property=\"og:image:type\" content=\"image\/jpeg\" \/>\n<meta name=\"twitter:card\" content=\"summary_large_image\" \/>\n<meta name=\"twitter:label1\" content=\"Dur\u00e9e de lecture estim\u00e9e\" \/>\n\t<meta name=\"twitter:data1\" content=\"2 minutes\" \/>\n<script type=\"application\/ld+json\" class=\"yoast-schema-graph\">{\"@context\":\"https:\/\/schema.org\",\"@graph\":[{\"@type\":\"WebPage\",\"@id\":\"https:\/\/pradineslebas.com\/fr\/produit\/coffret-cadeau-gourmand\/\",\"url\":\"https:\/\/pradineslebas.com\/fr\/produit\/coffret-cadeau-gourmand\/\",\"name\":\"COFFRET CADEAU GOURMAND ~ Pradines Le Bas\",\"isPartOf\":{\"@id\":\"https:\/\/pradineslebas.com\/#website\"},\"primaryImageOfPage\":{\"@id\":\"https:\/\/pradineslebas.com\/fr\/produit\/coffret-cadeau-gourmand\/#primaryimage\"},\"image\":{\"@id\":\"https:\/\/pradineslebas.com\/fr\/produit\/coffret-cadeau-gourmand\/#primaryimage\"},\"thumbnailUrl\":\"https:\/\/pradineslebas.com\/wp-content\/uploads\/2019\/02\/gift-box-scaled.jpeg\",\"datePublished\":\"2019-02-08T11:08:38+00:00\",\"dateModified\":\"2021-12-04T06:37:39+00:00\",\"breadcrumb\":{\"@id\":\"https:\/\/pradineslebas.com\/fr\/produit\/coffret-cadeau-gourmand\/#breadcrumb\"},\"inLanguage\":\"fr-FR\",\"potentialAction\":[{\"@type\":\"ReadAction\",\"target\":[\"https:\/\/pradineslebas.com\/fr\/produit\/coffret-cadeau-gourmand\/\"]}]},{\"@type\":\"ImageObject\",\"inLanguage\":\"fr-FR\",\"@id\":\"https:\/\/pradineslebas.com\/fr\/produit\/coffret-cadeau-gourmand\/#primaryimage\",\"url\":\"https:\/\/pradineslebas.com\/wp-content\/uploads\/2019\/02\/gift-box-scaled.jpeg\",\"contentUrl\":\"https:\/\/pradineslebas.com\/wp-content\/uploads\/2019\/02\/gift-box-scaled.jpeg\",\"width\":1440,\"height\":2560},{\"@type\":\"BreadcrumbList\",\"@id\":\"https:\/\/pradineslebas.com\/fr\/produit\/coffret-cadeau-gourmand\/#breadcrumb\",\"itemListElement\":[{\"@type\":\"ListItem\",\"position\":1,\"name\":\"Home\",\"item\":\"https:\/\/pradineslebas.com\/fr\/\"},{\"@type\":\"ListItem\",\"position\":2,\"name\":\"Shop\",\"item\":\"https:\/\/pradineslebas.com\/fr\/shop\/\"},{\"@type\":\"ListItem\",\"position\":3,\"name\":\"COFFRET CADEAU GOURMAND\"}]},{\"@type\":\"WebSite\",\"@id\":\"https:\/\/pradineslebas.com\/#website\",\"url\":\"https:\/\/pradineslebas.com\/\",\"name\":\"Pradines Le Bas\",\"description\":\"Domaine de Pradines le Bas\",\"publisher\":{\"@id\":\"https:\/\/pradineslebas.com\/#organization\"},\"potentialAction\":[{\"@type\":\"SearchAction\",\"target\":{\"@type\":\"EntryPoint\",\"urlTemplate\":\"https:\/\/pradineslebas.com\/?s={search_term_string}\"},\"query-input\":{\"@type\":\"PropertyValueSpecification\",\"valueRequired\":true,\"valueName\":\"search_term_string\"}}],\"inLanguage\":\"fr-FR\"},{\"@type\":\"Organization\",\"@id\":\"https:\/\/pradineslebas.com\/#organization\",\"name\":\"Pradines le Bas\",\"url\":\"https:\/\/pradineslebas.com\/\",\"logo\":{\"@type\":\"ImageObject\",\"inLanguage\":\"fr-FR\",\"@id\":\"https:\/\/pradineslebas.com\/#\/schema\/logo\/image\/\",\"url\":\"https:\/\/pradineslebas.com\/wp-content\/uploads\/2017\/06\/favicon.jpg\",\"contentUrl\":\"https:\/\/pradineslebas.com\/wp-content\/uploads\/2017\/06\/favicon.jpg\",\"width\":536,\"height\":536,\"caption\":\"Pradines le Bas\"},\"image\":{\"@id\":\"https:\/\/pradineslebas.com\/#\/schema\/logo\/image\/\"},\"sameAs\":[\"https:\/\/www.facebook.com\/pradineslebas\/\",\"https:\/\/www.instagram.com\/domaine_pradineslebas\/\"]}]}<\/script>\n<!-- \/ Yoast SEO plugin. -->","yoast_head_json":{"title":"COFFRET CADEAU GOURMAND ~ Pradines Le Bas","robots":{"index":"index","follow":"follow","max-snippet":"max-snippet:-1","max-image-preview":"max-image-preview:large","max-video-preview":"max-video-preview:-1"},"canonical":"https:\/\/pradineslebas.com\/fr\/produit\/coffret-cadeau-gourmand\/","og_locale":"fr_FR","og_type":"article","og_title":"COFFRET CADEAU GOURMAND ~ Pradines Le Bas","og_description":"Coffret gourmand d\u2019une Huile d\u2019Olive vierge extra (monovari\u00e9tal) 50cl, une Huile d\u2019Olive vierge extra (assemblage) 50cl, une Tapenade Noire 100g et Olives Lucques de Pradines le Bas 115g.  Veuillez choisir une huile dans chacune de ces listes :","og_url":"https:\/\/pradineslebas.com\/fr\/produit\/coffret-cadeau-gourmand\/","og_site_name":"Pradines Le Bas","article_publisher":"https:\/\/www.facebook.com\/pradineslebas\/","article_modified_time":"2021-12-04T06:37:39+00:00","og_image":[{"width":1440,"height":2560,"url":"https:\/\/pradineslebas.com\/wp-content\/uploads\/2019\/02\/gift-box-scaled.jpeg","type":"image\/jpeg"}],"twitter_card":"summary_large_image","twitter_misc":{"Dur\u00e9e de lecture estim\u00e9e":"2 minutes"},"schema":{"@context":"https:\/\/schema.org","@graph":[{"@type":"WebPage","@id":"https:\/\/pradineslebas.com\/fr\/produit\/coffret-cadeau-gourmand\/","url":"https:\/\/pradineslebas.com\/fr\/produit\/coffret-cadeau-gourmand\/","name":"COFFRET CADEAU GOURMAND ~ Pradines Le Bas","isPartOf":{"@id":"https:\/\/pradineslebas.com\/#website"},"primaryImageOfPage":{"@id":"https:\/\/pradineslebas.com\/fr\/produit\/coffret-cadeau-gourmand\/#primaryimage"},"image":{"@id":"https:\/\/pradineslebas.com\/fr\/produit\/coffret-cadeau-gourmand\/#primaryimage"},"thumbnailUrl":"https:\/\/pradineslebas.com\/wp-content\/uploads\/2019\/02\/gift-box-scaled.jpeg","datePublished":"2019-02-08T11:08:38+00:00","dateModified":"2021-12-04T06:37:39+00:00","breadcrumb":{"@id":"https:\/\/pradineslebas.com\/fr\/produit\/coffret-cadeau-gourmand\/#breadcrumb"},"inLanguage":"fr-FR","potentialAction":[{"@type":"ReadAction","target":["https:\/\/pradineslebas.com\/fr\/produit\/coffret-cadeau-gourmand\/"]}]},{"@type":"ImageObject","inLanguage":"fr-FR","@id":"https:\/\/pradineslebas.com\/fr\/produit\/coffret-cadeau-gourmand\/#primaryimage","url":"https:\/\/pradineslebas.com\/wp-content\/uploads\/2019\/02\/gift-box-scaled.jpeg","contentUrl":"https:\/\/pradineslebas.com\/wp-content\/uploads\/2019\/02\/gift-box-scaled.jpeg","width":1440,"height":2560},{"@type":"BreadcrumbList","@id":"https:\/\/pradineslebas.com\/fr\/produit\/coffret-cadeau-gourmand\/#breadcrumb","itemListElement":[{"@type":"ListItem","position":1,"name":"Home","item":"https:\/\/pradineslebas.com\/fr\/"},{"@type":"ListItem","position":2,"name":"Shop","item":"https:\/\/pradineslebas.com\/fr\/shop\/"},{"@type":"ListItem","position":3,"name":"COFFRET CADEAU GOURMAND"}]},{"@type":"WebSite","@id":"https:\/\/pradineslebas.com\/#website","url":"https:\/\/pradineslebas.com\/","name":"Pradines Le Bas","description":"Domaine de Pradines le Bas","publisher":{"@id":"https:\/\/pradineslebas.com\/#organization"},"potentialAction":[{"@type":"SearchAction","target":{"@type":"EntryPoint","urlTemplate":"https:\/\/pradineslebas.com\/?s={search_term_string}"},"query-input":{"@type":"PropertyValueSpecification","valueRequired":true,"valueName":"search_term_string"}}],"inLanguage":"fr-FR"},{"@type":"Organization","@id":"https:\/\/pradineslebas.com\/#organization","name":"Pradines le Bas","url":"https:\/\/pradineslebas.com\/","logo":{"@type":"ImageObject","inLanguage":"fr-FR","@id":"https:\/\/pradineslebas.com\/#\/schema\/logo\/image\/","url":"https:\/\/pradineslebas.com\/wp-content\/uploads\/2017\/06\/favicon.jpg","contentUrl":"https:\/\/pradineslebas.com\/wp-content\/uploads\/2017\/06\/favicon.jpg","width":536,"height":536,"caption":"Pradines le Bas"},"image":{"@id":"https:\/\/pradineslebas.com\/#\/schema\/logo\/image\/"},"sameAs":["https:\/\/www.facebook.com\/pradineslebas\/","https:\/\/www.instagram.com\/domaine_pradineslebas\/"]}]}},"_links":{"self":[{"href":"https:\/\/pradineslebas.com\/fr\/wp-json\/wp\/v2\/product\/511","targetHints":{"allow":["GET"]}}],"collection":[{"href":"https:\/\/pradineslebas.com\/fr\/wp-json\/wp\/v2\/product"}],"about":[{"href":"https:\/\/pradineslebas.com\/fr\/wp-json\/wp\/v2\/types\/product"}],"replies":[{"embeddable":true,"href":"https:\/\/pradineslebas.com\/fr\/wp-json\/wp\/v2\/comments?post=511"}],"wp:featuredmedia":[{"embeddable":true,"href":"https:\/\/pradineslebas.com\/fr\/wp-json\/wp\/v2\/media\/846"}],"wp:attachment":[{"href":"https:\/\/pradineslebas.com\/fr\/wp-json\/wp\/v2\/media?parent=511"}],"wp:term":[{"taxonomy":"product_brand","embeddable":true,"href":"https:\/\/pradineslebas.com\/fr\/wp-json\/wp\/v2\/product_brand?post=511"},{"taxonomy":"product_cat","embeddable":true,"href":"https:\/\/pradineslebas.com\/fr\/wp-json\/wp\/v2\/product_cat?post=511"},{"taxonomy":"product_tag","embeddable":true,"href":"https:\/\/pradineslebas.com\/fr\/wp-json\/wp\/v2\/product_tag?post=511"}],"curies":[{"name":"wp","href":"https:\/\/api.w.org\/{rel}","templated":true}]}}