{"id":693,"date":"2020-06-26T04:51:11","date_gmt":"2020-06-26T04:51:11","guid":{"rendered":"https:\/\/pradineslebas.com\/product\/fabien-verschaere-coffret-de-luxe-blow2020\/"},"modified":"2026-02-15T11:48:11","modified_gmt":"2026-02-15T11:48:11","slug":"fabien-verschaere-coffret-de-luxe-blow2020","status":"publish","type":"product","link":"https:\/\/pradineslebas.com\/fr\/produit\/fabien-verschaere-coffret-de-luxe-blow2020\/","title":{"rendered":"Fabien Verschaere:  Coffret de Luxe \u2013 Blow2020"},"content":{"rendered":"<p>S\u00e9rigraphie sur Papier 25x25cm et Livre La g\u00e9ographie du totem<\/p>\n<p>Edition limit\u00e9e de 100 Exemplaires<\/p>\n<p>Sign\u00e9e et num\u00e9rot\u00e9e, tirage de t\u00eate de N\u00b01 \u00e0 15, r\u00e9hauss\u00e9e \u00e0 la main par l\u2019artiste.<\/p>\n","protected":false},"excerpt":{"rendered":"<p>S\u00e9rigraphie sur Papier 25x25cm et Livre La g\u00e9ographie du totem<\/p>\n<p>Edition limit\u00e9e de 100 Exemplaires<\/p>\n<p>Sign\u00e9e et num\u00e9rot\u00e9e, tirage de t\u00eate de N\u00b01 \u00e0 15, r\u00e9hauss\u00e9e \u00e0 la main par l\u2019artiste.<\/p>\n","protected":false},"featured_media":690,"comment_status":"closed","ping_status":"closed","template":"","meta":[],"product_brand":[],"product_cat":[77],"product_tag":[],"class_list":{"0":"post-693","1":"product","2":"type-product","3":"status-publish","4":"has-post-thumbnail","6":"product_cat-catalogue-dartiste","7":"product_shipping_class-catalogue-20","9":"first","10":"instock","11":"taxable","12":"shipping-taxable","13":"purchasable","14":"product-type-simple"},"yoast_head":"<!-- This site is optimized with the Yoast SEO plugin v26.4 - https:\/\/yoast.com\/wordpress\/plugins\/seo\/ -->\n<title>Fabien Verschaere: Coffret de Luxe \u2013 Blow2020 ~ Pradines Le Bas<\/title>\n<meta name=\"robots\" content=\"index, follow, max-snippet:-1, max-image-preview:large, max-video-preview:-1\" \/>\n<link rel=\"canonical\" href=\"https:\/\/pradineslebas.com\/produit\/fabien-verschaere-coffret-de-luxe-blow2020\/\" \/>\n<meta property=\"og:locale\" content=\"fr_FR\" \/>\n<meta property=\"og:type\" content=\"article\" \/>\n<meta property=\"og:title\" content=\"Fabien Verschaere: Coffret de Luxe \u2013 Blow2020 ~ Pradines Le Bas\" \/>\n<meta property=\"og:description\" content=\"S\u00e9rigraphie sur Papier 25x25cm et Livre La g\u00e9ographie du totem  Edition limit\u00e9e de 100 Exemplaires  Sign\u00e9e et num\u00e9rot\u00e9e, tirage de t\u00eate de N\u00b01 \u00e0 15, r\u00e9hauss\u00e9e \u00e0 la main par l\u2019artiste.\" \/>\n<meta property=\"og:url\" content=\"https:\/\/pradineslebas.com\/produit\/fabien-verschaere-coffret-de-luxe-blow2020\/\" \/>\n<meta property=\"og:site_name\" content=\"Pradines Le Bas\" \/>\n<meta property=\"article:publisher\" content=\"https:\/\/www.facebook.com\/pradineslebas\/\" \/>\n<meta property=\"article:modified_time\" content=\"2026-02-15T11:48:11+00:00\" \/>\n<meta property=\"og:image\" content=\"https:\/\/pradineslebas.com\/wp-content\/uploads\/2020\/06\/Coffret_FV_2020_BD.jpg\" \/>\n\t<meta property=\"og:image:width\" content=\"1000\" \/>\n\t<meta property=\"og:image:height\" content=\"689\" \/>\n\t<meta property=\"og:image:type\" content=\"image\/jpeg\" \/>\n<meta name=\"twitter:card\" content=\"summary_large_image\" \/>\n<script type=\"application\/ld+json\" class=\"yoast-schema-graph\">{\"@context\":\"https:\/\/schema.org\",\"@graph\":[{\"@type\":\"WebPage\",\"@id\":\"https:\/\/pradineslebas.com\/produit\/fabien-verschaere-coffret-de-luxe-blow2020\/\",\"url\":\"https:\/\/pradineslebas.com\/produit\/fabien-verschaere-coffret-de-luxe-blow2020\/\",\"name\":\"Fabien Verschaere: Coffret de Luxe \u2013 Blow2020 ~ Pradines Le Bas\",\"isPartOf\":{\"@id\":\"https:\/\/pradineslebas.com\/#website\"},\"primaryImageOfPage\":{\"@id\":\"https:\/\/pradineslebas.com\/produit\/fabien-verschaere-coffret-de-luxe-blow2020\/#primaryimage\"},\"image\":{\"@id\":\"https:\/\/pradineslebas.com\/produit\/fabien-verschaere-coffret-de-luxe-blow2020\/#primaryimage\"},\"thumbnailUrl\":\"https:\/\/pradineslebas.com\/wp-content\/uploads\/2020\/06\/Coffret_FV_2020_BD.jpg\",\"datePublished\":\"2020-06-26T04:51:11+00:00\",\"dateModified\":\"2026-02-15T11:48:11+00:00\",\"breadcrumb\":{\"@id\":\"https:\/\/pradineslebas.com\/produit\/fabien-verschaere-coffret-de-luxe-blow2020\/#breadcrumb\"},\"inLanguage\":\"fr-FR\",\"potentialAction\":[{\"@type\":\"ReadAction\",\"target\":[\"https:\/\/pradineslebas.com\/produit\/fabien-verschaere-coffret-de-luxe-blow2020\/\"]}]},{\"@type\":\"ImageObject\",\"inLanguage\":\"fr-FR\",\"@id\":\"https:\/\/pradineslebas.com\/produit\/fabien-verschaere-coffret-de-luxe-blow2020\/#primaryimage\",\"url\":\"https:\/\/pradineslebas.com\/wp-content\/uploads\/2020\/06\/Coffret_FV_2020_BD.jpg\",\"contentUrl\":\"https:\/\/pradineslebas.com\/wp-content\/uploads\/2020\/06\/Coffret_FV_2020_BD.jpg\",\"width\":1000,\"height\":689},{\"@type\":\"BreadcrumbList\",\"@id\":\"https:\/\/pradineslebas.com\/produit\/fabien-verschaere-coffret-de-luxe-blow2020\/#breadcrumb\",\"itemListElement\":[{\"@type\":\"ListItem\",\"position\":1,\"name\":\"Home\",\"item\":\"https:\/\/pradineslebas.com\/fr\/\"},{\"@type\":\"ListItem\",\"position\":2,\"name\":\"Shop\",\"item\":\"https:\/\/pradineslebas.com\/fr\/shop\/\"},{\"@type\":\"ListItem\",\"position\":3,\"name\":\"Fabien Verschaere: Coffret de Luxe \u2013 Blow2020\"}]},{\"@type\":\"WebSite\",\"@id\":\"https:\/\/pradineslebas.com\/#website\",\"url\":\"https:\/\/pradineslebas.com\/\",\"name\":\"Pradines Le Bas\",\"description\":\"Domaine de Pradines le Bas\",\"publisher\":{\"@id\":\"https:\/\/pradineslebas.com\/#organization\"},\"potentialAction\":[{\"@type\":\"SearchAction\",\"target\":{\"@type\":\"EntryPoint\",\"urlTemplate\":\"https:\/\/pradineslebas.com\/?s={search_term_string}\"},\"query-input\":{\"@type\":\"PropertyValueSpecification\",\"valueRequired\":true,\"valueName\":\"search_term_string\"}}],\"inLanguage\":\"fr-FR\"},{\"@type\":\"Organization\",\"@id\":\"https:\/\/pradineslebas.com\/#organization\",\"name\":\"Pradines le Bas\",\"url\":\"https:\/\/pradineslebas.com\/\",\"logo\":{\"@type\":\"ImageObject\",\"inLanguage\":\"fr-FR\",\"@id\":\"https:\/\/pradineslebas.com\/#\/schema\/logo\/image\/\",\"url\":\"https:\/\/pradineslebas.com\/wp-content\/uploads\/2017\/06\/favicon.jpg\",\"contentUrl\":\"https:\/\/pradineslebas.com\/wp-content\/uploads\/2017\/06\/favicon.jpg\",\"width\":536,\"height\":536,\"caption\":\"Pradines le Bas\"},\"image\":{\"@id\":\"https:\/\/pradineslebas.com\/#\/schema\/logo\/image\/\"},\"sameAs\":[\"https:\/\/www.facebook.com\/pradineslebas\/\",\"https:\/\/www.instagram.com\/domaine_pradineslebas\/\"]}]}<\/script>\n<!-- \/ Yoast SEO plugin. -->","yoast_head_json":{"title":"Fabien Verschaere: Coffret de Luxe \u2013 Blow2020 ~ Pradines Le Bas","robots":{"index":"index","follow":"follow","max-snippet":"max-snippet:-1","max-image-preview":"max-image-preview:large","max-video-preview":"max-video-preview:-1"},"canonical":"https:\/\/pradineslebas.com\/produit\/fabien-verschaere-coffret-de-luxe-blow2020\/","og_locale":"fr_FR","og_type":"article","og_title":"Fabien Verschaere: Coffret de Luxe \u2013 Blow2020 ~ Pradines Le Bas","og_description":"S\u00e9rigraphie sur Papier 25x25cm et Livre La g\u00e9ographie du totem  Edition limit\u00e9e de 100 Exemplaires  Sign\u00e9e et num\u00e9rot\u00e9e, tirage de t\u00eate de N\u00b01 \u00e0 15, r\u00e9hauss\u00e9e \u00e0 la main par l\u2019artiste.","og_url":"https:\/\/pradineslebas.com\/produit\/fabien-verschaere-coffret-de-luxe-blow2020\/","og_site_name":"Pradines Le Bas","article_publisher":"https:\/\/www.facebook.com\/pradineslebas\/","article_modified_time":"2026-02-15T11:48:11+00:00","og_image":[{"width":1000,"height":689,"url":"https:\/\/pradineslebas.com\/wp-content\/uploads\/2020\/06\/Coffret_FV_2020_BD.jpg","type":"image\/jpeg"}],"twitter_card":"summary_large_image","schema":{"@context":"https:\/\/schema.org","@graph":[{"@type":"WebPage","@id":"https:\/\/pradineslebas.com\/produit\/fabien-verschaere-coffret-de-luxe-blow2020\/","url":"https:\/\/pradineslebas.com\/produit\/fabien-verschaere-coffret-de-luxe-blow2020\/","name":"Fabien Verschaere: Coffret de Luxe \u2013 Blow2020 ~ Pradines Le Bas","isPartOf":{"@id":"https:\/\/pradineslebas.com\/#website"},"primaryImageOfPage":{"@id":"https:\/\/pradineslebas.com\/produit\/fabien-verschaere-coffret-de-luxe-blow2020\/#primaryimage"},"image":{"@id":"https:\/\/pradineslebas.com\/produit\/fabien-verschaere-coffret-de-luxe-blow2020\/#primaryimage"},"thumbnailUrl":"https:\/\/pradineslebas.com\/wp-content\/uploads\/2020\/06\/Coffret_FV_2020_BD.jpg","datePublished":"2020-06-26T04:51:11+00:00","dateModified":"2026-02-15T11:48:11+00:00","breadcrumb":{"@id":"https:\/\/pradineslebas.com\/produit\/fabien-verschaere-coffret-de-luxe-blow2020\/#breadcrumb"},"inLanguage":"fr-FR","potentialAction":[{"@type":"ReadAction","target":["https:\/\/pradineslebas.com\/produit\/fabien-verschaere-coffret-de-luxe-blow2020\/"]}]},{"@type":"ImageObject","inLanguage":"fr-FR","@id":"https:\/\/pradineslebas.com\/produit\/fabien-verschaere-coffret-de-luxe-blow2020\/#primaryimage","url":"https:\/\/pradineslebas.com\/wp-content\/uploads\/2020\/06\/Coffret_FV_2020_BD.jpg","contentUrl":"https:\/\/pradineslebas.com\/wp-content\/uploads\/2020\/06\/Coffret_FV_2020_BD.jpg","width":1000,"height":689},{"@type":"BreadcrumbList","@id":"https:\/\/pradineslebas.com\/produit\/fabien-verschaere-coffret-de-luxe-blow2020\/#breadcrumb","itemListElement":[{"@type":"ListItem","position":1,"name":"Home","item":"https:\/\/pradineslebas.com\/fr\/"},{"@type":"ListItem","position":2,"name":"Shop","item":"https:\/\/pradineslebas.com\/fr\/shop\/"},{"@type":"ListItem","position":3,"name":"Fabien Verschaere: Coffret de Luxe \u2013 Blow2020"}]},{"@type":"WebSite","@id":"https:\/\/pradineslebas.com\/#website","url":"https:\/\/pradineslebas.com\/","name":"Pradines Le Bas","description":"Domaine de Pradines le Bas","publisher":{"@id":"https:\/\/pradineslebas.com\/#organization"},"potentialAction":[{"@type":"SearchAction","target":{"@type":"EntryPoint","urlTemplate":"https:\/\/pradineslebas.com\/?s={search_term_string}"},"query-input":{"@type":"PropertyValueSpecification","valueRequired":true,"valueName":"search_term_string"}}],"inLanguage":"fr-FR"},{"@type":"Organization","@id":"https:\/\/pradineslebas.com\/#organization","name":"Pradines le Bas","url":"https:\/\/pradineslebas.com\/","logo":{"@type":"ImageObject","inLanguage":"fr-FR","@id":"https:\/\/pradineslebas.com\/#\/schema\/logo\/image\/","url":"https:\/\/pradineslebas.com\/wp-content\/uploads\/2017\/06\/favicon.jpg","contentUrl":"https:\/\/pradineslebas.com\/wp-content\/uploads\/2017\/06\/favicon.jpg","width":536,"height":536,"caption":"Pradines le Bas"},"image":{"@id":"https:\/\/pradineslebas.com\/#\/schema\/logo\/image\/"},"sameAs":["https:\/\/www.facebook.com\/pradineslebas\/","https:\/\/www.instagram.com\/domaine_pradineslebas\/"]}]}},"_links":{"self":[{"href":"https:\/\/pradineslebas.com\/fr\/wp-json\/wp\/v2\/product\/693","targetHints":{"allow":["GET"]}}],"collection":[{"href":"https:\/\/pradineslebas.com\/fr\/wp-json\/wp\/v2\/product"}],"about":[{"href":"https:\/\/pradineslebas.com\/fr\/wp-json\/wp\/v2\/types\/product"}],"replies":[{"embeddable":true,"href":"https:\/\/pradineslebas.com\/fr\/wp-json\/wp\/v2\/comments?post=693"}],"wp:featuredmedia":[{"embeddable":true,"href":"https:\/\/pradineslebas.com\/fr\/wp-json\/wp\/v2\/media\/690"}],"wp:attachment":[{"href":"https:\/\/pradineslebas.com\/fr\/wp-json\/wp\/v2\/media?parent=693"}],"wp:term":[{"taxonomy":"product_brand","embeddable":true,"href":"https:\/\/pradineslebas.com\/fr\/wp-json\/wp\/v2\/product_brand?post=693"},{"taxonomy":"product_cat","embeddable":true,"href":"https:\/\/pradineslebas.com\/fr\/wp-json\/wp\/v2\/product_cat?post=693"},{"taxonomy":"product_tag","embeddable":true,"href":"https:\/\/pradineslebas.com\/fr\/wp-json\/wp\/v2\/product_tag?post=693"}],"curies":[{"name":"wp","href":"https:\/\/api.w.org\/{rel}","templated":true}]}}